{"id":45447,"date":"2024-07-18T17:38:03","date_gmt":"2024-07-18T16:38:03","guid":{"rendered":"https:\/\/www.churchill1795.com\/?post_type=product&#038;p=45447"},"modified":"2026-03-30T15:28:53","modified_gmt":"2026-03-30T14:28:53","slug":"natural-teller-16-5cm-2","status":"publish","type":"product","link":"https:\/\/www.churchill1795.com\/de\/produkt\/natural-teller-16-5cm-2\/","title":{"rendered":"NATURAL TELLER 16.5CM"},"content":{"rendered":"<p>Erosion ist eine Innovation in Bezug auf Formgebung und Muster, die durch bahnbrechende Technologie erm\u00f6glicht wurde. Die Serie entspricht dem Ethos von Churchill, eine bessere Zukunft zu konzipieren und zu gestalten. Das Design von Erosion verf\u00fcgt \u00fcber ein texturiertes Muster, das an nat\u00fcrliche Landschaften erinnert und sich perfekt f\u00fcr die Pr\u00e4sentation von frischen Zutaten eignet.<\/p>\n","protected":false},"excerpt":{"rendered":"<p>Das Design von Erosion weist ein strukturiertes Muster auf, das an nat\u00fcrliche Landschaften erinnert. Die Geschirrserie eignet sich ideal f\u00fcr das Servieren von frischen und nat\u00fcrlichen Speisenkreationen, aller Richtungen. Die Herstellung von Erosion basiert auf einer neuen bahnbrechenden Technologie, die es erm\u00f6glicht, au\u00dfergew\u00f6hnliche Gestaltung von Formen und Mustern umzusetzen. Die nachhaltige Produktion dieser Kollektion entspricht Churchills Einstellung zu den Bed\u00fcrfnissen der Gegenwart dem Bestreben verantwortlich zu produzieren.<\/p>\n","protected":false},"featured_media":9368,"template":"","meta":{"_acf_changed":false,"content-type":""},"product_brand":[],"product_cat":[3602,3597],"product_tag":[],"class_list":{"0":"post-45447","1":"product","2":"type-product","3":"status-publish","4":"has-post-thumbnail","6":"product_cat-etwas-besonders","7":"product_cat-teller","8":"pa_colour-sand-de","9":"pa_filter-colour-grun","10":"pa_filter-material-keramik","11":"pa_filter-width-15-20cm-6-8-de","12":"pa_material-churchill-super-vitrified-de","13":"pa_shape-rund","14":"pa_size-16-5cm-6-1-2-de","15":"range-inked-erosion","16":"brand-emerge","17":"tabletop-pastels-de","18":"tabletop-serene-shades-de","19":"shape-code-po171","21":"first","22":"instock","23":"purchasable","24":"product-type-simple","25":"add-to-wishlist-after_add_to_cart"},"acf":[],"yoast_head":"<!-- This site is optimized with the Yoast SEO plugin v27.3 - https:\/\/yoast.com\/product\/yoast-seo-wordpress\/ -->\n<title>Churchill Envisage Erosion Natural Sand Teller 16.5cm<\/title>\n<meta name=\"description\" content=\"Eine Erkundung des Formdesigns. Nat\u00fcrliche Farben und Effekte f\u00fcr eine vision\u00e4re Speisenpr\u00e4sentation. F\u00fcr den professionellen Einsatz geeignet.\" \/>\n<meta name=\"robots\" content=\"index, follow, max-snippet:-1, max-image-preview:large, max-video-preview:-1\" \/>\n<link rel=\"canonical\" href=\"https:\/\/www.churchill1795.com\/de\/produkt\/natural-teller-16-5cm-2\/\" \/>\n<meta property=\"og:locale\" content=\"de_DE\" \/>\n<meta property=\"og:type\" content=\"article\" \/>\n<meta property=\"og:title\" content=\"Churchill Envisage Erosion Natural Sand Teller 16.5cm\" \/>\n<meta property=\"og:description\" content=\"Eine Erkundung des Formdesigns. Nat\u00fcrliche Farben und Effekte f\u00fcr eine vision\u00e4re Speisenpr\u00e4sentation. F\u00fcr den professionellen Einsatz geeignet.\" \/>\n<meta property=\"og:url\" content=\"https:\/\/www.churchill1795.com\/de\/produkt\/natural-teller-16-5cm-2\/\" \/>\n<meta property=\"og:site_name\" content=\"Churchill\" \/>\n<meta property=\"article:modified_time\" content=\"2026-03-30T14:28:53+00:00\" \/>\n<meta property=\"og:image\" content=\"https:\/\/www.churchill1795.com\/wp-content\/uploads\/2024\/05\/EROSPO171.png\" \/>\n\t<meta property=\"og:image:width\" content=\"1000\" \/>\n\t<meta property=\"og:image:height\" content=\"1000\" \/>\n\t<meta property=\"og:image:type\" content=\"image\/png\" \/>\n<meta name=\"twitter:card\" content=\"summary_large_image\" \/>\n<meta name=\"twitter:label1\" content=\"Gesch\u00e4tzte Lesezeit\" \/>\n\t<meta name=\"twitter:data1\" content=\"1\u00a0Minute\" \/>\n<script type=\"application\/ld+json\" class=\"yoast-schema-graph\">{\"@context\":\"https:\\\/\\\/schema.org\",\"@graph\":[{\"@type\":\"WebPage\",\"@id\":\"https:\\\/\\\/www.churchill1795.com\\\/de\\\/produkt\\\/natural-teller-16-5cm-2\\\/\",\"url\":\"https:\\\/\\\/www.churchill1795.com\\\/de\\\/produkt\\\/natural-teller-16-5cm-2\\\/\",\"name\":\"Churchill Envisage Erosion Natural Sand Teller 16.5cm\",\"isPartOf\":{\"@id\":\"https:\\\/\\\/www.churchill1795.com\\\/en\\\/#website\"},\"primaryImageOfPage\":{\"@id\":\"https:\\\/\\\/www.churchill1795.com\\\/de\\\/produkt\\\/natural-teller-16-5cm-2\\\/#primaryimage\"},\"image\":{\"@id\":\"https:\\\/\\\/www.churchill1795.com\\\/de\\\/produkt\\\/natural-teller-16-5cm-2\\\/#primaryimage\"},\"thumbnailUrl\":\"https:\\\/\\\/www.churchill1795.com\\\/wp-content\\\/uploads\\\/2024\\\/05\\\/EROSPO171.png\",\"datePublished\":\"2024-07-18T16:38:03+00:00\",\"dateModified\":\"2026-03-30T14:28:53+00:00\",\"description\":\"Eine Erkundung des Formdesigns. Nat\u00fcrliche Farben und Effekte f\u00fcr eine vision\u00e4re Speisenpr\u00e4sentation. F\u00fcr den professionellen Einsatz geeignet.\",\"breadcrumb\":{\"@id\":\"https:\\\/\\\/www.churchill1795.com\\\/de\\\/produkt\\\/natural-teller-16-5cm-2\\\/#breadcrumb\"},\"inLanguage\":\"de\",\"potentialAction\":[{\"@type\":\"ReadAction\",\"target\":[\"https:\\\/\\\/www.churchill1795.com\\\/de\\\/produkt\\\/natural-teller-16-5cm-2\\\/\"]}]},{\"@type\":\"ImageObject\",\"inLanguage\":\"de\",\"@id\":\"https:\\\/\\\/www.churchill1795.com\\\/de\\\/produkt\\\/natural-teller-16-5cm-2\\\/#primaryimage\",\"url\":\"https:\\\/\\\/www.churchill1795.com\\\/wp-content\\\/uploads\\\/2024\\\/05\\\/EROSPO171.png\",\"contentUrl\":\"https:\\\/\\\/www.churchill1795.com\\\/wp-content\\\/uploads\\\/2024\\\/05\\\/EROSPO171.png\",\"width\":1000,\"height\":1000},{\"@type\":\"BreadcrumbList\",\"@id\":\"https:\\\/\\\/www.churchill1795.com\\\/de\\\/produkt\\\/natural-teller-16-5cm-2\\\/#breadcrumb\",\"itemListElement\":[{\"@type\":\"ListItem\",\"position\":1,\"name\":\"Home\",\"item\":\"https:\\\/\\\/www.churchill1795.com\\\/de\\\/\"},{\"@type\":\"ListItem\",\"position\":2,\"name\":\"NATURAL TELLER 16.5CM\"}]},{\"@type\":\"WebSite\",\"@id\":\"https:\\\/\\\/www.churchill1795.com\\\/en\\\/#website\",\"url\":\"https:\\\/\\\/www.churchill1795.com\\\/en\\\/\",\"name\":\"Churchill\",\"description\":\"Innovation, Passion &amp; expertise\",\"publisher\":{\"@id\":\"https:\\\/\\\/www.churchill1795.com\\\/en\\\/#organization\"},\"potentialAction\":[{\"@type\":\"SearchAction\",\"target\":{\"@type\":\"EntryPoint\",\"urlTemplate\":\"https:\\\/\\\/www.churchill1795.com\\\/en\\\/?s={search_term_string}\"},\"query-input\":{\"@type\":\"PropertyValueSpecification\",\"valueRequired\":true,\"valueName\":\"search_term_string\"}}],\"inLanguage\":\"de\"},{\"@type\":\"Organization\",\"@id\":\"https:\\\/\\\/www.churchill1795.com\\\/en\\\/#organization\",\"name\":\"Churchill\",\"url\":\"https:\\\/\\\/www.churchill1795.com\\\/en\\\/\",\"logo\":{\"@type\":\"ImageObject\",\"inLanguage\":\"de\",\"@id\":\"https:\\\/\\\/www.churchill1795.com\\\/en\\\/#\\\/schema\\\/logo\\\/image\\\/\",\"url\":\"https:\\\/\\\/www.churchill1795.com\\\/wp-content\\\/uploads\\\/2024\\\/09\\\/logo-1.webp\",\"contentUrl\":\"https:\\\/\\\/www.churchill1795.com\\\/wp-content\\\/uploads\\\/2024\\\/09\\\/logo-1.webp\",\"width\":240,\"height\":88,\"caption\":\"Churchill\"},\"image\":{\"@id\":\"https:\\\/\\\/www.churchill1795.com\\\/en\\\/#\\\/schema\\\/logo\\\/image\\\/\"}}]}<\/script>\n<!-- \/ Yoast SEO plugin. -->","yoast_head_json":{"title":"Churchill Envisage Erosion Natural Sand Teller 16.5cm","description":"Eine Erkundung des Formdesigns. Nat\u00fcrliche Farben und Effekte f\u00fcr eine vision\u00e4re Speisenpr\u00e4sentation. F\u00fcr den professionellen Einsatz geeignet.","robots":{"index":"index","follow":"follow","max-snippet":"max-snippet:-1","max-image-preview":"max-image-preview:large","max-video-preview":"max-video-preview:-1"},"canonical":"https:\/\/www.churchill1795.com\/de\/produkt\/natural-teller-16-5cm-2\/","og_locale":"de_DE","og_type":"article","og_title":"Churchill Envisage Erosion Natural Sand Teller 16.5cm","og_description":"Eine Erkundung des Formdesigns. Nat\u00fcrliche Farben und Effekte f\u00fcr eine vision\u00e4re Speisenpr\u00e4sentation. F\u00fcr den professionellen Einsatz geeignet.","og_url":"https:\/\/www.churchill1795.com\/de\/produkt\/natural-teller-16-5cm-2\/","og_site_name":"Churchill","article_modified_time":"2026-03-30T14:28:53+00:00","og_image":[{"width":1000,"height":1000,"url":"https:\/\/www.churchill1795.com\/wp-content\/uploads\/2024\/05\/EROSPO171.png","type":"image\/png"}],"twitter_card":"summary_large_image","twitter_misc":{"Gesch\u00e4tzte Lesezeit":"1\u00a0Minute"},"schema":{"@context":"https:\/\/schema.org","@graph":[{"@type":"WebPage","@id":"https:\/\/www.churchill1795.com\/de\/produkt\/natural-teller-16-5cm-2\/","url":"https:\/\/www.churchill1795.com\/de\/produkt\/natural-teller-16-5cm-2\/","name":"Churchill Envisage Erosion Natural Sand Teller 16.5cm","isPartOf":{"@id":"https:\/\/www.churchill1795.com\/en\/#website"},"primaryImageOfPage":{"@id":"https:\/\/www.churchill1795.com\/de\/produkt\/natural-teller-16-5cm-2\/#primaryimage"},"image":{"@id":"https:\/\/www.churchill1795.com\/de\/produkt\/natural-teller-16-5cm-2\/#primaryimage"},"thumbnailUrl":"https:\/\/www.churchill1795.com\/wp-content\/uploads\/2024\/05\/EROSPO171.png","datePublished":"2024-07-18T16:38:03+00:00","dateModified":"2026-03-30T14:28:53+00:00","description":"Eine Erkundung des Formdesigns. Nat\u00fcrliche Farben und Effekte f\u00fcr eine vision\u00e4re Speisenpr\u00e4sentation. F\u00fcr den professionellen Einsatz geeignet.","breadcrumb":{"@id":"https:\/\/www.churchill1795.com\/de\/produkt\/natural-teller-16-5cm-2\/#breadcrumb"},"inLanguage":"de","potentialAction":[{"@type":"ReadAction","target":["https:\/\/www.churchill1795.com\/de\/produkt\/natural-teller-16-5cm-2\/"]}]},{"@type":"ImageObject","inLanguage":"de","@id":"https:\/\/www.churchill1795.com\/de\/produkt\/natural-teller-16-5cm-2\/#primaryimage","url":"https:\/\/www.churchill1795.com\/wp-content\/uploads\/2024\/05\/EROSPO171.png","contentUrl":"https:\/\/www.churchill1795.com\/wp-content\/uploads\/2024\/05\/EROSPO171.png","width":1000,"height":1000},{"@type":"BreadcrumbList","@id":"https:\/\/www.churchill1795.com\/de\/produkt\/natural-teller-16-5cm-2\/#breadcrumb","itemListElement":[{"@type":"ListItem","position":1,"name":"Home","item":"https:\/\/www.churchill1795.com\/de\/"},{"@type":"ListItem","position":2,"name":"NATURAL TELLER 16.5CM"}]},{"@type":"WebSite","@id":"https:\/\/www.churchill1795.com\/en\/#website","url":"https:\/\/www.churchill1795.com\/en\/","name":"Churchill","description":"Innovation, Passion &amp; expertise","publisher":{"@id":"https:\/\/www.churchill1795.com\/en\/#organization"},"potentialAction":[{"@type":"SearchAction","target":{"@type":"EntryPoint","urlTemplate":"https:\/\/www.churchill1795.com\/en\/?s={search_term_string}"},"query-input":{"@type":"PropertyValueSpecification","valueRequired":true,"valueName":"search_term_string"}}],"inLanguage":"de"},{"@type":"Organization","@id":"https:\/\/www.churchill1795.com\/en\/#organization","name":"Churchill","url":"https:\/\/www.churchill1795.com\/en\/","logo":{"@type":"ImageObject","inLanguage":"de","@id":"https:\/\/www.churchill1795.com\/en\/#\/schema\/logo\/image\/","url":"https:\/\/www.churchill1795.com\/wp-content\/uploads\/2024\/09\/logo-1.webp","contentUrl":"https:\/\/www.churchill1795.com\/wp-content\/uploads\/2024\/09\/logo-1.webp","width":240,"height":88,"caption":"Churchill"},"image":{"@id":"https:\/\/www.churchill1795.com\/en\/#\/schema\/logo\/image\/"}}]}},"_links":{"self":[{"href":"https:\/\/www.churchill1795.com\/de\/wp-json\/wp\/v2\/product\/45447","targetHints":{"allow":["GET"]}}],"collection":[{"href":"https:\/\/www.churchill1795.com\/de\/wp-json\/wp\/v2\/product"}],"about":[{"href":"https:\/\/www.churchill1795.com\/de\/wp-json\/wp\/v2\/types\/product"}],"wp:featuredmedia":[{"embeddable":true,"href":"https:\/\/www.churchill1795.com\/de\/wp-json\/wp\/v2\/media\/9368"}],"wp:attachment":[{"href":"https:\/\/www.churchill1795.com\/de\/wp-json\/wp\/v2\/media?parent=45447"}],"wp:term":[{"taxonomy":"product_brand","embeddable":true,"href":"https:\/\/www.churchill1795.com\/de\/wp-json\/wp\/v2\/product_brand?post=45447"},{"taxonomy":"product_cat","embeddable":true,"href":"https:\/\/www.churchill1795.com\/de\/wp-json\/wp\/v2\/product_cat?post=45447"},{"taxonomy":"product_tag","embeddable":true,"href":"https:\/\/www.churchill1795.com\/de\/wp-json\/wp\/v2\/product_tag?post=45447"}],"curies":[{"name":"wp","href":"https:\/\/api.w.org\/{rel}","templated":true}]}}