{"id":45385,"date":"2020-09-01T00:00:00","date_gmt":"2020-08-31T23:00:00","guid":{"rendered":"https:\/\/www.churchill1795.com\/?post_type=product&#038;p=45385"},"modified":"2026-03-30T15:27:34","modified_gmt":"2026-03-30T14:27:34","slug":"pommes-frites-behaelter-8-6cm-2","status":"publish","type":"product","link":"https:\/\/www.churchill1795.com\/de\/produkt\/pommes-frites-behaelter-8-6cm-2\/","title":{"rendered":"POMMES-FRITES-BEH\u00c4LTER 8.6CM"},"content":{"rendered":"<p>Emerge ist eine Serie stilvollen Geschirrs mit handwerklich gefertigten Glasuren in einer Mischung aus Tradition und Innovation. Das Aussehen von Studiot\u00f6pferware entsteht durch die Glasur und einen exponierten Boden in den erdigen Churchill Emerge-Farben.<\/p>\n","protected":false},"excerpt":{"rendered":"<p>Emerge ist eine stilvolle Geschirrkollektion, die mit Effektglasuren im Handwerksstil verziert wurde. Eine Mischung aus Tradition und Innovation.<\/p>\n","protected":false},"featured_media":9488,"template":"","meta":{"_acf_changed":false,"content-type":""},"product_brand":[],"product_cat":[3596],"product_tag":[],"class_list":{"0":"post-45385","1":"product","2":"type-product","3":"status-publish","4":"has-post-thumbnail","6":"product_cat-dipbecher-und-seitenplatten","7":"pa_colour-cinnamon-brown-de","8":"pa_filter-capacity-31-60cl-10-4-20-2oz-de","9":"pa_filter-colour-braun-de","10":"pa_filter-material-keramik","11":"pa_filter-width-1-9cm-0-3-3-5-de","12":"pa_material-vitrified-stoneware-de","13":"pa_shape-rund","14":"pa_size-8-6cm-3-3-de","15":"range-emerge","16":"brand-emerge","17":"tabletop-botanicals-de","18":"tabletop-earthy-naturals-de","19":"shape-code-em111","21":"first","22":"instock","23":"purchasable","24":"product-type-simple","25":"add-to-wishlist-after_add_to_cart"},"acf":[],"yoast_head":"<!-- This site is optimized with the Yoast SEO plugin v27.3 - https:\/\/yoast.com\/product\/yoast-seo-wordpress\/ -->\n<title>Churchill Emerge Cinnamon Brown Pommes-Frites-Beh\u00e4lter 8.6cm<\/title>\n<meta name=\"description\" content=\"Dekoriert mit handwerklichen Glasuren. F\u00fcr den professionellen Einsatz hergestellt, f\u00fcr die Leistung entwickelt und f\u00fcr die Festigkeit glasiert.\" \/>\n<meta name=\"robots\" content=\"index, follow, max-snippet:-1, max-image-preview:large, max-video-preview:-1\" \/>\n<link rel=\"canonical\" href=\"https:\/\/www.churchill1795.com\/de\/produkt\/pommes-frites-behaelter-8-6cm-2\/\" \/>\n<meta property=\"og:locale\" content=\"de_DE\" \/>\n<meta property=\"og:type\" content=\"article\" \/>\n<meta property=\"og:title\" content=\"Churchill Emerge Cinnamon Brown Pommes-Frites-Beh\u00e4lter 8.6cm\" \/>\n<meta property=\"og:description\" content=\"Dekoriert mit handwerklichen Glasuren. F\u00fcr den professionellen Einsatz hergestellt, f\u00fcr die Leistung entwickelt und f\u00fcr die Festigkeit glasiert.\" \/>\n<meta property=\"og:url\" content=\"https:\/\/www.churchill1795.com\/de\/produkt\/pommes-frites-behaelter-8-6cm-2\/\" \/>\n<meta property=\"og:site_name\" content=\"Churchill\" \/>\n<meta property=\"article:modified_time\" content=\"2026-03-30T14:27:34+00:00\" \/>\n<meta property=\"og:image\" content=\"https:\/\/www.churchill1795.com\/wp-content\/uploads\/2024\/05\/EMBREM111.png\" \/>\n\t<meta property=\"og:image:width\" content=\"1000\" \/>\n\t<meta property=\"og:image:height\" content=\"1000\" \/>\n\t<meta property=\"og:image:type\" content=\"image\/png\" \/>\n<meta name=\"twitter:card\" content=\"summary_large_image\" \/>\n<script type=\"application\/ld+json\" class=\"yoast-schema-graph\">{\"@context\":\"https:\\\/\\\/schema.org\",\"@graph\":[{\"@type\":\"WebPage\",\"@id\":\"https:\\\/\\\/www.churchill1795.com\\\/de\\\/produkt\\\/pommes-frites-behaelter-8-6cm-2\\\/\",\"url\":\"https:\\\/\\\/www.churchill1795.com\\\/de\\\/produkt\\\/pommes-frites-behaelter-8-6cm-2\\\/\",\"name\":\"Churchill Emerge Cinnamon Brown Pommes-Frites-Beh\u00e4lter 8.6cm\",\"isPartOf\":{\"@id\":\"https:\\\/\\\/www.churchill1795.com\\\/en\\\/#website\"},\"primaryImageOfPage\":{\"@id\":\"https:\\\/\\\/www.churchill1795.com\\\/de\\\/produkt\\\/pommes-frites-behaelter-8-6cm-2\\\/#primaryimage\"},\"image\":{\"@id\":\"https:\\\/\\\/www.churchill1795.com\\\/de\\\/produkt\\\/pommes-frites-behaelter-8-6cm-2\\\/#primaryimage\"},\"thumbnailUrl\":\"https:\\\/\\\/www.churchill1795.com\\\/wp-content\\\/uploads\\\/2024\\\/05\\\/EMBREM111.png\",\"datePublished\":\"2020-08-31T23:00:00+00:00\",\"dateModified\":\"2026-03-30T14:27:34+00:00\",\"description\":\"Dekoriert mit handwerklichen Glasuren. F\u00fcr den professionellen Einsatz hergestellt, f\u00fcr die Leistung entwickelt und f\u00fcr die Festigkeit glasiert.\",\"breadcrumb\":{\"@id\":\"https:\\\/\\\/www.churchill1795.com\\\/de\\\/produkt\\\/pommes-frites-behaelter-8-6cm-2\\\/#breadcrumb\"},\"inLanguage\":\"de\",\"potentialAction\":[{\"@type\":\"ReadAction\",\"target\":[\"https:\\\/\\\/www.churchill1795.com\\\/de\\\/produkt\\\/pommes-frites-behaelter-8-6cm-2\\\/\"]}]},{\"@type\":\"ImageObject\",\"inLanguage\":\"de\",\"@id\":\"https:\\\/\\\/www.churchill1795.com\\\/de\\\/produkt\\\/pommes-frites-behaelter-8-6cm-2\\\/#primaryimage\",\"url\":\"https:\\\/\\\/www.churchill1795.com\\\/wp-content\\\/uploads\\\/2024\\\/05\\\/EMBREM111.png\",\"contentUrl\":\"https:\\\/\\\/www.churchill1795.com\\\/wp-content\\\/uploads\\\/2024\\\/05\\\/EMBREM111.png\",\"width\":1000,\"height\":1000},{\"@type\":\"BreadcrumbList\",\"@id\":\"https:\\\/\\\/www.churchill1795.com\\\/de\\\/produkt\\\/pommes-frites-behaelter-8-6cm-2\\\/#breadcrumb\",\"itemListElement\":[{\"@type\":\"ListItem\",\"position\":1,\"name\":\"Home\",\"item\":\"https:\\\/\\\/www.churchill1795.com\\\/de\\\/\"},{\"@type\":\"ListItem\",\"position\":2,\"name\":\"POMMES-FRITES-BEH\u00c4LTER 8.6CM\"}]},{\"@type\":\"WebSite\",\"@id\":\"https:\\\/\\\/www.churchill1795.com\\\/en\\\/#website\",\"url\":\"https:\\\/\\\/www.churchill1795.com\\\/en\\\/\",\"name\":\"Churchill\",\"description\":\"Innovation, Passion &amp; expertise\",\"publisher\":{\"@id\":\"https:\\\/\\\/www.churchill1795.com\\\/en\\\/#organization\"},\"potentialAction\":[{\"@type\":\"SearchAction\",\"target\":{\"@type\":\"EntryPoint\",\"urlTemplate\":\"https:\\\/\\\/www.churchill1795.com\\\/en\\\/?s={search_term_string}\"},\"query-input\":{\"@type\":\"PropertyValueSpecification\",\"valueRequired\":true,\"valueName\":\"search_term_string\"}}],\"inLanguage\":\"de\"},{\"@type\":\"Organization\",\"@id\":\"https:\\\/\\\/www.churchill1795.com\\\/en\\\/#organization\",\"name\":\"Churchill\",\"url\":\"https:\\\/\\\/www.churchill1795.com\\\/en\\\/\",\"logo\":{\"@type\":\"ImageObject\",\"inLanguage\":\"de\",\"@id\":\"https:\\\/\\\/www.churchill1795.com\\\/en\\\/#\\\/schema\\\/logo\\\/image\\\/\",\"url\":\"https:\\\/\\\/www.churchill1795.com\\\/wp-content\\\/uploads\\\/2024\\\/09\\\/logo-1.webp\",\"contentUrl\":\"https:\\\/\\\/www.churchill1795.com\\\/wp-content\\\/uploads\\\/2024\\\/09\\\/logo-1.webp\",\"width\":240,\"height\":88,\"caption\":\"Churchill\"},\"image\":{\"@id\":\"https:\\\/\\\/www.churchill1795.com\\\/en\\\/#\\\/schema\\\/logo\\\/image\\\/\"}}]}<\/script>\n<!-- \/ Yoast SEO plugin. -->","yoast_head_json":{"title":"Churchill Emerge Cinnamon Brown Pommes-Frites-Beh\u00e4lter 8.6cm","description":"Dekoriert mit handwerklichen Glasuren. F\u00fcr den professionellen Einsatz hergestellt, f\u00fcr die Leistung entwickelt und f\u00fcr die Festigkeit glasiert.","robots":{"index":"index","follow":"follow","max-snippet":"max-snippet:-1","max-image-preview":"max-image-preview:large","max-video-preview":"max-video-preview:-1"},"canonical":"https:\/\/www.churchill1795.com\/de\/produkt\/pommes-frites-behaelter-8-6cm-2\/","og_locale":"de_DE","og_type":"article","og_title":"Churchill Emerge Cinnamon Brown Pommes-Frites-Beh\u00e4lter 8.6cm","og_description":"Dekoriert mit handwerklichen Glasuren. F\u00fcr den professionellen Einsatz hergestellt, f\u00fcr die Leistung entwickelt und f\u00fcr die Festigkeit glasiert.","og_url":"https:\/\/www.churchill1795.com\/de\/produkt\/pommes-frites-behaelter-8-6cm-2\/","og_site_name":"Churchill","article_modified_time":"2026-03-30T14:27:34+00:00","og_image":[{"width":1000,"height":1000,"url":"https:\/\/www.churchill1795.com\/wp-content\/uploads\/2024\/05\/EMBREM111.png","type":"image\/png"}],"twitter_card":"summary_large_image","schema":{"@context":"https:\/\/schema.org","@graph":[{"@type":"WebPage","@id":"https:\/\/www.churchill1795.com\/de\/produkt\/pommes-frites-behaelter-8-6cm-2\/","url":"https:\/\/www.churchill1795.com\/de\/produkt\/pommes-frites-behaelter-8-6cm-2\/","name":"Churchill Emerge Cinnamon Brown Pommes-Frites-Beh\u00e4lter 8.6cm","isPartOf":{"@id":"https:\/\/www.churchill1795.com\/en\/#website"},"primaryImageOfPage":{"@id":"https:\/\/www.churchill1795.com\/de\/produkt\/pommes-frites-behaelter-8-6cm-2\/#primaryimage"},"image":{"@id":"https:\/\/www.churchill1795.com\/de\/produkt\/pommes-frites-behaelter-8-6cm-2\/#primaryimage"},"thumbnailUrl":"https:\/\/www.churchill1795.com\/wp-content\/uploads\/2024\/05\/EMBREM111.png","datePublished":"2020-08-31T23:00:00+00:00","dateModified":"2026-03-30T14:27:34+00:00","description":"Dekoriert mit handwerklichen Glasuren. F\u00fcr den professionellen Einsatz hergestellt, f\u00fcr die Leistung entwickelt und f\u00fcr die Festigkeit glasiert.","breadcrumb":{"@id":"https:\/\/www.churchill1795.com\/de\/produkt\/pommes-frites-behaelter-8-6cm-2\/#breadcrumb"},"inLanguage":"de","potentialAction":[{"@type":"ReadAction","target":["https:\/\/www.churchill1795.com\/de\/produkt\/pommes-frites-behaelter-8-6cm-2\/"]}]},{"@type":"ImageObject","inLanguage":"de","@id":"https:\/\/www.churchill1795.com\/de\/produkt\/pommes-frites-behaelter-8-6cm-2\/#primaryimage","url":"https:\/\/www.churchill1795.com\/wp-content\/uploads\/2024\/05\/EMBREM111.png","contentUrl":"https:\/\/www.churchill1795.com\/wp-content\/uploads\/2024\/05\/EMBREM111.png","width":1000,"height":1000},{"@type":"BreadcrumbList","@id":"https:\/\/www.churchill1795.com\/de\/produkt\/pommes-frites-behaelter-8-6cm-2\/#breadcrumb","itemListElement":[{"@type":"ListItem","position":1,"name":"Home","item":"https:\/\/www.churchill1795.com\/de\/"},{"@type":"ListItem","position":2,"name":"POMMES-FRITES-BEH\u00c4LTER 8.6CM"}]},{"@type":"WebSite","@id":"https:\/\/www.churchill1795.com\/en\/#website","url":"https:\/\/www.churchill1795.com\/en\/","name":"Churchill","description":"Innovation, Passion &amp; expertise","publisher":{"@id":"https:\/\/www.churchill1795.com\/en\/#organization"},"potentialAction":[{"@type":"SearchAction","target":{"@type":"EntryPoint","urlTemplate":"https:\/\/www.churchill1795.com\/en\/?s={search_term_string}"},"query-input":{"@type":"PropertyValueSpecification","valueRequired":true,"valueName":"search_term_string"}}],"inLanguage":"de"},{"@type":"Organization","@id":"https:\/\/www.churchill1795.com\/en\/#organization","name":"Churchill","url":"https:\/\/www.churchill1795.com\/en\/","logo":{"@type":"ImageObject","inLanguage":"de","@id":"https:\/\/www.churchill1795.com\/en\/#\/schema\/logo\/image\/","url":"https:\/\/www.churchill1795.com\/wp-content\/uploads\/2024\/09\/logo-1.webp","contentUrl":"https:\/\/www.churchill1795.com\/wp-content\/uploads\/2024\/09\/logo-1.webp","width":240,"height":88,"caption":"Churchill"},"image":{"@id":"https:\/\/www.churchill1795.com\/en\/#\/schema\/logo\/image\/"}}]}},"_links":{"self":[{"href":"https:\/\/www.churchill1795.com\/de\/wp-json\/wp\/v2\/product\/45385","targetHints":{"allow":["GET"]}}],"collection":[{"href":"https:\/\/www.churchill1795.com\/de\/wp-json\/wp\/v2\/product"}],"about":[{"href":"https:\/\/www.churchill1795.com\/de\/wp-json\/wp\/v2\/types\/product"}],"wp:featuredmedia":[{"embeddable":true,"href":"https:\/\/www.churchill1795.com\/de\/wp-json\/wp\/v2\/media\/9488"}],"wp:attachment":[{"href":"https:\/\/www.churchill1795.com\/de\/wp-json\/wp\/v2\/media?parent=45385"}],"wp:term":[{"taxonomy":"product_brand","embeddable":true,"href":"https:\/\/www.churchill1795.com\/de\/wp-json\/wp\/v2\/product_brand?post=45385"},{"taxonomy":"product_cat","embeddable":true,"href":"https:\/\/www.churchill1795.com\/de\/wp-json\/wp\/v2\/product_cat?post=45385"},{"taxonomy":"product_tag","embeddable":true,"href":"https:\/\/www.churchill1795.com\/de\/wp-json\/wp\/v2\/product_tag?post=45385"}],"curies":[{"name":"wp","href":"https:\/\/api.w.org\/{rel}","templated":true}]}}