{"id":45297,"date":"2011-09-01T00:00:00","date_gmt":"2011-08-31T23:00:00","guid":{"rendered":"https:\/\/www.churchill1795.com\/?post_type=product&#038;p=45297"},"modified":"2025-12-18T23:54:13","modified_gmt":"2025-12-18T23:54:13","slug":"quadratischer-schuessel-12cm-2","status":"publish","type":"product","link":"https:\/\/www.churchill1795.com\/de\/produkt\/quadratischer-schuessel-12cm-2\/","title":{"rendered":"QUADRATISCHER SCH\u00dcSSEL 12CM"},"content":{"rendered":"<p>Cookware ist eine formsch\u00f6ne Serie, die sowohl f\u00fcr den Tisch als auch f\u00fcr den Ofen geeignet ist. Die Serie verbindet herausragende Robustheit mit modernem, subtilem Design. Cookware hat eine hohe Temperaturwechselbest\u00e4ndigkeit, um Br\u00fcche zu vermeiden, und verf\u00fcgt \u00fcber ausgezeichnete W\u00e4rmespeichereigenschaften. Cookware ist f\u00fcr den Ofen, die Mikrowelle und die Sp\u00fclmaschine geeignet.<\/p>\n","protected":false},"excerpt":{"rendered":"<p>In den USA nicht verf\u00fcgbar. Cookware ist eine formsch\u00f6ne Serie, geegnet f\u00fcr den Einsatz im Ofen und vorm gast auf dem Tisch. Das moderne Design kombiniert sich mit der Art von Robustheit, die in der heutigen Gastronomie unabdingbar ist.<\/p>\n","protected":false},"featured_media":9844,"template":"","meta":{"_acf_changed":false,"content-type":""},"product_brand":[],"product_cat":[3592],"product_tag":[],"class_list":{"0":"post-45297","1":"product","2":"type-product","3":"status-publish","4":"has-post-thumbnail","6":"product_cat-kochgeschirr","7":"pa_colour-black-de","8":"pa_filter-capacity-31-60cl-10-4-20-2oz-de","9":"pa_filter-colour-schwarz-de","10":"pa_filter-material-keramik","11":"pa_filter-width-10-14cm-4-5-5-de","12":"pa_material-churchill-super-vitrified-de","13":"pa_shape-quadratisch","14":"pa_size-12cm-4-3-4-de","15":"range-cookware","16":"brand-churchill-super-vitrified","17":"tabletop-bold-darks-de","18":"tabletop-industrial-de","19":"shape-code-spdn1","21":"first","22":"instock","23":"purchasable","24":"product-type-simple","25":"add-to-wishlist-after_add_to_cart"},"acf":[],"yoast_head":"<!-- This site is optimized with the Yoast SEO plugin v27.3 - https:\/\/yoast.com\/product\/yoast-seo-wordpress\/ -->\n<title>Churchill Cookware Black Square Sch\u00fcssel 12cm<\/title>\n<meta name=\"description\" content=\"Eine wei\u00dfe Leinwand f\u00fcr die Speisenpr\u00e4sentation. Besonders f\u00fcr den professionellen Einsatz geeignet, mit hochwertiger Glasur und vollst\u00e4ndig verglast.\" \/>\n<meta name=\"robots\" content=\"index, follow, max-snippet:-1, max-image-preview:large, max-video-preview:-1\" \/>\n<link rel=\"canonical\" href=\"https:\/\/www.churchill1795.com\/de\/produkt\/quadratischer-schuessel-12cm-2\/\" \/>\n<meta property=\"og:locale\" content=\"de_DE\" \/>\n<meta property=\"og:type\" content=\"article\" \/>\n<meta property=\"og:title\" content=\"Churchill Cookware Black Square Sch\u00fcssel 12cm\" \/>\n<meta property=\"og:description\" content=\"Eine wei\u00dfe Leinwand f\u00fcr die Speisenpr\u00e4sentation. Besonders f\u00fcr den professionellen Einsatz geeignet, mit hochwertiger Glasur und vollst\u00e4ndig verglast.\" \/>\n<meta property=\"og:url\" content=\"https:\/\/www.churchill1795.com\/de\/produkt\/quadratischer-schuessel-12cm-2\/\" \/>\n<meta property=\"og:site_name\" content=\"Churchill\" \/>\n<meta property=\"article:modified_time\" content=\"2025-12-18T23:54:13+00:00\" \/>\n<meta property=\"og:image\" content=\"https:\/\/www.churchill1795.com\/wp-content\/uploads\/2024\/05\/BCBKSPDN1.png\" \/>\n\t<meta property=\"og:image:width\" content=\"1000\" \/>\n\t<meta property=\"og:image:height\" content=\"1000\" \/>\n\t<meta property=\"og:image:type\" content=\"image\/png\" \/>\n<meta name=\"twitter:card\" content=\"summary_large_image\" \/>\n<script type=\"application\/ld+json\" class=\"yoast-schema-graph\">{\"@context\":\"https:\\\/\\\/schema.org\",\"@graph\":[{\"@type\":\"WebPage\",\"@id\":\"https:\\\/\\\/www.churchill1795.com\\\/de\\\/produkt\\\/quadratischer-schuessel-12cm-2\\\/\",\"url\":\"https:\\\/\\\/www.churchill1795.com\\\/de\\\/produkt\\\/quadratischer-schuessel-12cm-2\\\/\",\"name\":\"Churchill Cookware Black Square Sch\u00fcssel 12cm\",\"isPartOf\":{\"@id\":\"https:\\\/\\\/www.churchill1795.com\\\/en\\\/#website\"},\"primaryImageOfPage\":{\"@id\":\"https:\\\/\\\/www.churchill1795.com\\\/de\\\/produkt\\\/quadratischer-schuessel-12cm-2\\\/#primaryimage\"},\"image\":{\"@id\":\"https:\\\/\\\/www.churchill1795.com\\\/de\\\/produkt\\\/quadratischer-schuessel-12cm-2\\\/#primaryimage\"},\"thumbnailUrl\":\"https:\\\/\\\/www.churchill1795.com\\\/wp-content\\\/uploads\\\/2024\\\/05\\\/BCBKSPDN1.png\",\"datePublished\":\"2011-08-31T23:00:00+00:00\",\"dateModified\":\"2025-12-18T23:54:13+00:00\",\"description\":\"Eine wei\u00dfe Leinwand f\u00fcr die Speisenpr\u00e4sentation. Besonders f\u00fcr den professionellen Einsatz geeignet, mit hochwertiger Glasur und vollst\u00e4ndig verglast.\",\"breadcrumb\":{\"@id\":\"https:\\\/\\\/www.churchill1795.com\\\/de\\\/produkt\\\/quadratischer-schuessel-12cm-2\\\/#breadcrumb\"},\"inLanguage\":\"de\",\"potentialAction\":[{\"@type\":\"ReadAction\",\"target\":[\"https:\\\/\\\/www.churchill1795.com\\\/de\\\/produkt\\\/quadratischer-schuessel-12cm-2\\\/\"]}]},{\"@type\":\"ImageObject\",\"inLanguage\":\"de\",\"@id\":\"https:\\\/\\\/www.churchill1795.com\\\/de\\\/produkt\\\/quadratischer-schuessel-12cm-2\\\/#primaryimage\",\"url\":\"https:\\\/\\\/www.churchill1795.com\\\/wp-content\\\/uploads\\\/2024\\\/05\\\/BCBKSPDN1.png\",\"contentUrl\":\"https:\\\/\\\/www.churchill1795.com\\\/wp-content\\\/uploads\\\/2024\\\/05\\\/BCBKSPDN1.png\",\"width\":1000,\"height\":1000},{\"@type\":\"BreadcrumbList\",\"@id\":\"https:\\\/\\\/www.churchill1795.com\\\/de\\\/produkt\\\/quadratischer-schuessel-12cm-2\\\/#breadcrumb\",\"itemListElement\":[{\"@type\":\"ListItem\",\"position\":1,\"name\":\"Home\",\"item\":\"https:\\\/\\\/www.churchill1795.com\\\/de\\\/\"},{\"@type\":\"ListItem\",\"position\":2,\"name\":\"QUADRATISCHER SCH\u00dcSSEL 12CM\"}]},{\"@type\":\"WebSite\",\"@id\":\"https:\\\/\\\/www.churchill1795.com\\\/en\\\/#website\",\"url\":\"https:\\\/\\\/www.churchill1795.com\\\/en\\\/\",\"name\":\"Churchill\",\"description\":\"Innovation, Passion &amp; expertise\",\"publisher\":{\"@id\":\"https:\\\/\\\/www.churchill1795.com\\\/en\\\/#organization\"},\"potentialAction\":[{\"@type\":\"SearchAction\",\"target\":{\"@type\":\"EntryPoint\",\"urlTemplate\":\"https:\\\/\\\/www.churchill1795.com\\\/en\\\/?s={search_term_string}\"},\"query-input\":{\"@type\":\"PropertyValueSpecification\",\"valueRequired\":true,\"valueName\":\"search_term_string\"}}],\"inLanguage\":\"de\"},{\"@type\":\"Organization\",\"@id\":\"https:\\\/\\\/www.churchill1795.com\\\/en\\\/#organization\",\"name\":\"Churchill\",\"url\":\"https:\\\/\\\/www.churchill1795.com\\\/en\\\/\",\"logo\":{\"@type\":\"ImageObject\",\"inLanguage\":\"de\",\"@id\":\"https:\\\/\\\/www.churchill1795.com\\\/en\\\/#\\\/schema\\\/logo\\\/image\\\/\",\"url\":\"https:\\\/\\\/www.churchill1795.com\\\/wp-content\\\/uploads\\\/2024\\\/09\\\/logo-1.webp\",\"contentUrl\":\"https:\\\/\\\/www.churchill1795.com\\\/wp-content\\\/uploads\\\/2024\\\/09\\\/logo-1.webp\",\"width\":240,\"height\":88,\"caption\":\"Churchill\"},\"image\":{\"@id\":\"https:\\\/\\\/www.churchill1795.com\\\/en\\\/#\\\/schema\\\/logo\\\/image\\\/\"}}]}<\/script>\n<!-- \/ Yoast SEO plugin. -->","yoast_head_json":{"title":"Churchill Cookware Black Square Sch\u00fcssel 12cm","description":"Eine wei\u00dfe Leinwand f\u00fcr die Speisenpr\u00e4sentation. Besonders f\u00fcr den professionellen Einsatz geeignet, mit hochwertiger Glasur und vollst\u00e4ndig verglast.","robots":{"index":"index","follow":"follow","max-snippet":"max-snippet:-1","max-image-preview":"max-image-preview:large","max-video-preview":"max-video-preview:-1"},"canonical":"https:\/\/www.churchill1795.com\/de\/produkt\/quadratischer-schuessel-12cm-2\/","og_locale":"de_DE","og_type":"article","og_title":"Churchill Cookware Black Square Sch\u00fcssel 12cm","og_description":"Eine wei\u00dfe Leinwand f\u00fcr die Speisenpr\u00e4sentation. Besonders f\u00fcr den professionellen Einsatz geeignet, mit hochwertiger Glasur und vollst\u00e4ndig verglast.","og_url":"https:\/\/www.churchill1795.com\/de\/produkt\/quadratischer-schuessel-12cm-2\/","og_site_name":"Churchill","article_modified_time":"2025-12-18T23:54:13+00:00","og_image":[{"width":1000,"height":1000,"url":"https:\/\/www.churchill1795.com\/wp-content\/uploads\/2024\/05\/BCBKSPDN1.png","type":"image\/png"}],"twitter_card":"summary_large_image","schema":{"@context":"https:\/\/schema.org","@graph":[{"@type":"WebPage","@id":"https:\/\/www.churchill1795.com\/de\/produkt\/quadratischer-schuessel-12cm-2\/","url":"https:\/\/www.churchill1795.com\/de\/produkt\/quadratischer-schuessel-12cm-2\/","name":"Churchill Cookware Black Square Sch\u00fcssel 12cm","isPartOf":{"@id":"https:\/\/www.churchill1795.com\/en\/#website"},"primaryImageOfPage":{"@id":"https:\/\/www.churchill1795.com\/de\/produkt\/quadratischer-schuessel-12cm-2\/#primaryimage"},"image":{"@id":"https:\/\/www.churchill1795.com\/de\/produkt\/quadratischer-schuessel-12cm-2\/#primaryimage"},"thumbnailUrl":"https:\/\/www.churchill1795.com\/wp-content\/uploads\/2024\/05\/BCBKSPDN1.png","datePublished":"2011-08-31T23:00:00+00:00","dateModified":"2025-12-18T23:54:13+00:00","description":"Eine wei\u00dfe Leinwand f\u00fcr die Speisenpr\u00e4sentation. Besonders f\u00fcr den professionellen Einsatz geeignet, mit hochwertiger Glasur und vollst\u00e4ndig verglast.","breadcrumb":{"@id":"https:\/\/www.churchill1795.com\/de\/produkt\/quadratischer-schuessel-12cm-2\/#breadcrumb"},"inLanguage":"de","potentialAction":[{"@type":"ReadAction","target":["https:\/\/www.churchill1795.com\/de\/produkt\/quadratischer-schuessel-12cm-2\/"]}]},{"@type":"ImageObject","inLanguage":"de","@id":"https:\/\/www.churchill1795.com\/de\/produkt\/quadratischer-schuessel-12cm-2\/#primaryimage","url":"https:\/\/www.churchill1795.com\/wp-content\/uploads\/2024\/05\/BCBKSPDN1.png","contentUrl":"https:\/\/www.churchill1795.com\/wp-content\/uploads\/2024\/05\/BCBKSPDN1.png","width":1000,"height":1000},{"@type":"BreadcrumbList","@id":"https:\/\/www.churchill1795.com\/de\/produkt\/quadratischer-schuessel-12cm-2\/#breadcrumb","itemListElement":[{"@type":"ListItem","position":1,"name":"Home","item":"https:\/\/www.churchill1795.com\/de\/"},{"@type":"ListItem","position":2,"name":"QUADRATISCHER SCH\u00dcSSEL 12CM"}]},{"@type":"WebSite","@id":"https:\/\/www.churchill1795.com\/en\/#website","url":"https:\/\/www.churchill1795.com\/en\/","name":"Churchill","description":"Innovation, Passion &amp; expertise","publisher":{"@id":"https:\/\/www.churchill1795.com\/en\/#organization"},"potentialAction":[{"@type":"SearchAction","target":{"@type":"EntryPoint","urlTemplate":"https:\/\/www.churchill1795.com\/en\/?s={search_term_string}"},"query-input":{"@type":"PropertyValueSpecification","valueRequired":true,"valueName":"search_term_string"}}],"inLanguage":"de"},{"@type":"Organization","@id":"https:\/\/www.churchill1795.com\/en\/#organization","name":"Churchill","url":"https:\/\/www.churchill1795.com\/en\/","logo":{"@type":"ImageObject","inLanguage":"de","@id":"https:\/\/www.churchill1795.com\/en\/#\/schema\/logo\/image\/","url":"https:\/\/www.churchill1795.com\/wp-content\/uploads\/2024\/09\/logo-1.webp","contentUrl":"https:\/\/www.churchill1795.com\/wp-content\/uploads\/2024\/09\/logo-1.webp","width":240,"height":88,"caption":"Churchill"},"image":{"@id":"https:\/\/www.churchill1795.com\/en\/#\/schema\/logo\/image\/"}}]}},"_links":{"self":[{"href":"https:\/\/www.churchill1795.com\/de\/wp-json\/wp\/v2\/product\/45297","targetHints":{"allow":["GET"]}}],"collection":[{"href":"https:\/\/www.churchill1795.com\/de\/wp-json\/wp\/v2\/product"}],"about":[{"href":"https:\/\/www.churchill1795.com\/de\/wp-json\/wp\/v2\/types\/product"}],"wp:featuredmedia":[{"embeddable":true,"href":"https:\/\/www.churchill1795.com\/de\/wp-json\/wp\/v2\/media\/9844"}],"wp:attachment":[{"href":"https:\/\/www.churchill1795.com\/de\/wp-json\/wp\/v2\/media?parent=45297"}],"wp:term":[{"taxonomy":"product_brand","embeddable":true,"href":"https:\/\/www.churchill1795.com\/de\/wp-json\/wp\/v2\/product_brand?post=45297"},{"taxonomy":"product_cat","embeddable":true,"href":"https:\/\/www.churchill1795.com\/de\/wp-json\/wp\/v2\/product_cat?post=45297"},{"taxonomy":"product_tag","embeddable":true,"href":"https:\/\/www.churchill1795.com\/de\/wp-json\/wp\/v2\/product_tag?post=45297"}],"curies":[{"name":"wp","href":"https:\/\/api.w.org\/{rel}","templated":true}]}}