{"id":45119,"date":"2019-05-01T00:00:00","date_gmt":"2019-04-30T23:00:00","guid":{"rendered":"https:\/\/www.churchill1795.com\/?post_type=product&#038;p=45119"},"modified":"2025-12-18T23:45:03","modified_gmt":"2025-12-18T23:45:03","slug":"tiefes-coupe-teller-28-1cm-8","status":"publish","type":"product","link":"https:\/\/www.churchill1795.com\/de\/produkt\/tiefes-coupe-teller-28-1cm-8\/","title":{"rendered":"TIEFES COUPE TELLER 28.1CM"},"content":{"rendered":"<p>Die \u00e4stetische Bamboo Kollektion basiert auf unsere Natur. Das reliefartig, gepr\u00e4gte Design wird von der nat\u00fcrlichen Form des Bambus ma\u00dfgeblich beeinflusst. Die Serie ist in einer gro\u00dfen Auswahl an Artikeln erh\u00e4ltlich, die sich perfekt f\u00fcr alle Gastronomie-Arten eignet und zeichnet sich f\u00fcr den Einsatz in Gro\u00dfk\u00fcchen durch au\u00dferordentliche Robustheit aus.<\/p>\n","protected":false},"excerpt":{"rendered":"<p>Bamboo verf\u00fcgt \u00fcber ein erhaben gepr\u00e4gtes Design, das von der nat\u00fcrlichen, flie\u00dfenden Form des Bambus inspiriert wurde. Die Kollektion beinhaltet eine breite Auswahl an Produkten.<\/p>\n","protected":false},"featured_media":7694,"template":"","meta":{"_acf_changed":false,"content-type":""},"product_brand":[],"product_cat":[3598,3597],"product_tag":[],"class_list":{"0":"post-45119","1":"product","2":"type-product","3":"status-publish","4":"has-post-thumbnail","6":"product_cat-coupe-teller","7":"product_cat-teller","8":"pa_colour-topaz-blue-centre-print-de","9":"pa_filter-colour-blau-de","10":"pa_filter-material-keramik","11":"pa_filter-width-26-32cm-10-2-12-5-de","12":"pa_material-churchill-super-vitrified-de","13":"pa_shape-rund","14":"pa_size-28-1cm-11-de","15":"range-bamboo","16":"brand-churchill-super-vitrified","17":"tabletop-botanicals-de","18":"tabletop-vibrant-tropicals-de","19":"shape-code-ld271","21":"first","22":"instock","23":"purchasable","24":"product-type-simple","25":"add-to-wishlist-after_add_to_cart"},"acf":[],"yoast_head":"<!-- This site is optimized with the Yoast SEO plugin v27.3 - https:\/\/yoast.com\/product\/yoast-seo-wordpress\/ -->\n<title>Churchill Bamboo Topaz Blue Centre Tiefer Coupe Teller 28.1cm<\/title>\n<meta name=\"description\" content=\"Das gepr\u00e4gte Bamboo-Design und der reaktiven Glasur von Raku sorgt f\u00fcr eine erstklassige Pr\u00e4sentation. Robust und glasiert f\u00fcr den professionellen Einsatz.\" \/>\n<meta name=\"robots\" content=\"index, follow, max-snippet:-1, max-image-preview:large, max-video-preview:-1\" \/>\n<link rel=\"canonical\" href=\"https:\/\/www.churchill1795.com\/de\/produkt\/tiefes-coupe-teller-28-1cm-8\/\" \/>\n<meta property=\"og:locale\" content=\"de_DE\" \/>\n<meta property=\"og:type\" content=\"article\" \/>\n<meta property=\"og:title\" content=\"Churchill Bamboo Topaz Blue Centre Tiefer Coupe Teller 28.1cm\" \/>\n<meta property=\"og:description\" content=\"Das gepr\u00e4gte Bamboo-Design und der reaktiven Glasur von Raku sorgt f\u00fcr eine erstklassige Pr\u00e4sentation. Robust und glasiert f\u00fcr den professionellen Einsatz.\" \/>\n<meta property=\"og:url\" content=\"https:\/\/www.churchill1795.com\/de\/produkt\/tiefes-coupe-teller-28-1cm-8\/\" \/>\n<meta property=\"og:site_name\" content=\"Churchill\" \/>\n<meta property=\"article:modified_time\" content=\"2025-12-18T23:45:03+00:00\" \/>\n<meta property=\"og:image\" content=\"https:\/\/www.churchill1795.com\/wp-content\/uploads\/2024\/05\/RKTBLD271.png\" \/>\n\t<meta property=\"og:image:width\" content=\"1000\" \/>\n\t<meta property=\"og:image:height\" content=\"1000\" \/>\n\t<meta property=\"og:image:type\" content=\"image\/png\" \/>\n<meta name=\"twitter:card\" content=\"summary_large_image\" \/>\n<script type=\"application\/ld+json\" class=\"yoast-schema-graph\">{\"@context\":\"https:\\\/\\\/schema.org\",\"@graph\":[{\"@type\":\"WebPage\",\"@id\":\"https:\\\/\\\/www.churchill1795.com\\\/de\\\/produkt\\\/tiefes-coupe-teller-28-1cm-8\\\/\",\"url\":\"https:\\\/\\\/www.churchill1795.com\\\/de\\\/produkt\\\/tiefes-coupe-teller-28-1cm-8\\\/\",\"name\":\"Churchill Bamboo Topaz Blue Centre Tiefer Coupe Teller 28.1cm\",\"isPartOf\":{\"@id\":\"https:\\\/\\\/www.churchill1795.com\\\/en\\\/#website\"},\"primaryImageOfPage\":{\"@id\":\"https:\\\/\\\/www.churchill1795.com\\\/de\\\/produkt\\\/tiefes-coupe-teller-28-1cm-8\\\/#primaryimage\"},\"image\":{\"@id\":\"https:\\\/\\\/www.churchill1795.com\\\/de\\\/produkt\\\/tiefes-coupe-teller-28-1cm-8\\\/#primaryimage\"},\"thumbnailUrl\":\"https:\\\/\\\/www.churchill1795.com\\\/wp-content\\\/uploads\\\/2024\\\/05\\\/RKTBLD271.png\",\"datePublished\":\"2019-04-30T23:00:00+00:00\",\"dateModified\":\"2025-12-18T23:45:03+00:00\",\"description\":\"Das gepr\u00e4gte Bamboo-Design und der reaktiven Glasur von Raku sorgt f\u00fcr eine erstklassige Pr\u00e4sentation. Robust und glasiert f\u00fcr den professionellen Einsatz.\",\"breadcrumb\":{\"@id\":\"https:\\\/\\\/www.churchill1795.com\\\/de\\\/produkt\\\/tiefes-coupe-teller-28-1cm-8\\\/#breadcrumb\"},\"inLanguage\":\"de\",\"potentialAction\":[{\"@type\":\"ReadAction\",\"target\":[\"https:\\\/\\\/www.churchill1795.com\\\/de\\\/produkt\\\/tiefes-coupe-teller-28-1cm-8\\\/\"]}]},{\"@type\":\"ImageObject\",\"inLanguage\":\"de\",\"@id\":\"https:\\\/\\\/www.churchill1795.com\\\/de\\\/produkt\\\/tiefes-coupe-teller-28-1cm-8\\\/#primaryimage\",\"url\":\"https:\\\/\\\/www.churchill1795.com\\\/wp-content\\\/uploads\\\/2024\\\/05\\\/RKTBLD271.png\",\"contentUrl\":\"https:\\\/\\\/www.churchill1795.com\\\/wp-content\\\/uploads\\\/2024\\\/05\\\/RKTBLD271.png\",\"width\":1000,\"height\":1000},{\"@type\":\"BreadcrumbList\",\"@id\":\"https:\\\/\\\/www.churchill1795.com\\\/de\\\/produkt\\\/tiefes-coupe-teller-28-1cm-8\\\/#breadcrumb\",\"itemListElement\":[{\"@type\":\"ListItem\",\"position\":1,\"name\":\"Home\",\"item\":\"https:\\\/\\\/www.churchill1795.com\\\/de\\\/\"},{\"@type\":\"ListItem\",\"position\":2,\"name\":\"TIEFES COUPE TELLER 28.1CM\"}]},{\"@type\":\"WebSite\",\"@id\":\"https:\\\/\\\/www.churchill1795.com\\\/en\\\/#website\",\"url\":\"https:\\\/\\\/www.churchill1795.com\\\/en\\\/\",\"name\":\"Churchill\",\"description\":\"Innovation, Passion &amp; expertise\",\"publisher\":{\"@id\":\"https:\\\/\\\/www.churchill1795.com\\\/en\\\/#organization\"},\"potentialAction\":[{\"@type\":\"SearchAction\",\"target\":{\"@type\":\"EntryPoint\",\"urlTemplate\":\"https:\\\/\\\/www.churchill1795.com\\\/en\\\/?s={search_term_string}\"},\"query-input\":{\"@type\":\"PropertyValueSpecification\",\"valueRequired\":true,\"valueName\":\"search_term_string\"}}],\"inLanguage\":\"de\"},{\"@type\":\"Organization\",\"@id\":\"https:\\\/\\\/www.churchill1795.com\\\/en\\\/#organization\",\"name\":\"Churchill\",\"url\":\"https:\\\/\\\/www.churchill1795.com\\\/en\\\/\",\"logo\":{\"@type\":\"ImageObject\",\"inLanguage\":\"de\",\"@id\":\"https:\\\/\\\/www.churchill1795.com\\\/en\\\/#\\\/schema\\\/logo\\\/image\\\/\",\"url\":\"https:\\\/\\\/www.churchill1795.com\\\/wp-content\\\/uploads\\\/2024\\\/09\\\/logo-1.webp\",\"contentUrl\":\"https:\\\/\\\/www.churchill1795.com\\\/wp-content\\\/uploads\\\/2024\\\/09\\\/logo-1.webp\",\"width\":240,\"height\":88,\"caption\":\"Churchill\"},\"image\":{\"@id\":\"https:\\\/\\\/www.churchill1795.com\\\/en\\\/#\\\/schema\\\/logo\\\/image\\\/\"}}]}<\/script>\n<!-- \/ Yoast SEO plugin. -->","yoast_head_json":{"title":"Churchill Bamboo Topaz Blue Centre Tiefer Coupe Teller 28.1cm","description":"Das gepr\u00e4gte Bamboo-Design und der reaktiven Glasur von Raku sorgt f\u00fcr eine erstklassige Pr\u00e4sentation. Robust und glasiert f\u00fcr den professionellen Einsatz.","robots":{"index":"index","follow":"follow","max-snippet":"max-snippet:-1","max-image-preview":"max-image-preview:large","max-video-preview":"max-video-preview:-1"},"canonical":"https:\/\/www.churchill1795.com\/de\/produkt\/tiefes-coupe-teller-28-1cm-8\/","og_locale":"de_DE","og_type":"article","og_title":"Churchill Bamboo Topaz Blue Centre Tiefer Coupe Teller 28.1cm","og_description":"Das gepr\u00e4gte Bamboo-Design und der reaktiven Glasur von Raku sorgt f\u00fcr eine erstklassige Pr\u00e4sentation. Robust und glasiert f\u00fcr den professionellen Einsatz.","og_url":"https:\/\/www.churchill1795.com\/de\/produkt\/tiefes-coupe-teller-28-1cm-8\/","og_site_name":"Churchill","article_modified_time":"2025-12-18T23:45:03+00:00","og_image":[{"width":1000,"height":1000,"url":"https:\/\/www.churchill1795.com\/wp-content\/uploads\/2024\/05\/RKTBLD271.png","type":"image\/png"}],"twitter_card":"summary_large_image","schema":{"@context":"https:\/\/schema.org","@graph":[{"@type":"WebPage","@id":"https:\/\/www.churchill1795.com\/de\/produkt\/tiefes-coupe-teller-28-1cm-8\/","url":"https:\/\/www.churchill1795.com\/de\/produkt\/tiefes-coupe-teller-28-1cm-8\/","name":"Churchill Bamboo Topaz Blue Centre Tiefer Coupe Teller 28.1cm","isPartOf":{"@id":"https:\/\/www.churchill1795.com\/en\/#website"},"primaryImageOfPage":{"@id":"https:\/\/www.churchill1795.com\/de\/produkt\/tiefes-coupe-teller-28-1cm-8\/#primaryimage"},"image":{"@id":"https:\/\/www.churchill1795.com\/de\/produkt\/tiefes-coupe-teller-28-1cm-8\/#primaryimage"},"thumbnailUrl":"https:\/\/www.churchill1795.com\/wp-content\/uploads\/2024\/05\/RKTBLD271.png","datePublished":"2019-04-30T23:00:00+00:00","dateModified":"2025-12-18T23:45:03+00:00","description":"Das gepr\u00e4gte Bamboo-Design und der reaktiven Glasur von Raku sorgt f\u00fcr eine erstklassige Pr\u00e4sentation. Robust und glasiert f\u00fcr den professionellen Einsatz.","breadcrumb":{"@id":"https:\/\/www.churchill1795.com\/de\/produkt\/tiefes-coupe-teller-28-1cm-8\/#breadcrumb"},"inLanguage":"de","potentialAction":[{"@type":"ReadAction","target":["https:\/\/www.churchill1795.com\/de\/produkt\/tiefes-coupe-teller-28-1cm-8\/"]}]},{"@type":"ImageObject","inLanguage":"de","@id":"https:\/\/www.churchill1795.com\/de\/produkt\/tiefes-coupe-teller-28-1cm-8\/#primaryimage","url":"https:\/\/www.churchill1795.com\/wp-content\/uploads\/2024\/05\/RKTBLD271.png","contentUrl":"https:\/\/www.churchill1795.com\/wp-content\/uploads\/2024\/05\/RKTBLD271.png","width":1000,"height":1000},{"@type":"BreadcrumbList","@id":"https:\/\/www.churchill1795.com\/de\/produkt\/tiefes-coupe-teller-28-1cm-8\/#breadcrumb","itemListElement":[{"@type":"ListItem","position":1,"name":"Home","item":"https:\/\/www.churchill1795.com\/de\/"},{"@type":"ListItem","position":2,"name":"TIEFES COUPE TELLER 28.1CM"}]},{"@type":"WebSite","@id":"https:\/\/www.churchill1795.com\/en\/#website","url":"https:\/\/www.churchill1795.com\/en\/","name":"Churchill","description":"Innovation, Passion &amp; expertise","publisher":{"@id":"https:\/\/www.churchill1795.com\/en\/#organization"},"potentialAction":[{"@type":"SearchAction","target":{"@type":"EntryPoint","urlTemplate":"https:\/\/www.churchill1795.com\/en\/?s={search_term_string}"},"query-input":{"@type":"PropertyValueSpecification","valueRequired":true,"valueName":"search_term_string"}}],"inLanguage":"de"},{"@type":"Organization","@id":"https:\/\/www.churchill1795.com\/en\/#organization","name":"Churchill","url":"https:\/\/www.churchill1795.com\/en\/","logo":{"@type":"ImageObject","inLanguage":"de","@id":"https:\/\/www.churchill1795.com\/en\/#\/schema\/logo\/image\/","url":"https:\/\/www.churchill1795.com\/wp-content\/uploads\/2024\/09\/logo-1.webp","contentUrl":"https:\/\/www.churchill1795.com\/wp-content\/uploads\/2024\/09\/logo-1.webp","width":240,"height":88,"caption":"Churchill"},"image":{"@id":"https:\/\/www.churchill1795.com\/en\/#\/schema\/logo\/image\/"}}]}},"_links":{"self":[{"href":"https:\/\/www.churchill1795.com\/de\/wp-json\/wp\/v2\/product\/45119","targetHints":{"allow":["GET"]}}],"collection":[{"href":"https:\/\/www.churchill1795.com\/de\/wp-json\/wp\/v2\/product"}],"about":[{"href":"https:\/\/www.churchill1795.com\/de\/wp-json\/wp\/v2\/types\/product"}],"wp:featuredmedia":[{"embeddable":true,"href":"https:\/\/www.churchill1795.com\/de\/wp-json\/wp\/v2\/media\/7694"}],"wp:attachment":[{"href":"https:\/\/www.churchill1795.com\/de\/wp-json\/wp\/v2\/media?parent=45119"}],"wp:term":[{"taxonomy":"product_brand","embeddable":true,"href":"https:\/\/www.churchill1795.com\/de\/wp-json\/wp\/v2\/product_brand?post=45119"},{"taxonomy":"product_cat","embeddable":true,"href":"https:\/\/www.churchill1795.com\/de\/wp-json\/wp\/v2\/product_cat?post=45119"},{"taxonomy":"product_tag","embeddable":true,"href":"https:\/\/www.churchill1795.com\/de\/wp-json\/wp\/v2\/product_tag?post=45119"}],"curies":[{"name":"wp","href":"https:\/\/api.w.org\/{rel}","templated":true}]}}