{"id":44935,"date":"2018-09-01T00:00:00","date_gmt":"2018-08-31T23:00:00","guid":{"rendered":"https:\/\/www.churchill1795.com\/?post_type=product&#038;p=44935"},"modified":"2025-12-18T23:36:02","modified_gmt":"2025-12-18T23:36:02","slug":"cocotte-53cl-2","status":"publish","type":"product","link":"https:\/\/www.churchill1795.com\/de\/produkt\/cocotte-53cl-2\/","title":{"rendered":"COCOTTE 53CL"},"content":{"rendered":"<p>Igneous ist eine Reminiszenz an handget\u00f6pferten Geschirrteilen. Die Kollektion verf\u00fcgt \u00fcber eine geriffelte Pr\u00e4gung auf einem rustikalen, exponierten Boden. Sie ist mit einer handwerklichen Glasur versehen. Die schwarze Glasur hat eine weiche, matte Oberfl\u00e4che und bildet einen auff\u00e4lligen Kontrast zum Naturboden. Igneous Natural ist eine Glasur in einem neutralen Farbton mit subtilen Sprenkeln.<\/p>\n","protected":false},"excerpt":{"rendered":"<p>Igneous erinnert an von Hand gefertigte T\u00f6pferware und weist eine geriffelte Pr\u00e4gung auf einem rustikalen, exponierten Boden auf, der mit einer handwerklich hochwertigen Glasur versehen ist.<\/p>\n","protected":false},"featured_media":4218,"template":"","meta":{"_acf_changed":false,"content-type":""},"product_brand":[],"product_cat":[3596,3592],"product_tag":[],"class_list":{"0":"post-44935","1":"product","2":"type-product","3":"status-publish","4":"has-post-thumbnail","6":"product_cat-dipbecher-und-seitenplatten","7":"product_cat-kochgeschirr","8":"pa_colour-black-de","9":"pa_filter-capacity-31-60cl-10-4-20-2oz-de","10":"pa_filter-colour-schwarz-de","11":"pa_filter-material-keramik","12":"pa_filter-width-15-20cm-6-8-de","13":"pa_material-stoneware-de","14":"pa_shape-rund","15":"pa_size-53cl-20oz-de","16":"range-igneous","17":"brand-art-de-cuisine","18":"shape-code-igc21","20":"first","21":"instock","22":"purchasable","23":"product-type-simple","24":"add-to-wishlist-after_add_to_cart"},"acf":[],"yoast_head":"<!-- This site is optimized with the Yoast SEO plugin v27.3 - https:\/\/yoast.com\/product\/yoast-seo-wordpress\/ -->\n<title>Art de Cuisine Igneous Black Stoneware Cocotte 53cl<\/title>\n<meta name=\"description\" content=\"Hergestellt aus verglastem Steinzeug f\u00fcr Profis. Igneous Black kontrastiert stark mit einer mattschwarzen Glasur und einem nat\u00fcrlichen Boden.\" \/>\n<meta name=\"robots\" content=\"index, follow, max-snippet:-1, max-image-preview:large, max-video-preview:-1\" \/>\n<link rel=\"canonical\" href=\"https:\/\/www.churchill1795.com\/de\/produkt\/cocotte-53cl-2\/\" \/>\n<meta property=\"og:locale\" content=\"de_DE\" \/>\n<meta property=\"og:type\" content=\"article\" \/>\n<meta property=\"og:title\" content=\"Art de Cuisine Igneous Black Stoneware Cocotte 53cl\" \/>\n<meta property=\"og:description\" content=\"Hergestellt aus verglastem Steinzeug f\u00fcr Profis. Igneous Black kontrastiert stark mit einer mattschwarzen Glasur und einem nat\u00fcrlichen Boden.\" \/>\n<meta property=\"og:url\" content=\"https:\/\/www.churchill1795.com\/de\/produkt\/cocotte-53cl-2\/\" \/>\n<meta property=\"og:site_name\" content=\"Churchill\" \/>\n<meta property=\"article:modified_time\" content=\"2025-12-18T23:36:02+00:00\" \/>\n<meta property=\"og:image\" content=\"https:\/\/www.churchill1795.com\/wp-content\/uploads\/2024\/05\/ZCBKIGC21.png\" \/>\n\t<meta property=\"og:image:width\" content=\"1000\" \/>\n\t<meta property=\"og:image:height\" content=\"1000\" \/>\n\t<meta property=\"og:image:type\" content=\"image\/png\" \/>\n<meta name=\"twitter:card\" content=\"summary_large_image\" \/>\n<script type=\"application\/ld+json\" class=\"yoast-schema-graph\">{\"@context\":\"https:\\\/\\\/schema.org\",\"@graph\":[{\"@type\":\"WebPage\",\"@id\":\"https:\\\/\\\/www.churchill1795.com\\\/de\\\/produkt\\\/cocotte-53cl-2\\\/\",\"url\":\"https:\\\/\\\/www.churchill1795.com\\\/de\\\/produkt\\\/cocotte-53cl-2\\\/\",\"name\":\"Art de Cuisine Igneous Black Stoneware Cocotte 53cl\",\"isPartOf\":{\"@id\":\"https:\\\/\\\/www.churchill1795.com\\\/en\\\/#website\"},\"primaryImageOfPage\":{\"@id\":\"https:\\\/\\\/www.churchill1795.com\\\/de\\\/produkt\\\/cocotte-53cl-2\\\/#primaryimage\"},\"image\":{\"@id\":\"https:\\\/\\\/www.churchill1795.com\\\/de\\\/produkt\\\/cocotte-53cl-2\\\/#primaryimage\"},\"thumbnailUrl\":\"https:\\\/\\\/www.churchill1795.com\\\/wp-content\\\/uploads\\\/2024\\\/05\\\/ZCBKIGC21.png\",\"datePublished\":\"2018-08-31T23:00:00+00:00\",\"dateModified\":\"2025-12-18T23:36:02+00:00\",\"description\":\"Hergestellt aus verglastem Steinzeug f\u00fcr Profis. Igneous Black kontrastiert stark mit einer mattschwarzen Glasur und einem nat\u00fcrlichen Boden.\",\"breadcrumb\":{\"@id\":\"https:\\\/\\\/www.churchill1795.com\\\/de\\\/produkt\\\/cocotte-53cl-2\\\/#breadcrumb\"},\"inLanguage\":\"de\",\"potentialAction\":[{\"@type\":\"ReadAction\",\"target\":[\"https:\\\/\\\/www.churchill1795.com\\\/de\\\/produkt\\\/cocotte-53cl-2\\\/\"]}]},{\"@type\":\"ImageObject\",\"inLanguage\":\"de\",\"@id\":\"https:\\\/\\\/www.churchill1795.com\\\/de\\\/produkt\\\/cocotte-53cl-2\\\/#primaryimage\",\"url\":\"https:\\\/\\\/www.churchill1795.com\\\/wp-content\\\/uploads\\\/2024\\\/05\\\/ZCBKIGC21.png\",\"contentUrl\":\"https:\\\/\\\/www.churchill1795.com\\\/wp-content\\\/uploads\\\/2024\\\/05\\\/ZCBKIGC21.png\",\"width\":1000,\"height\":1000},{\"@type\":\"BreadcrumbList\",\"@id\":\"https:\\\/\\\/www.churchill1795.com\\\/de\\\/produkt\\\/cocotte-53cl-2\\\/#breadcrumb\",\"itemListElement\":[{\"@type\":\"ListItem\",\"position\":1,\"name\":\"Home\",\"item\":\"https:\\\/\\\/www.churchill1795.com\\\/de\\\/\"},{\"@type\":\"ListItem\",\"position\":2,\"name\":\"COCOTTE 53CL\"}]},{\"@type\":\"WebSite\",\"@id\":\"https:\\\/\\\/www.churchill1795.com\\\/en\\\/#website\",\"url\":\"https:\\\/\\\/www.churchill1795.com\\\/en\\\/\",\"name\":\"Churchill\",\"description\":\"Innovation, Passion &amp; expertise\",\"publisher\":{\"@id\":\"https:\\\/\\\/www.churchill1795.com\\\/en\\\/#organization\"},\"potentialAction\":[{\"@type\":\"SearchAction\",\"target\":{\"@type\":\"EntryPoint\",\"urlTemplate\":\"https:\\\/\\\/www.churchill1795.com\\\/en\\\/?s={search_term_string}\"},\"query-input\":{\"@type\":\"PropertyValueSpecification\",\"valueRequired\":true,\"valueName\":\"search_term_string\"}}],\"inLanguage\":\"de\"},{\"@type\":\"Organization\",\"@id\":\"https:\\\/\\\/www.churchill1795.com\\\/en\\\/#organization\",\"name\":\"Churchill\",\"url\":\"https:\\\/\\\/www.churchill1795.com\\\/en\\\/\",\"logo\":{\"@type\":\"ImageObject\",\"inLanguage\":\"de\",\"@id\":\"https:\\\/\\\/www.churchill1795.com\\\/en\\\/#\\\/schema\\\/logo\\\/image\\\/\",\"url\":\"https:\\\/\\\/www.churchill1795.com\\\/wp-content\\\/uploads\\\/2024\\\/09\\\/logo-1.webp\",\"contentUrl\":\"https:\\\/\\\/www.churchill1795.com\\\/wp-content\\\/uploads\\\/2024\\\/09\\\/logo-1.webp\",\"width\":240,\"height\":88,\"caption\":\"Churchill\"},\"image\":{\"@id\":\"https:\\\/\\\/www.churchill1795.com\\\/en\\\/#\\\/schema\\\/logo\\\/image\\\/\"}}]}<\/script>\n<!-- \/ Yoast SEO plugin. -->","yoast_head_json":{"title":"Art de Cuisine Igneous Black Stoneware Cocotte 53cl","description":"Hergestellt aus verglastem Steinzeug f\u00fcr Profis. Igneous Black kontrastiert stark mit einer mattschwarzen Glasur und einem nat\u00fcrlichen Boden.","robots":{"index":"index","follow":"follow","max-snippet":"max-snippet:-1","max-image-preview":"max-image-preview:large","max-video-preview":"max-video-preview:-1"},"canonical":"https:\/\/www.churchill1795.com\/de\/produkt\/cocotte-53cl-2\/","og_locale":"de_DE","og_type":"article","og_title":"Art de Cuisine Igneous Black Stoneware Cocotte 53cl","og_description":"Hergestellt aus verglastem Steinzeug f\u00fcr Profis. Igneous Black kontrastiert stark mit einer mattschwarzen Glasur und einem nat\u00fcrlichen Boden.","og_url":"https:\/\/www.churchill1795.com\/de\/produkt\/cocotte-53cl-2\/","og_site_name":"Churchill","article_modified_time":"2025-12-18T23:36:02+00:00","og_image":[{"width":1000,"height":1000,"url":"https:\/\/www.churchill1795.com\/wp-content\/uploads\/2024\/05\/ZCBKIGC21.png","type":"image\/png"}],"twitter_card":"summary_large_image","schema":{"@context":"https:\/\/schema.org","@graph":[{"@type":"WebPage","@id":"https:\/\/www.churchill1795.com\/de\/produkt\/cocotte-53cl-2\/","url":"https:\/\/www.churchill1795.com\/de\/produkt\/cocotte-53cl-2\/","name":"Art de Cuisine Igneous Black Stoneware Cocotte 53cl","isPartOf":{"@id":"https:\/\/www.churchill1795.com\/en\/#website"},"primaryImageOfPage":{"@id":"https:\/\/www.churchill1795.com\/de\/produkt\/cocotte-53cl-2\/#primaryimage"},"image":{"@id":"https:\/\/www.churchill1795.com\/de\/produkt\/cocotte-53cl-2\/#primaryimage"},"thumbnailUrl":"https:\/\/www.churchill1795.com\/wp-content\/uploads\/2024\/05\/ZCBKIGC21.png","datePublished":"2018-08-31T23:00:00+00:00","dateModified":"2025-12-18T23:36:02+00:00","description":"Hergestellt aus verglastem Steinzeug f\u00fcr Profis. Igneous Black kontrastiert stark mit einer mattschwarzen Glasur und einem nat\u00fcrlichen Boden.","breadcrumb":{"@id":"https:\/\/www.churchill1795.com\/de\/produkt\/cocotte-53cl-2\/#breadcrumb"},"inLanguage":"de","potentialAction":[{"@type":"ReadAction","target":["https:\/\/www.churchill1795.com\/de\/produkt\/cocotte-53cl-2\/"]}]},{"@type":"ImageObject","inLanguage":"de","@id":"https:\/\/www.churchill1795.com\/de\/produkt\/cocotte-53cl-2\/#primaryimage","url":"https:\/\/www.churchill1795.com\/wp-content\/uploads\/2024\/05\/ZCBKIGC21.png","contentUrl":"https:\/\/www.churchill1795.com\/wp-content\/uploads\/2024\/05\/ZCBKIGC21.png","width":1000,"height":1000},{"@type":"BreadcrumbList","@id":"https:\/\/www.churchill1795.com\/de\/produkt\/cocotte-53cl-2\/#breadcrumb","itemListElement":[{"@type":"ListItem","position":1,"name":"Home","item":"https:\/\/www.churchill1795.com\/de\/"},{"@type":"ListItem","position":2,"name":"COCOTTE 53CL"}]},{"@type":"WebSite","@id":"https:\/\/www.churchill1795.com\/en\/#website","url":"https:\/\/www.churchill1795.com\/en\/","name":"Churchill","description":"Innovation, Passion &amp; expertise","publisher":{"@id":"https:\/\/www.churchill1795.com\/en\/#organization"},"potentialAction":[{"@type":"SearchAction","target":{"@type":"EntryPoint","urlTemplate":"https:\/\/www.churchill1795.com\/en\/?s={search_term_string}"},"query-input":{"@type":"PropertyValueSpecification","valueRequired":true,"valueName":"search_term_string"}}],"inLanguage":"de"},{"@type":"Organization","@id":"https:\/\/www.churchill1795.com\/en\/#organization","name":"Churchill","url":"https:\/\/www.churchill1795.com\/en\/","logo":{"@type":"ImageObject","inLanguage":"de","@id":"https:\/\/www.churchill1795.com\/en\/#\/schema\/logo\/image\/","url":"https:\/\/www.churchill1795.com\/wp-content\/uploads\/2024\/09\/logo-1.webp","contentUrl":"https:\/\/www.churchill1795.com\/wp-content\/uploads\/2024\/09\/logo-1.webp","width":240,"height":88,"caption":"Churchill"},"image":{"@id":"https:\/\/www.churchill1795.com\/en\/#\/schema\/logo\/image\/"}}]}},"_links":{"self":[{"href":"https:\/\/www.churchill1795.com\/de\/wp-json\/wp\/v2\/product\/44935","targetHints":{"allow":["GET"]}}],"collection":[{"href":"https:\/\/www.churchill1795.com\/de\/wp-json\/wp\/v2\/product"}],"about":[{"href":"https:\/\/www.churchill1795.com\/de\/wp-json\/wp\/v2\/types\/product"}],"wp:featuredmedia":[{"embeddable":true,"href":"https:\/\/www.churchill1795.com\/de\/wp-json\/wp\/v2\/media\/4218"}],"wp:attachment":[{"href":"https:\/\/www.churchill1795.com\/de\/wp-json\/wp\/v2\/media?parent=44935"}],"wp:term":[{"taxonomy":"product_brand","embeddable":true,"href":"https:\/\/www.churchill1795.com\/de\/wp-json\/wp\/v2\/product_brand?post=44935"},{"taxonomy":"product_cat","embeddable":true,"href":"https:\/\/www.churchill1795.com\/de\/wp-json\/wp\/v2\/product_cat?post=44935"},{"taxonomy":"product_tag","embeddable":true,"href":"https:\/\/www.churchill1795.com\/de\/wp-json\/wp\/v2\/product_tag?post=44935"}],"curies":[{"name":"wp","href":"https:\/\/api.w.org\/{rel}","templated":true}]}}