{"id":44886,"date":"2016-01-01T00:00:00","date_gmt":"2016-01-01T00:00:00","guid":{"rendered":"https:\/\/www.churchill1795.com\/?post_type=product&#038;p=44886"},"modified":"2025-12-18T23:30:04","modified_gmt":"2025-12-18T23:30:04","slug":"covered-zuckerdose-ersatz-deckel-20cl","status":"publish","type":"product","link":"https:\/\/www.churchill1795.com\/de\/produkt\/covered-zuckerdose-ersatz-deckel-20cl\/","title":{"rendered":"COVERED ZUCKERDOSE ERSATZ-DECKEL 20CL"},"content":{"rendered":"<p>Eine elegante Getr\u00e4nkeserie, die dem Tisch eine raffinierte Note verleiht. Sequel besteht aus hochwertigem wei\u00dfem Performance Fine China und eignet sich perfekt f\u00fcr die feine K\u00fcche sowie f\u00fcr Kaffee und Kuchen. Die Serie wurde so entwickelt, um andere Alchemy-Designs zu erg\u00e4nzen.<\/p>\n","protected":false},"excerpt":{"rendered":"<p>Ein elegantes Sortiment an Trinkgeschirr, das dem Tisch eine raffinierte Note verleiht und sich hervorragend f\u00fcr die feine K\u00fcche und den &#8222;Afternoon Tea&#8220; eignet.<\/p>\n","protected":false},"featured_media":40029,"template":"","meta":{"_acf_changed":false,"content-type":""},"product_brand":[],"product_cat":[3582,3586],"product_tag":[],"class_list":{"0":"post-44886","1":"product","2":"type-product","3":"status-publish","4":"has-post-thumbnail","6":"product_cat-getraenke","7":"product_cat-zuckerdosen","8":"pa_colour-white-de","9":"pa_filter-capacity-18-30cl-6-10oz-de","10":"pa_filter-colour-weis","11":"pa_filter-material-keramik","12":"pa_filter-width-1-9cm-0-3-3-5-de","13":"pa_material-alchemy-fine-china-de","14":"pa_shape-rund","15":"pa_size-20cl-7oz-de","16":"range-sequel","17":"brand-alchemy","18":"shape-code-csbl1","20":"first","21":"instock","22":"purchasable","23":"product-type-simple","24":"add-to-wishlist-after_add_to_cart"},"acf":[],"yoast_head":"<!-- This site is optimized with the Yoast SEO plugin v27.3 - https:\/\/yoast.com\/product\/yoast-seo-wordpress\/ -->\n<title>Churchill Alchemy Sequel Zuckerdose Deckel<\/title>\n<meta name=\"description\" content=\"Teil der Sequel-Beverage- Produktreihe, einer professionellen Kollektion aus feinem wei\u00dfen Alchemy-Porzellan.\" \/>\n<meta name=\"robots\" content=\"index, follow, max-snippet:-1, max-image-preview:large, max-video-preview:-1\" \/>\n<link rel=\"canonical\" href=\"https:\/\/www.churchill1795.com\/de\/produkt\/covered-zuckerdose-ersatz-deckel-20cl\/\" \/>\n<meta property=\"og:locale\" content=\"de_DE\" \/>\n<meta property=\"og:type\" content=\"article\" \/>\n<meta property=\"og:title\" content=\"Churchill Alchemy Sequel Zuckerdose Deckel\" \/>\n<meta property=\"og:description\" content=\"Teil der Sequel-Beverage- Produktreihe, einer professionellen Kollektion aus feinem wei\u00dfen Alchemy-Porzellan.\" \/>\n<meta property=\"og:url\" content=\"https:\/\/www.churchill1795.com\/de\/produkt\/covered-zuckerdose-ersatz-deckel-20cl\/\" \/>\n<meta property=\"og:site_name\" content=\"Churchill\" \/>\n<meta property=\"article:modified_time\" content=\"2025-12-18T23:30:04+00:00\" \/>\n<meta property=\"og:image\" content=\"https:\/\/www.churchill1795.com\/wp-content\/uploads\/2016\/01\/APR-CSBL1.png\" \/>\n\t<meta property=\"og:image:width\" content=\"500\" \/>\n\t<meta property=\"og:image:height\" content=\"500\" \/>\n\t<meta property=\"og:image:type\" content=\"image\/png\" \/>\n<meta name=\"twitter:card\" content=\"summary_large_image\" \/>\n<script type=\"application\/ld+json\" class=\"yoast-schema-graph\">{\"@context\":\"https:\\\/\\\/schema.org\",\"@graph\":[{\"@type\":\"WebPage\",\"@id\":\"https:\\\/\\\/www.churchill1795.com\\\/de\\\/produkt\\\/covered-zuckerdose-ersatz-deckel-20cl\\\/\",\"url\":\"https:\\\/\\\/www.churchill1795.com\\\/de\\\/produkt\\\/covered-zuckerdose-ersatz-deckel-20cl\\\/\",\"name\":\"Churchill Alchemy Sequel Zuckerdose Deckel\",\"isPartOf\":{\"@id\":\"https:\\\/\\\/www.churchill1795.com\\\/en\\\/#website\"},\"primaryImageOfPage\":{\"@id\":\"https:\\\/\\\/www.churchill1795.com\\\/de\\\/produkt\\\/covered-zuckerdose-ersatz-deckel-20cl\\\/#primaryimage\"},\"image\":{\"@id\":\"https:\\\/\\\/www.churchill1795.com\\\/de\\\/produkt\\\/covered-zuckerdose-ersatz-deckel-20cl\\\/#primaryimage\"},\"thumbnailUrl\":\"https:\\\/\\\/www.churchill1795.com\\\/wp-content\\\/uploads\\\/2016\\\/01\\\/APR-CSBL1.png\",\"datePublished\":\"2016-01-01T00:00:00+00:00\",\"dateModified\":\"2025-12-18T23:30:04+00:00\",\"description\":\"Teil der Sequel-Beverage- Produktreihe, einer professionellen Kollektion aus feinem wei\u00dfen Alchemy-Porzellan.\",\"breadcrumb\":{\"@id\":\"https:\\\/\\\/www.churchill1795.com\\\/de\\\/produkt\\\/covered-zuckerdose-ersatz-deckel-20cl\\\/#breadcrumb\"},\"inLanguage\":\"de\",\"potentialAction\":[{\"@type\":\"ReadAction\",\"target\":[\"https:\\\/\\\/www.churchill1795.com\\\/de\\\/produkt\\\/covered-zuckerdose-ersatz-deckel-20cl\\\/\"]}]},{\"@type\":\"ImageObject\",\"inLanguage\":\"de\",\"@id\":\"https:\\\/\\\/www.churchill1795.com\\\/de\\\/produkt\\\/covered-zuckerdose-ersatz-deckel-20cl\\\/#primaryimage\",\"url\":\"https:\\\/\\\/www.churchill1795.com\\\/wp-content\\\/uploads\\\/2016\\\/01\\\/APR-CSBL1.png\",\"contentUrl\":\"https:\\\/\\\/www.churchill1795.com\\\/wp-content\\\/uploads\\\/2016\\\/01\\\/APR-CSBL1.png\",\"width\":500,\"height\":500},{\"@type\":\"BreadcrumbList\",\"@id\":\"https:\\\/\\\/www.churchill1795.com\\\/de\\\/produkt\\\/covered-zuckerdose-ersatz-deckel-20cl\\\/#breadcrumb\",\"itemListElement\":[{\"@type\":\"ListItem\",\"position\":1,\"name\":\"Home\",\"item\":\"https:\\\/\\\/www.churchill1795.com\\\/de\\\/\"},{\"@type\":\"ListItem\",\"position\":2,\"name\":\"COVERED ZUCKERDOSE ERSATZ-DECKEL 20CL\"}]},{\"@type\":\"WebSite\",\"@id\":\"https:\\\/\\\/www.churchill1795.com\\\/en\\\/#website\",\"url\":\"https:\\\/\\\/www.churchill1795.com\\\/en\\\/\",\"name\":\"Churchill\",\"description\":\"Innovation, Passion &amp; expertise\",\"publisher\":{\"@id\":\"https:\\\/\\\/www.churchill1795.com\\\/en\\\/#organization\"},\"potentialAction\":[{\"@type\":\"SearchAction\",\"target\":{\"@type\":\"EntryPoint\",\"urlTemplate\":\"https:\\\/\\\/www.churchill1795.com\\\/en\\\/?s={search_term_string}\"},\"query-input\":{\"@type\":\"PropertyValueSpecification\",\"valueRequired\":true,\"valueName\":\"search_term_string\"}}],\"inLanguage\":\"de\"},{\"@type\":\"Organization\",\"@id\":\"https:\\\/\\\/www.churchill1795.com\\\/en\\\/#organization\",\"name\":\"Churchill\",\"url\":\"https:\\\/\\\/www.churchill1795.com\\\/en\\\/\",\"logo\":{\"@type\":\"ImageObject\",\"inLanguage\":\"de\",\"@id\":\"https:\\\/\\\/www.churchill1795.com\\\/en\\\/#\\\/schema\\\/logo\\\/image\\\/\",\"url\":\"https:\\\/\\\/www.churchill1795.com\\\/wp-content\\\/uploads\\\/2024\\\/09\\\/logo-1.webp\",\"contentUrl\":\"https:\\\/\\\/www.churchill1795.com\\\/wp-content\\\/uploads\\\/2024\\\/09\\\/logo-1.webp\",\"width\":240,\"height\":88,\"caption\":\"Churchill\"},\"image\":{\"@id\":\"https:\\\/\\\/www.churchill1795.com\\\/en\\\/#\\\/schema\\\/logo\\\/image\\\/\"}}]}<\/script>\n<!-- \/ Yoast SEO plugin. -->","yoast_head_json":{"title":"Churchill Alchemy Sequel Zuckerdose Deckel","description":"Teil der Sequel-Beverage- Produktreihe, einer professionellen Kollektion aus feinem wei\u00dfen Alchemy-Porzellan.","robots":{"index":"index","follow":"follow","max-snippet":"max-snippet:-1","max-image-preview":"max-image-preview:large","max-video-preview":"max-video-preview:-1"},"canonical":"https:\/\/www.churchill1795.com\/de\/produkt\/covered-zuckerdose-ersatz-deckel-20cl\/","og_locale":"de_DE","og_type":"article","og_title":"Churchill Alchemy Sequel Zuckerdose Deckel","og_description":"Teil der Sequel-Beverage- Produktreihe, einer professionellen Kollektion aus feinem wei\u00dfen Alchemy-Porzellan.","og_url":"https:\/\/www.churchill1795.com\/de\/produkt\/covered-zuckerdose-ersatz-deckel-20cl\/","og_site_name":"Churchill","article_modified_time":"2025-12-18T23:30:04+00:00","og_image":[{"width":500,"height":500,"url":"https:\/\/www.churchill1795.com\/wp-content\/uploads\/2016\/01\/APR-CSBL1.png","type":"image\/png"}],"twitter_card":"summary_large_image","schema":{"@context":"https:\/\/schema.org","@graph":[{"@type":"WebPage","@id":"https:\/\/www.churchill1795.com\/de\/produkt\/covered-zuckerdose-ersatz-deckel-20cl\/","url":"https:\/\/www.churchill1795.com\/de\/produkt\/covered-zuckerdose-ersatz-deckel-20cl\/","name":"Churchill Alchemy Sequel Zuckerdose Deckel","isPartOf":{"@id":"https:\/\/www.churchill1795.com\/en\/#website"},"primaryImageOfPage":{"@id":"https:\/\/www.churchill1795.com\/de\/produkt\/covered-zuckerdose-ersatz-deckel-20cl\/#primaryimage"},"image":{"@id":"https:\/\/www.churchill1795.com\/de\/produkt\/covered-zuckerdose-ersatz-deckel-20cl\/#primaryimage"},"thumbnailUrl":"https:\/\/www.churchill1795.com\/wp-content\/uploads\/2016\/01\/APR-CSBL1.png","datePublished":"2016-01-01T00:00:00+00:00","dateModified":"2025-12-18T23:30:04+00:00","description":"Teil der Sequel-Beverage- Produktreihe, einer professionellen Kollektion aus feinem wei\u00dfen Alchemy-Porzellan.","breadcrumb":{"@id":"https:\/\/www.churchill1795.com\/de\/produkt\/covered-zuckerdose-ersatz-deckel-20cl\/#breadcrumb"},"inLanguage":"de","potentialAction":[{"@type":"ReadAction","target":["https:\/\/www.churchill1795.com\/de\/produkt\/covered-zuckerdose-ersatz-deckel-20cl\/"]}]},{"@type":"ImageObject","inLanguage":"de","@id":"https:\/\/www.churchill1795.com\/de\/produkt\/covered-zuckerdose-ersatz-deckel-20cl\/#primaryimage","url":"https:\/\/www.churchill1795.com\/wp-content\/uploads\/2016\/01\/APR-CSBL1.png","contentUrl":"https:\/\/www.churchill1795.com\/wp-content\/uploads\/2016\/01\/APR-CSBL1.png","width":500,"height":500},{"@type":"BreadcrumbList","@id":"https:\/\/www.churchill1795.com\/de\/produkt\/covered-zuckerdose-ersatz-deckel-20cl\/#breadcrumb","itemListElement":[{"@type":"ListItem","position":1,"name":"Home","item":"https:\/\/www.churchill1795.com\/de\/"},{"@type":"ListItem","position":2,"name":"COVERED ZUCKERDOSE ERSATZ-DECKEL 20CL"}]},{"@type":"WebSite","@id":"https:\/\/www.churchill1795.com\/en\/#website","url":"https:\/\/www.churchill1795.com\/en\/","name":"Churchill","description":"Innovation, Passion &amp; expertise","publisher":{"@id":"https:\/\/www.churchill1795.com\/en\/#organization"},"potentialAction":[{"@type":"SearchAction","target":{"@type":"EntryPoint","urlTemplate":"https:\/\/www.churchill1795.com\/en\/?s={search_term_string}"},"query-input":{"@type":"PropertyValueSpecification","valueRequired":true,"valueName":"search_term_string"}}],"inLanguage":"de"},{"@type":"Organization","@id":"https:\/\/www.churchill1795.com\/en\/#organization","name":"Churchill","url":"https:\/\/www.churchill1795.com\/en\/","logo":{"@type":"ImageObject","inLanguage":"de","@id":"https:\/\/www.churchill1795.com\/en\/#\/schema\/logo\/image\/","url":"https:\/\/www.churchill1795.com\/wp-content\/uploads\/2024\/09\/logo-1.webp","contentUrl":"https:\/\/www.churchill1795.com\/wp-content\/uploads\/2024\/09\/logo-1.webp","width":240,"height":88,"caption":"Churchill"},"image":{"@id":"https:\/\/www.churchill1795.com\/en\/#\/schema\/logo\/image\/"}}]}},"_links":{"self":[{"href":"https:\/\/www.churchill1795.com\/de\/wp-json\/wp\/v2\/product\/44886","targetHints":{"allow":["GET"]}}],"collection":[{"href":"https:\/\/www.churchill1795.com\/de\/wp-json\/wp\/v2\/product"}],"about":[{"href":"https:\/\/www.churchill1795.com\/de\/wp-json\/wp\/v2\/types\/product"}],"wp:featuredmedia":[{"embeddable":true,"href":"https:\/\/www.churchill1795.com\/de\/wp-json\/wp\/v2\/media\/40029"}],"wp:attachment":[{"href":"https:\/\/www.churchill1795.com\/de\/wp-json\/wp\/v2\/media?parent=44886"}],"wp:term":[{"taxonomy":"product_brand","embeddable":true,"href":"https:\/\/www.churchill1795.com\/de\/wp-json\/wp\/v2\/product_brand?post=44886"},{"taxonomy":"product_cat","embeddable":true,"href":"https:\/\/www.churchill1795.com\/de\/wp-json\/wp\/v2\/product_cat?post=44886"},{"taxonomy":"product_tag","embeddable":true,"href":"https:\/\/www.churchill1795.com\/de\/wp-json\/wp\/v2\/product_tag?post=44886"}],"curies":[{"name":"wp","href":"https:\/\/api.w.org\/{rel}","templated":true}]}}