{"id":44881,"date":"2016-01-01T00:00:00","date_gmt":"2016-01-01T00:00:00","guid":{"rendered":"https:\/\/www.churchill1795.com\/?post_type=product&#038;p=44881"},"modified":"2025-12-18T23:30:00","modified_gmt":"2025-12-18T23:30:00","slug":"kaffee-ersatz-deckel-topf-59cl","status":"publish","type":"product","link":"https:\/\/www.churchill1795.com\/de\/produkt\/kaffee-ersatz-deckel-topf-59cl\/","title":{"rendered":"KAFFEE ERSATZ-DECKEL &#8211; TOPF 59CL"},"content":{"rendered":"<p>Eine elegante Getr\u00e4nkeserie, die dem Tisch eine raffinierte Note verleiht. Sequel besteht aus hochwertigem wei\u00dfem Performance Fine China und eignet sich perfekt f\u00fcr die feine K\u00fcche sowie f\u00fcr Kaffee und Kuchen. Die Serie wurde so entwickelt, um andere Alchemy-Designs zu erg\u00e4nzen.<\/p>\n","protected":false},"excerpt":{"rendered":"<p>Ein elegantes Sortiment an Trinkgeschirr, das dem Tisch eine raffinierte Note verleiht und sich hervorragend f\u00fcr die feine K\u00fcche und den &#8222;Afternoon Tea&#8220; eignet.<\/p>\n","protected":false},"featured_media":40027,"template":"","meta":{"_acf_changed":false,"content-type":""},"product_brand":[],"product_cat":[3582,3587],"product_tag":[],"class_list":{"0":"post-44881","1":"product","2":"type-product","3":"status-publish","4":"has-post-thumbnail","6":"product_cat-getraenke","7":"product_cat-teekanne-und-kaffeekanne","8":"pa_colour-white-de","9":"pa_filter-capacity-61-115cl-20-6-38-8oz-de","10":"pa_filter-colour-weis","11":"pa_filter-material-keramik","12":"pa_material-alchemy-fine-china-de","13":"pa_shape-rund","14":"pa_size-42cl-14-2oz-de","15":"range-sequel","16":"brand-alchemy","17":"shape-code-al211","19":"first","20":"instock","21":"purchasable","22":"product-type-simple","23":"add-to-wishlist-after_add_to_cart"},"acf":[],"yoast_head":"<!-- This site is optimized with the Yoast SEO plugin v27.3 - https:\/\/yoast.com\/product\/yoast-seo-wordpress\/ -->\n<title>Churchill Alchemy White Replacement KAFFEEKANNE Lid 59cl<\/title>\n<meta name=\"description\" content=\"Leistungsstarkes Feinporzellan f\u00fcr die raffinierte Pr\u00e4sentation von Speisen. Eines der st\u00e4rksten Keramikgeschirre der Welt. Erfahren Sie mehr.\" \/>\n<meta name=\"robots\" content=\"index, follow, max-snippet:-1, max-image-preview:large, max-video-preview:-1\" \/>\n<link rel=\"canonical\" href=\"https:\/\/www.churchill1795.com\/de\/produkt\/kaffee-ersatz-deckel-topf-59cl\/\" \/>\n<meta property=\"og:locale\" content=\"de_DE\" \/>\n<meta property=\"og:type\" content=\"article\" \/>\n<meta property=\"og:title\" content=\"Churchill Alchemy White Replacement KAFFEEKANNE Lid 59cl\" \/>\n<meta property=\"og:description\" content=\"Leistungsstarkes Feinporzellan f\u00fcr die raffinierte Pr\u00e4sentation von Speisen. Eines der st\u00e4rksten Keramikgeschirre der Welt. Erfahren Sie mehr.\" \/>\n<meta property=\"og:url\" content=\"https:\/\/www.churchill1795.com\/de\/produkt\/kaffee-ersatz-deckel-topf-59cl\/\" \/>\n<meta property=\"og:site_name\" content=\"Churchill\" \/>\n<meta property=\"article:modified_time\" content=\"2025-12-18T23:30:00+00:00\" \/>\n<meta property=\"og:image\" content=\"https:\/\/www.churchill1795.com\/wp-content\/uploads\/2016\/01\/APR-AL211.png\" \/>\n\t<meta property=\"og:image:width\" content=\"500\" \/>\n\t<meta property=\"og:image:height\" content=\"500\" \/>\n\t<meta property=\"og:image:type\" content=\"image\/png\" \/>\n<meta name=\"twitter:card\" content=\"summary_large_image\" \/>\n<script type=\"application\/ld+json\" class=\"yoast-schema-graph\">{\"@context\":\"https:\\\/\\\/schema.org\",\"@graph\":[{\"@type\":\"WebPage\",\"@id\":\"https:\\\/\\\/www.churchill1795.com\\\/de\\\/produkt\\\/kaffee-ersatz-deckel-topf-59cl\\\/\",\"url\":\"https:\\\/\\\/www.churchill1795.com\\\/de\\\/produkt\\\/kaffee-ersatz-deckel-topf-59cl\\\/\",\"name\":\"Churchill Alchemy White Replacement KAFFEEKANNE Lid 59cl\",\"isPartOf\":{\"@id\":\"https:\\\/\\\/www.churchill1795.com\\\/en\\\/#website\"},\"primaryImageOfPage\":{\"@id\":\"https:\\\/\\\/www.churchill1795.com\\\/de\\\/produkt\\\/kaffee-ersatz-deckel-topf-59cl\\\/#primaryimage\"},\"image\":{\"@id\":\"https:\\\/\\\/www.churchill1795.com\\\/de\\\/produkt\\\/kaffee-ersatz-deckel-topf-59cl\\\/#primaryimage\"},\"thumbnailUrl\":\"https:\\\/\\\/www.churchill1795.com\\\/wp-content\\\/uploads\\\/2016\\\/01\\\/APR-AL211.png\",\"datePublished\":\"2016-01-01T00:00:00+00:00\",\"dateModified\":\"2025-12-18T23:30:00+00:00\",\"description\":\"Leistungsstarkes Feinporzellan f\u00fcr die raffinierte Pr\u00e4sentation von Speisen. Eines der st\u00e4rksten Keramikgeschirre der Welt. Erfahren Sie mehr.\",\"breadcrumb\":{\"@id\":\"https:\\\/\\\/www.churchill1795.com\\\/de\\\/produkt\\\/kaffee-ersatz-deckel-topf-59cl\\\/#breadcrumb\"},\"inLanguage\":\"de\",\"potentialAction\":[{\"@type\":\"ReadAction\",\"target\":[\"https:\\\/\\\/www.churchill1795.com\\\/de\\\/produkt\\\/kaffee-ersatz-deckel-topf-59cl\\\/\"]}]},{\"@type\":\"ImageObject\",\"inLanguage\":\"de\",\"@id\":\"https:\\\/\\\/www.churchill1795.com\\\/de\\\/produkt\\\/kaffee-ersatz-deckel-topf-59cl\\\/#primaryimage\",\"url\":\"https:\\\/\\\/www.churchill1795.com\\\/wp-content\\\/uploads\\\/2016\\\/01\\\/APR-AL211.png\",\"contentUrl\":\"https:\\\/\\\/www.churchill1795.com\\\/wp-content\\\/uploads\\\/2016\\\/01\\\/APR-AL211.png\",\"width\":500,\"height\":500},{\"@type\":\"BreadcrumbList\",\"@id\":\"https:\\\/\\\/www.churchill1795.com\\\/de\\\/produkt\\\/kaffee-ersatz-deckel-topf-59cl\\\/#breadcrumb\",\"itemListElement\":[{\"@type\":\"ListItem\",\"position\":1,\"name\":\"Home\",\"item\":\"https:\\\/\\\/www.churchill1795.com\\\/de\\\/\"},{\"@type\":\"ListItem\",\"position\":2,\"name\":\"KAFFEE ERSATZ-DECKEL &#8211; TOPF 59CL\"}]},{\"@type\":\"WebSite\",\"@id\":\"https:\\\/\\\/www.churchill1795.com\\\/en\\\/#website\",\"url\":\"https:\\\/\\\/www.churchill1795.com\\\/en\\\/\",\"name\":\"Churchill\",\"description\":\"Innovation, Passion &amp; expertise\",\"publisher\":{\"@id\":\"https:\\\/\\\/www.churchill1795.com\\\/en\\\/#organization\"},\"potentialAction\":[{\"@type\":\"SearchAction\",\"target\":{\"@type\":\"EntryPoint\",\"urlTemplate\":\"https:\\\/\\\/www.churchill1795.com\\\/en\\\/?s={search_term_string}\"},\"query-input\":{\"@type\":\"PropertyValueSpecification\",\"valueRequired\":true,\"valueName\":\"search_term_string\"}}],\"inLanguage\":\"de\"},{\"@type\":\"Organization\",\"@id\":\"https:\\\/\\\/www.churchill1795.com\\\/en\\\/#organization\",\"name\":\"Churchill\",\"url\":\"https:\\\/\\\/www.churchill1795.com\\\/en\\\/\",\"logo\":{\"@type\":\"ImageObject\",\"inLanguage\":\"de\",\"@id\":\"https:\\\/\\\/www.churchill1795.com\\\/en\\\/#\\\/schema\\\/logo\\\/image\\\/\",\"url\":\"https:\\\/\\\/www.churchill1795.com\\\/wp-content\\\/uploads\\\/2024\\\/09\\\/logo-1.webp\",\"contentUrl\":\"https:\\\/\\\/www.churchill1795.com\\\/wp-content\\\/uploads\\\/2024\\\/09\\\/logo-1.webp\",\"width\":240,\"height\":88,\"caption\":\"Churchill\"},\"image\":{\"@id\":\"https:\\\/\\\/www.churchill1795.com\\\/en\\\/#\\\/schema\\\/logo\\\/image\\\/\"}}]}<\/script>\n<!-- \/ Yoast SEO plugin. -->","yoast_head_json":{"title":"Churchill Alchemy White Replacement KAFFEEKANNE Lid 59cl","description":"Leistungsstarkes Feinporzellan f\u00fcr die raffinierte Pr\u00e4sentation von Speisen. Eines der st\u00e4rksten Keramikgeschirre der Welt. Erfahren Sie mehr.","robots":{"index":"index","follow":"follow","max-snippet":"max-snippet:-1","max-image-preview":"max-image-preview:large","max-video-preview":"max-video-preview:-1"},"canonical":"https:\/\/www.churchill1795.com\/de\/produkt\/kaffee-ersatz-deckel-topf-59cl\/","og_locale":"de_DE","og_type":"article","og_title":"Churchill Alchemy White Replacement KAFFEEKANNE Lid 59cl","og_description":"Leistungsstarkes Feinporzellan f\u00fcr die raffinierte Pr\u00e4sentation von Speisen. Eines der st\u00e4rksten Keramikgeschirre der Welt. Erfahren Sie mehr.","og_url":"https:\/\/www.churchill1795.com\/de\/produkt\/kaffee-ersatz-deckel-topf-59cl\/","og_site_name":"Churchill","article_modified_time":"2025-12-18T23:30:00+00:00","og_image":[{"width":500,"height":500,"url":"https:\/\/www.churchill1795.com\/wp-content\/uploads\/2016\/01\/APR-AL211.png","type":"image\/png"}],"twitter_card":"summary_large_image","schema":{"@context":"https:\/\/schema.org","@graph":[{"@type":"WebPage","@id":"https:\/\/www.churchill1795.com\/de\/produkt\/kaffee-ersatz-deckel-topf-59cl\/","url":"https:\/\/www.churchill1795.com\/de\/produkt\/kaffee-ersatz-deckel-topf-59cl\/","name":"Churchill Alchemy White Replacement KAFFEEKANNE Lid 59cl","isPartOf":{"@id":"https:\/\/www.churchill1795.com\/en\/#website"},"primaryImageOfPage":{"@id":"https:\/\/www.churchill1795.com\/de\/produkt\/kaffee-ersatz-deckel-topf-59cl\/#primaryimage"},"image":{"@id":"https:\/\/www.churchill1795.com\/de\/produkt\/kaffee-ersatz-deckel-topf-59cl\/#primaryimage"},"thumbnailUrl":"https:\/\/www.churchill1795.com\/wp-content\/uploads\/2016\/01\/APR-AL211.png","datePublished":"2016-01-01T00:00:00+00:00","dateModified":"2025-12-18T23:30:00+00:00","description":"Leistungsstarkes Feinporzellan f\u00fcr die raffinierte Pr\u00e4sentation von Speisen. Eines der st\u00e4rksten Keramikgeschirre der Welt. Erfahren Sie mehr.","breadcrumb":{"@id":"https:\/\/www.churchill1795.com\/de\/produkt\/kaffee-ersatz-deckel-topf-59cl\/#breadcrumb"},"inLanguage":"de","potentialAction":[{"@type":"ReadAction","target":["https:\/\/www.churchill1795.com\/de\/produkt\/kaffee-ersatz-deckel-topf-59cl\/"]}]},{"@type":"ImageObject","inLanguage":"de","@id":"https:\/\/www.churchill1795.com\/de\/produkt\/kaffee-ersatz-deckel-topf-59cl\/#primaryimage","url":"https:\/\/www.churchill1795.com\/wp-content\/uploads\/2016\/01\/APR-AL211.png","contentUrl":"https:\/\/www.churchill1795.com\/wp-content\/uploads\/2016\/01\/APR-AL211.png","width":500,"height":500},{"@type":"BreadcrumbList","@id":"https:\/\/www.churchill1795.com\/de\/produkt\/kaffee-ersatz-deckel-topf-59cl\/#breadcrumb","itemListElement":[{"@type":"ListItem","position":1,"name":"Home","item":"https:\/\/www.churchill1795.com\/de\/"},{"@type":"ListItem","position":2,"name":"KAFFEE ERSATZ-DECKEL &#8211; TOPF 59CL"}]},{"@type":"WebSite","@id":"https:\/\/www.churchill1795.com\/en\/#website","url":"https:\/\/www.churchill1795.com\/en\/","name":"Churchill","description":"Innovation, Passion &amp; expertise","publisher":{"@id":"https:\/\/www.churchill1795.com\/en\/#organization"},"potentialAction":[{"@type":"SearchAction","target":{"@type":"EntryPoint","urlTemplate":"https:\/\/www.churchill1795.com\/en\/?s={search_term_string}"},"query-input":{"@type":"PropertyValueSpecification","valueRequired":true,"valueName":"search_term_string"}}],"inLanguage":"de"},{"@type":"Organization","@id":"https:\/\/www.churchill1795.com\/en\/#organization","name":"Churchill","url":"https:\/\/www.churchill1795.com\/en\/","logo":{"@type":"ImageObject","inLanguage":"de","@id":"https:\/\/www.churchill1795.com\/en\/#\/schema\/logo\/image\/","url":"https:\/\/www.churchill1795.com\/wp-content\/uploads\/2024\/09\/logo-1.webp","contentUrl":"https:\/\/www.churchill1795.com\/wp-content\/uploads\/2024\/09\/logo-1.webp","width":240,"height":88,"caption":"Churchill"},"image":{"@id":"https:\/\/www.churchill1795.com\/en\/#\/schema\/logo\/image\/"}}]}},"_links":{"self":[{"href":"https:\/\/www.churchill1795.com\/de\/wp-json\/wp\/v2\/product\/44881","targetHints":{"allow":["GET"]}}],"collection":[{"href":"https:\/\/www.churchill1795.com\/de\/wp-json\/wp\/v2\/product"}],"about":[{"href":"https:\/\/www.churchill1795.com\/de\/wp-json\/wp\/v2\/types\/product"}],"wp:featuredmedia":[{"embeddable":true,"href":"https:\/\/www.churchill1795.com\/de\/wp-json\/wp\/v2\/media\/40027"}],"wp:attachment":[{"href":"https:\/\/www.churchill1795.com\/de\/wp-json\/wp\/v2\/media?parent=44881"}],"wp:term":[{"taxonomy":"product_brand","embeddable":true,"href":"https:\/\/www.churchill1795.com\/de\/wp-json\/wp\/v2\/product_brand?post=44881"},{"taxonomy":"product_cat","embeddable":true,"href":"https:\/\/www.churchill1795.com\/de\/wp-json\/wp\/v2\/product_cat?post=44881"},{"taxonomy":"product_tag","embeddable":true,"href":"https:\/\/www.churchill1795.com\/de\/wp-json\/wp\/v2\/product_tag?post=44881"}],"curies":[{"name":"wp","href":"https:\/\/api.w.org\/{rel}","templated":true}]}}