{"id":44710,"date":"2014-01-01T00:00:00","date_gmt":"2014-01-01T00:00:00","guid":{"rendered":"https:\/\/www.churchill1795.com\/?post_type=product&#038;p=44710"},"modified":"2026-01-25T20:48:12","modified_gmt":"2026-01-25T20:48:12","slug":"ersatz-deckel-teekanne-71cl-2","status":"publish","type":"product","link":"https:\/\/www.churchill1795.com\/de\/produkt\/ersatz-deckel-teekanne-71cl-2\/","title":{"rendered":"ERSATZ-DECKEL &#8211; TEEKANNE 71CL"},"content":{"rendered":"<p>Das hochwertige und zeitlose Alchemy White wurde mit Fokus auf Vielseitigkeit und Funktionalit\u00e4t f\u00fcr Hotellerie und Gastronomie entwickelt. Diese reinwei\u00dfe Geschirrkollektion bietet umfassende L\u00f6sungen und M\u00f6glichkeiten f\u00fcr das Event Catering sowie f\u00fcr die Hotelgastronomie.<\/p>\n","protected":false},"excerpt":{"rendered":"<p>Die hochwertige und zeitlose Alchemy White-Serie wurde mit Fokus auf Vielseitigkeit und Funktionalit\u00e4t f\u00fcr den Hotelsektor entwickelt.<\/p>\n","protected":false},"featured_media":25746,"template":"","meta":{"_acf_changed":false,"content-type":""},"product_brand":[],"product_cat":[3582,3587],"product_tag":[],"class_list":{"0":"post-44710","1":"product","2":"type-product","3":"status-publish","4":"has-post-thumbnail","6":"product_cat-getraenke","7":"product_cat-teekanne-und-kaffeekanne","8":"pa_colour-white-de","9":"pa_filter-capacity-61-115cl-20-6-38-8oz-de","10":"pa_filter-colour-weis","11":"pa_filter-material-keramik","12":"pa_material-alchemy-fine-china-de","13":"pa_shape-rund","14":"pa_size-71cl-25oz-de","15":"range-alchemy-white","16":"brand-alchemy","17":"shape-code-atl21","19":"first","20":"instock","21":"purchasable","22":"product-type-simple","23":"add-to-wishlist-after_add_to_cart"},"acf":[],"yoast_head":"<!-- This site is optimized with the Yoast SEO plugin v27.3 - https:\/\/yoast.com\/product\/yoast-seo-wordpress\/ -->\n<title>Churchill Alchemy White Ersatz-Teekannedeckel 71cl<\/title>\n<meta name=\"description\" content=\"Alchemy: Professionelles Premium-Geschirr aus verglastem, reinwei\u00dfem Feinporzellan. Elegante Formen. Entdecken Sie mehr.\" \/>\n<meta name=\"robots\" content=\"index, follow, max-snippet:-1, max-image-preview:large, max-video-preview:-1\" \/>\n<link rel=\"canonical\" href=\"https:\/\/www.churchill1795.com\/de\/produkt\/ersatz-deckel-teekanne-71cl-2\/\" \/>\n<meta property=\"og:locale\" content=\"de_DE\" \/>\n<meta property=\"og:type\" content=\"article\" \/>\n<meta property=\"og:title\" content=\"Churchill Alchemy White Ersatz-Teekannedeckel 71cl\" \/>\n<meta property=\"og:description\" content=\"Alchemy: Professionelles Premium-Geschirr aus verglastem, reinwei\u00dfem Feinporzellan. Elegante Formen. Entdecken Sie mehr.\" \/>\n<meta property=\"og:url\" content=\"https:\/\/www.churchill1795.com\/de\/produkt\/ersatz-deckel-teekanne-71cl-2\/\" \/>\n<meta property=\"og:site_name\" content=\"Churchill\" \/>\n<meta property=\"article:modified_time\" content=\"2026-01-25T20:48:12+00:00\" \/>\n<meta property=\"og:image\" content=\"https:\/\/www.churchill1795.com\/wp-content\/uploads\/2024\/07\/APR-ATL21.png\" \/>\n\t<meta property=\"og:image:width\" content=\"1000\" \/>\n\t<meta property=\"og:image:height\" content=\"1000\" \/>\n\t<meta property=\"og:image:type\" content=\"image\/png\" \/>\n<meta name=\"twitter:card\" content=\"summary_large_image\" \/>\n<script type=\"application\/ld+json\" class=\"yoast-schema-graph\">{\"@context\":\"https:\\\/\\\/schema.org\",\"@graph\":[{\"@type\":\"WebPage\",\"@id\":\"https:\\\/\\\/www.churchill1795.com\\\/de\\\/produkt\\\/ersatz-deckel-teekanne-71cl-2\\\/\",\"url\":\"https:\\\/\\\/www.churchill1795.com\\\/de\\\/produkt\\\/ersatz-deckel-teekanne-71cl-2\\\/\",\"name\":\"Churchill Alchemy White Ersatz-Teekannedeckel 71cl\",\"isPartOf\":{\"@id\":\"https:\\\/\\\/www.churchill1795.com\\\/en\\\/#website\"},\"primaryImageOfPage\":{\"@id\":\"https:\\\/\\\/www.churchill1795.com\\\/de\\\/produkt\\\/ersatz-deckel-teekanne-71cl-2\\\/#primaryimage\"},\"image\":{\"@id\":\"https:\\\/\\\/www.churchill1795.com\\\/de\\\/produkt\\\/ersatz-deckel-teekanne-71cl-2\\\/#primaryimage\"},\"thumbnailUrl\":\"https:\\\/\\\/www.churchill1795.com\\\/wp-content\\\/uploads\\\/2024\\\/07\\\/APR-ATL21.png\",\"datePublished\":\"2014-01-01T00:00:00+00:00\",\"dateModified\":\"2026-01-25T20:48:12+00:00\",\"description\":\"Alchemy: Professionelles Premium-Geschirr aus verglastem, reinwei\u00dfem Feinporzellan. Elegante Formen. Entdecken Sie mehr.\",\"breadcrumb\":{\"@id\":\"https:\\\/\\\/www.churchill1795.com\\\/de\\\/produkt\\\/ersatz-deckel-teekanne-71cl-2\\\/#breadcrumb\"},\"inLanguage\":\"de\",\"potentialAction\":[{\"@type\":\"ReadAction\",\"target\":[\"https:\\\/\\\/www.churchill1795.com\\\/de\\\/produkt\\\/ersatz-deckel-teekanne-71cl-2\\\/\"]}]},{\"@type\":\"ImageObject\",\"inLanguage\":\"de\",\"@id\":\"https:\\\/\\\/www.churchill1795.com\\\/de\\\/produkt\\\/ersatz-deckel-teekanne-71cl-2\\\/#primaryimage\",\"url\":\"https:\\\/\\\/www.churchill1795.com\\\/wp-content\\\/uploads\\\/2024\\\/07\\\/APR-ATL21.png\",\"contentUrl\":\"https:\\\/\\\/www.churchill1795.com\\\/wp-content\\\/uploads\\\/2024\\\/07\\\/APR-ATL21.png\",\"width\":1000,\"height\":1000},{\"@type\":\"BreadcrumbList\",\"@id\":\"https:\\\/\\\/www.churchill1795.com\\\/de\\\/produkt\\\/ersatz-deckel-teekanne-71cl-2\\\/#breadcrumb\",\"itemListElement\":[{\"@type\":\"ListItem\",\"position\":1,\"name\":\"Home\",\"item\":\"https:\\\/\\\/www.churchill1795.com\\\/de\\\/\"},{\"@type\":\"ListItem\",\"position\":2,\"name\":\"ERSATZ-DECKEL &#8211; TEEKANNE 71CL\"}]},{\"@type\":\"WebSite\",\"@id\":\"https:\\\/\\\/www.churchill1795.com\\\/en\\\/#website\",\"url\":\"https:\\\/\\\/www.churchill1795.com\\\/en\\\/\",\"name\":\"Churchill\",\"description\":\"Innovation, Passion &amp; expertise\",\"publisher\":{\"@id\":\"https:\\\/\\\/www.churchill1795.com\\\/en\\\/#organization\"},\"potentialAction\":[{\"@type\":\"SearchAction\",\"target\":{\"@type\":\"EntryPoint\",\"urlTemplate\":\"https:\\\/\\\/www.churchill1795.com\\\/en\\\/?s={search_term_string}\"},\"query-input\":{\"@type\":\"PropertyValueSpecification\",\"valueRequired\":true,\"valueName\":\"search_term_string\"}}],\"inLanguage\":\"de\"},{\"@type\":\"Organization\",\"@id\":\"https:\\\/\\\/www.churchill1795.com\\\/en\\\/#organization\",\"name\":\"Churchill\",\"url\":\"https:\\\/\\\/www.churchill1795.com\\\/en\\\/\",\"logo\":{\"@type\":\"ImageObject\",\"inLanguage\":\"de\",\"@id\":\"https:\\\/\\\/www.churchill1795.com\\\/en\\\/#\\\/schema\\\/logo\\\/image\\\/\",\"url\":\"https:\\\/\\\/www.churchill1795.com\\\/wp-content\\\/uploads\\\/2024\\\/09\\\/logo-1.webp\",\"contentUrl\":\"https:\\\/\\\/www.churchill1795.com\\\/wp-content\\\/uploads\\\/2024\\\/09\\\/logo-1.webp\",\"width\":240,\"height\":88,\"caption\":\"Churchill\"},\"image\":{\"@id\":\"https:\\\/\\\/www.churchill1795.com\\\/en\\\/#\\\/schema\\\/logo\\\/image\\\/\"}}]}<\/script>\n<!-- \/ Yoast SEO plugin. -->","yoast_head_json":{"title":"Churchill Alchemy White Ersatz-Teekannedeckel 71cl","description":"Alchemy: Professionelles Premium-Geschirr aus verglastem, reinwei\u00dfem Feinporzellan. Elegante Formen. Entdecken Sie mehr.","robots":{"index":"index","follow":"follow","max-snippet":"max-snippet:-1","max-image-preview":"max-image-preview:large","max-video-preview":"max-video-preview:-1"},"canonical":"https:\/\/www.churchill1795.com\/de\/produkt\/ersatz-deckel-teekanne-71cl-2\/","og_locale":"de_DE","og_type":"article","og_title":"Churchill Alchemy White Ersatz-Teekannedeckel 71cl","og_description":"Alchemy: Professionelles Premium-Geschirr aus verglastem, reinwei\u00dfem Feinporzellan. Elegante Formen. Entdecken Sie mehr.","og_url":"https:\/\/www.churchill1795.com\/de\/produkt\/ersatz-deckel-teekanne-71cl-2\/","og_site_name":"Churchill","article_modified_time":"2026-01-25T20:48:12+00:00","og_image":[{"width":1000,"height":1000,"url":"https:\/\/www.churchill1795.com\/wp-content\/uploads\/2024\/07\/APR-ATL21.png","type":"image\/png"}],"twitter_card":"summary_large_image","schema":{"@context":"https:\/\/schema.org","@graph":[{"@type":"WebPage","@id":"https:\/\/www.churchill1795.com\/de\/produkt\/ersatz-deckel-teekanne-71cl-2\/","url":"https:\/\/www.churchill1795.com\/de\/produkt\/ersatz-deckel-teekanne-71cl-2\/","name":"Churchill Alchemy White Ersatz-Teekannedeckel 71cl","isPartOf":{"@id":"https:\/\/www.churchill1795.com\/en\/#website"},"primaryImageOfPage":{"@id":"https:\/\/www.churchill1795.com\/de\/produkt\/ersatz-deckel-teekanne-71cl-2\/#primaryimage"},"image":{"@id":"https:\/\/www.churchill1795.com\/de\/produkt\/ersatz-deckel-teekanne-71cl-2\/#primaryimage"},"thumbnailUrl":"https:\/\/www.churchill1795.com\/wp-content\/uploads\/2024\/07\/APR-ATL21.png","datePublished":"2014-01-01T00:00:00+00:00","dateModified":"2026-01-25T20:48:12+00:00","description":"Alchemy: Professionelles Premium-Geschirr aus verglastem, reinwei\u00dfem Feinporzellan. Elegante Formen. Entdecken Sie mehr.","breadcrumb":{"@id":"https:\/\/www.churchill1795.com\/de\/produkt\/ersatz-deckel-teekanne-71cl-2\/#breadcrumb"},"inLanguage":"de","potentialAction":[{"@type":"ReadAction","target":["https:\/\/www.churchill1795.com\/de\/produkt\/ersatz-deckel-teekanne-71cl-2\/"]}]},{"@type":"ImageObject","inLanguage":"de","@id":"https:\/\/www.churchill1795.com\/de\/produkt\/ersatz-deckel-teekanne-71cl-2\/#primaryimage","url":"https:\/\/www.churchill1795.com\/wp-content\/uploads\/2024\/07\/APR-ATL21.png","contentUrl":"https:\/\/www.churchill1795.com\/wp-content\/uploads\/2024\/07\/APR-ATL21.png","width":1000,"height":1000},{"@type":"BreadcrumbList","@id":"https:\/\/www.churchill1795.com\/de\/produkt\/ersatz-deckel-teekanne-71cl-2\/#breadcrumb","itemListElement":[{"@type":"ListItem","position":1,"name":"Home","item":"https:\/\/www.churchill1795.com\/de\/"},{"@type":"ListItem","position":2,"name":"ERSATZ-DECKEL &#8211; TEEKANNE 71CL"}]},{"@type":"WebSite","@id":"https:\/\/www.churchill1795.com\/en\/#website","url":"https:\/\/www.churchill1795.com\/en\/","name":"Churchill","description":"Innovation, Passion &amp; expertise","publisher":{"@id":"https:\/\/www.churchill1795.com\/en\/#organization"},"potentialAction":[{"@type":"SearchAction","target":{"@type":"EntryPoint","urlTemplate":"https:\/\/www.churchill1795.com\/en\/?s={search_term_string}"},"query-input":{"@type":"PropertyValueSpecification","valueRequired":true,"valueName":"search_term_string"}}],"inLanguage":"de"},{"@type":"Organization","@id":"https:\/\/www.churchill1795.com\/en\/#organization","name":"Churchill","url":"https:\/\/www.churchill1795.com\/en\/","logo":{"@type":"ImageObject","inLanguage":"de","@id":"https:\/\/www.churchill1795.com\/en\/#\/schema\/logo\/image\/","url":"https:\/\/www.churchill1795.com\/wp-content\/uploads\/2024\/09\/logo-1.webp","contentUrl":"https:\/\/www.churchill1795.com\/wp-content\/uploads\/2024\/09\/logo-1.webp","width":240,"height":88,"caption":"Churchill"},"image":{"@id":"https:\/\/www.churchill1795.com\/en\/#\/schema\/logo\/image\/"}}]}},"_links":{"self":[{"href":"https:\/\/www.churchill1795.com\/de\/wp-json\/wp\/v2\/product\/44710","targetHints":{"allow":["GET"]}}],"collection":[{"href":"https:\/\/www.churchill1795.com\/de\/wp-json\/wp\/v2\/product"}],"about":[{"href":"https:\/\/www.churchill1795.com\/de\/wp-json\/wp\/v2\/types\/product"}],"wp:featuredmedia":[{"embeddable":true,"href":"https:\/\/www.churchill1795.com\/de\/wp-json\/wp\/v2\/media\/25746"}],"wp:attachment":[{"href":"https:\/\/www.churchill1795.com\/de\/wp-json\/wp\/v2\/media?parent=44710"}],"wp:term":[{"taxonomy":"product_brand","embeddable":true,"href":"https:\/\/www.churchill1795.com\/de\/wp-json\/wp\/v2\/product_brand?post=44710"},{"taxonomy":"product_cat","embeddable":true,"href":"https:\/\/www.churchill1795.com\/de\/wp-json\/wp\/v2\/product_cat?post=44710"},{"taxonomy":"product_tag","embeddable":true,"href":"https:\/\/www.churchill1795.com\/de\/wp-json\/wp\/v2\/product_tag?post=44710"}],"curies":[{"name":"wp","href":"https:\/\/api.w.org\/{rel}","templated":true}]}}