{"id":50692,"date":"2024-04-19T14:15:55","date_gmt":"2024-04-19T13:15:55","guid":{"rendered":"https:\/\/www.churchill1795.com\/erklaerung-zum-datenschutz\/"},"modified":"2025-01-29T14:51:50","modified_gmt":"2025-01-29T14:51:50","slug":"erklaerung-zum-datenschutz","status":"publish","type":"page","link":"https:\/\/www.churchill1795.com\/de\/erklaerung-zum-datenschutz\/","title":{"rendered":"Erkl\u00e4rung zum Datenschutz"},"content":{"rendered":"<section id=\"block_d60b1099321a424b1728e6ccbd6efbdb\" class=\"breadcrumbs-001\">\r\n    <div class=\"breadcrumbs-001__container container-flex\">\r\n\r\n        <ul class=\"breadcrumbs-001__list\">\r\n\r\n            <li class=\"breadcrumbs-001__item\">\r\n                <a class=\"breadcrumbs-001__link breadcrumbs-001__link--first\" href=\"https:\/\/www.churchill1795.com\/de\/\" aria-label=\"Open home page\">\r\n                                        <svg width=\"16\" height=\"16\" viewBox=\"0 0 16 16\" fill=\"none\" xmlns=\"http:\/\/www.w3.org\/2000\/svg\"  role=\"presentation\" class=\"breadcrumbs-001__home-icon\">\n<path fill-rule=\"evenodd\" clip-rule=\"evenodd\" d=\"M8.37781 0.117571C8.15559 -0.0391903 7.84441 -0.0391903 7.62219 0.117571L0.237575 5.32687C0.0876756 5.43261 0 5.5952 0 5.76744V13.9535C0 14.4962 0.237728 15.0168 0.660887 15.4006C1.08405 15.7844 1.65797 16 2.25641 16H13.7436C14.342 16 14.916 15.7844 15.3391 15.4006C15.7623 15.0168 16 14.4962 16 13.9535V5.76744C16 5.5952 15.9123 5.43261 15.7624 5.32687L8.37781 0.117571ZM1.23077 13.9535V6.04042L8 1.26522L14.7692 6.04041V13.9535C14.7692 14.2002 14.6612 14.4368 14.4688 14.6113C14.2765 14.7857 14.0156 14.8837 13.7436 14.8837H11.077V7.99999C11.077 7.69174 10.8015 7.44185 10.4616 7.44185H5.53852C5.19865 7.44185 4.92313 7.69174 4.92313 7.99999V14.8837H2.25641C1.98439 14.8837 1.72352 14.7857 1.53117 14.6113C1.33883 14.4368 1.23077 14.2002 1.23077 13.9535ZM6.1539 14.8837H9.84621V8.55813H6.1539V14.8837Z\" fill=\"currentColor\"\/>\n<\/svg>\n                <\/a>\r\n                <span class='breadcrumbs-001__link-divider'> \/ <\/span>            <\/li>\r\n            \r\n            \r\n            \r\n            \r\n\r\n            \r\n            <li class=\"breadcrumbs-001__item\">\r\n\r\n                                        <span class=\"breadcrumbs-001__text\">\r\n                            Erkl\u00e4rung zum Datenschutz\r\n                        <\/span>\r\n                \r\n            <\/li>\r\n\r\n            \r\n        <\/ul>\r\n\r\n    <\/div>\r\n<\/section>\r\n\n\n\r\n<section id=\"block_cab8168a67b83d934957175fa9d3e398\" class=\"one-col-accordion-001 grey top_small bottom_small\">\r\n    <div class=\"one-col-accordion-001__container container\">\r\n        \n    <h1 class=\"heading-001 heading-001--center one-col-accordion-001__heading\">\n        Erkl\u00e4rung zum Datenschutz    <\/h1>\n\r\n        \n\n    <div class=\"subheading-001 one-col-accordion-001__subheading\">\n        <p style=\"text-align: center;\">Wir danken Ihnen f\u00fcr Ihr Interesse an Churchill China. Wir m\u00f6chten sicherstellen, dass wir Ihre individuelle Privatsph\u00e4re respektieren und haben daher diese Datenschutzrichtlinie erstellt, die jederzeit ohne vorherige Ank\u00fcndigung aktualisiert werden kann, sofern dies nicht gesetzlich vorgeschrieben ist, und die Sie dar\u00fcber informiert, wie Ihre pers\u00f6nlichen Daten im Zusammenhang mit unserer Website www.churchill1795.com (&#8222;Churchill China&#8220;) verwendet werden.<\/p>\n<p style=\"text-align: center;\">Diese Datenschutzerkl\u00e4rung steht im Einklang mit dem UK Data Protection Act 2018 (UK General Data Protection Regulation) (&#8222;UKGDPR&#8220;) sowie dem Schweizer Bundesgesetz \u00fcber den Datenschutz vom 25. September 2020 (&#8222;DSG&#8220;) und der europ\u00e4ischen Verordnung (EU) 2016\/679 des Europ\u00e4ischen Parlaments und des Rates vom 27. April 2016 zum Schutz nat\u00fcrlicher Personen bei der Verarbeitung personenbezogener Daten und zum freien Datenverkehr (&#8222;GDPR&#8220;), einschlie\u00dflich der Rechte von in Kalifornien ans\u00e4ssigen Personen gem\u00e4\u00df dem California Consumer Privacy Act (&#8222;CPRA&#8220;) und dem Virginia Consumer Data Privacy Act (&#8222;VCDPA&#8220;) (im Folgenden gemeinsam als &#8222;Datenschutzverordnung&#8220; bezeichnet), beschreibt, wie wir personenbezogene Daten, die wir von Nutzern der Website von Churchill China erheben, verarbeiten und weitergeben. Diese Datenschutzrichtlinie gilt nur f\u00fcr die Churchill China-Website.<\/p>\n<p style=\"text-align: center;\">Wenn Sie die Website von Churchill China besuchen, sollten Sie diese Datenschutzrichtlinie lesen, um Ihre Rechte zu kennen. Wenn Sie Fragen haben, k\u00f6nnen Sie uns jederzeit \u00fcber einen der unten angegebenen Kan\u00e4le kontaktieren.<\/p>\n<p style=\"text-align: center;\">Diese Datenschutzerkl\u00e4rung erg\u00e4nzt und erweitert die Informationen zum Datenschutz in Verbindung mit unseren Nutzungsbedingungen.<\/p>\n<p style=\"text-align: center;\">Im Folgenden erl\u00e4utern wir Ihnen einige wichtige Punkte, die Sie kennen sollten:<\/p>\n<p style=\"text-align: center;\">1. Wer wir sind und Kontaktinformationen<\/p>\n<p style=\"text-align: center;\">2. Welche pers\u00f6nlichen Daten wir sammeln<\/p>\n<p style=\"text-align: center;\">3. Was wir mit den von uns erfassten pers\u00f6nlichen Daten tun<\/p>\n<p style=\"text-align: center;\">4. Offenlegung von pers\u00f6nlichen Daten f\u00fcr gesch\u00e4ftliche Zwecke<\/p>\n<p style=\"text-align: center;\">5. Rechte an Ihren pers\u00f6nlichen Daten<\/p>\n<p style=\"text-align: center;\">6. Daten\u00fcbertragung<\/p>\n<p style=\"text-align: center;\">7. Rechtsgrundlage<\/p>\n<p style=\"text-align: center;\">8. Sicherheit und Vertraulichkeit<\/p>\n<p style=\"text-align: center;\">9. Wie lange wir Ihre pers\u00f6nlichen Daten aufbewahren<\/p>\n<p style=\"text-align: center;\">10. Aufsichtsbeh\u00f6rde<\/p>\n<p style=\"text-align: center;\">11. Links zu anderen Websites<\/p>\n<p style=\"text-align: center;\">12. Kinder unter 18 Jahren<\/p>\n<p style=\"text-align: center;\">13. Cookies<\/p>\n<p style=\"text-align: center;\">14. Marketing<\/p>\n<p style=\"text-align: center;\">15. Haben Sie noch Fragen?<\/p>\n    <\/div>\n\r\n        \r\n            <\/div>\r\n<\/section>\r\n\n\n\n<section id=\"block_d19d48124046f519c9140581a7cf5eeb\" class=\"one-col-downloads-001 white top_small bottom_small\">\n    <div class=\"one-col-downloads-001__container container\">\n        \n    <h2 class=\"heading-001 heading-001--center one-col-downloads-001__heading\">\n        Laden Sie die Datenschutzrichtlinie von Churchill herunter    <\/h2>\n        \n        <div class=\"one-col-downloads-001__tabs\" data-tabs-select-wrap>\n            \n                        <div class=\"one-col-downloads-001__select-content-wrap\" data-tabs-select-content-wrap>\n                                    <div class=\"one-col-downloads-001__select-content active\" data-tabs-select-content=\"data-tab-0\">\n                        <div class=\"one-col-downloads-001__select-content-inner\">\n                                                            <ul class=\"one-col-downloads-001__list-files\">\n                                                                        <li>\n                                        <a href=\"https:\/\/www.churchill1795.com\/wp-content\/uploads\/2024\/08\/Churchill-Privacy-Policy.docx\" download class=\"one-col-downloads-001__list-file-link\">\n                                            <svg viewBox=\"0 0 15 15\" fill=\"none\" xmlns=\"http:\/\/www.w3.org\/2000\/svg\"  role=\"presentation\" class=\"one-col-downloads-001__list-file-link-icon\">\n<circle cx=\"7.5\" cy=\"7.5\" r=\"7.5\" fill=\"black\"\/>\n<path fill-rule=\"evenodd\" clip-rule=\"evenodd\" d=\"M3.40909 8C3.63503 8 3.81818 8.20664 3.81818 8.46154V10.5128C3.81818 10.6624 3.87086 10.8059 3.96463 10.9117C4.0584 11.0175 4.18557 11.0769 4.31818 11.0769H10.6818C10.8144 11.0769 10.9416 11.0175 11.0354 10.9117C11.1291 10.8059 11.1818 10.6624 11.1818 10.5128V8.46154C11.1818 8.20664 11.365 8 11.5909 8C11.8168 8 12 8.20664 12 8.46154V10.5128C12 10.9072 11.8611 11.2855 11.6139 11.5644C11.3667 11.8433 11.0314 12 10.6818 12H4.31818C3.96858 12 3.63329 11.8433 3.38609 11.5644C3.13888 11.2855 3 10.9072 3 10.5128V8.46154C3 8.20664 3.18316 8 3.40909 8Z\" fill=\"white\"\/>\n<path fill-rule=\"evenodd\" clip-rule=\"evenodd\" d=\"M7.90939 3.40909C7.90939 3.18316 7.72624 3 7.5003 3C7.27437 3 7.09121 3.18316 7.09121 3.40909V7.87617L5.51672 6.30168C5.35696 6.14192 5.09794 6.14192 4.93818 6.30168C4.77842 6.46144 4.77842 6.72046 4.93818 6.88022L7.21091 9.15295C7.30431 9.24635 7.43163 9.28514 7.55322 9.26934C7.5963 9.26377 7.63727 9.25151 7.67507 9.23362C7.69375 9.22479 7.7119 9.21447 7.72933 9.20265C7.7529 9.1867 7.77471 9.16836 7.79443 9.14797L10.0622 6.88022C10.2219 6.72046 10.2219 6.46144 10.0622 6.30168C9.90242 6.14192 9.64339 6.14192 9.48363 6.30168L7.90939 7.87592V3.40909Z\" fill=\"white\"\/>\n<\/svg>\n                                            <span class=\"one-col-downloads-001__list-file-name\">Churchill Datenschutzbestimmungen<\/span>\n                                            <span class=\"one-col-downloads-001__list-file-size\">(0.06mb)<\/span>\n                                        <\/a>\n                                    <\/li>\n                                                                    <\/ul>\n                                                    <\/div>\n                    <\/div>\n                            <\/div>\n                    <\/div>\n\n    <\/div>\n<\/section>\n\n\n\r\n    <section id=\"block_a38067333d7fc1b994368eb35b57c55b\" class=\"three-col-icons-001 white top_none bottom_small\">\r\n            <div class=\"three-col-icons-001__container container\">\r\n                \n                \n\n                <div class=\"three-col-icons-001__wrap\">\r\n                    <div class=\"three-col-icons-001__row three-col-icons-001__row--3\">\r\n                                                                                    <div class=\"three-col-icons-001__column\">\r\n                                    <div class=\"three-col-icons-001__column-wrap\">\r\n                                        <div class=\"three-col-icons-001__image\">\r\n                                            \n\n        <picture class=\"image-001 three-col-icons-001__figure\">\n        \n        <img decoding=\"async\" class=\"image-001__img  three-col-icons-001__column-image\" width=\"28\" height=\"28\" src=\"https:\/\/www.churchill1795.com\/wp-content\/uploads\/2024\/01\/Pin.svg\" alt=\"\" >\n    <\/picture>\n                                            <\/div>\r\n                                        <div class=\"three-col-icons-001__text\">\r\n                                            \n    <h2 class=\"heading-001 heading-001--left three-col-icons-001__column-heading\">\n        wie man kauft    <\/h2>\n                                            \n\r\n                                            \n\n        \n        <a class=\"btn btn-001 btn-default btn-transparent btn-transparent three-col-icons-001__link\" href=\"\/de\/wie-sie-kaufen\" aria-label=\"Open page - Weitere Informationen\">\n                Weitere Informationen        <\/a>\n\n        \n                                        <\/div>\r\n                                    <\/div>\r\n                                <\/div>\r\n                                                            <div class=\"three-col-icons-001__column\">\r\n                                    <div class=\"three-col-icons-001__column-wrap\">\r\n                                        <div class=\"three-col-icons-001__image\">\r\n                                            \n\n        <picture class=\"image-001 three-col-icons-001__figure\">\n        \n        <img decoding=\"async\" class=\"image-001__img  three-col-icons-001__column-image\" width=\"28\" height=\"28\" src=\"https:\/\/www.churchill1795.com\/wp-content\/uploads\/2024\/01\/Help.svg\" alt=\"\" >\n    <\/picture>\n                                            <\/div>\r\n                                        <div class=\"three-col-icons-001__text\">\r\n                                            \n    <h2 class=\"heading-001 heading-001--left three-col-icons-001__column-heading\">\n        Sie brauchen Hilfe?    <\/h2>\n                                            \n\r\n                                            \n\n        \n        <a class=\"btn btn-001 btn-default btn-transparent btn-transparent three-col-icons-001__link\" href=\"\/de\/faqs\/\" aria-label=\"Open page - Lesen Sie unsere FAQs\">\n                Lesen Sie unsere FAQs        <\/a>\n\n        \n                                        <\/div>\r\n                                    <\/div>\r\n                                <\/div>\r\n                                                            <div class=\"three-col-icons-001__column\">\r\n                                    <div class=\"three-col-icons-001__column-wrap\">\r\n                                        <div class=\"three-col-icons-001__image\">\r\n                                            \n\n        <picture class=\"image-001 three-col-icons-001__figure\">\n        \n        <img decoding=\"async\" class=\"image-001__img  three-col-icons-001__column-image\" width=\"28\" height=\"28\" src=\"https:\/\/www.churchill1795.com\/wp-content\/uploads\/2024\/01\/Heart.svg\" alt=\"\" >\n    <\/picture>\n                                            <\/div>\r\n                                        <div class=\"three-col-icons-001__text\">\r\n                                            \n    <h2 class=\"heading-001 heading-001--left three-col-icons-001__column-heading\">\n        Mehr als nur ein Teller    <\/h2>\n                                            \n\r\n                                            \n\n        \n        <a class=\"btn btn-001 btn-default btn-transparent btn-transparent three-col-icons-001__link\" href=\"\/de\/ueber-uns\" aria-label=\"Open page - warum Churchill\">\n                warum Churchill        <\/a>\n\n        \n                                        <\/div>\r\n                                    <\/div>\r\n                                <\/div>\r\n                                                    \r\n                    <\/div>\r\n                <\/div>\r\n                        <\/div>\r\n    <\/section>\r\n","protected":false},"excerpt":{"rendered":"","protected":false},"author":2,"featured_media":0,"parent":0,"menu_order":0,"comment_status":"closed","ping_status":"closed","template":"","meta":{"_acf_changed":false,"content-type":"","footnotes":""},"class_list":["post-50692","page","type-page","status-publish","hentry"],"acf":[],"yoast_head":"<!-- This site is optimized with the Yoast SEO plugin v27.3 - https:\/\/yoast.com\/product\/yoast-seo-wordpress\/ -->\n<title>Erkl\u00e4rung zum Datenschutz - Churchill<\/title>\n<meta name=\"robots\" content=\"index, follow, max-snippet:-1, max-image-preview:large, max-video-preview:-1\" \/>\n<link rel=\"canonical\" href=\"https:\/\/www.churchill1795.com\/de\/erklaerung-zum-datenschutz\/\" \/>\n<meta property=\"og:locale\" content=\"de_DE\" \/>\n<meta property=\"og:type\" content=\"article\" \/>\n<meta property=\"og:title\" content=\"Erkl\u00e4rung zum Datenschutz - Churchill\" \/>\n<meta property=\"og:url\" content=\"https:\/\/www.churchill1795.com\/de\/erklaerung-zum-datenschutz\/\" \/>\n<meta property=\"og:site_name\" content=\"Churchill\" \/>\n<meta property=\"article:modified_time\" content=\"2025-01-29T14:51:50+00:00\" \/>\n<meta name=\"twitter:card\" content=\"summary_large_image\" \/>\n<script type=\"application\/ld+json\" class=\"yoast-schema-graph\">{\"@context\":\"https:\\\/\\\/schema.org\",\"@graph\":[{\"@type\":\"WebPage\",\"@id\":\"https:\\\/\\\/www.churchill1795.com\\\/de\\\/erklaerung-zum-datenschutz\\\/\",\"url\":\"https:\\\/\\\/www.churchill1795.com\\\/de\\\/erklaerung-zum-datenschutz\\\/\",\"name\":\"Erkl\u00e4rung zum Datenschutz - Churchill\",\"isPartOf\":{\"@id\":\"https:\\\/\\\/www.churchill1795.com\\\/en\\\/#website\"},\"datePublished\":\"2024-04-19T13:15:55+00:00\",\"dateModified\":\"2025-01-29T14:51:50+00:00\",\"breadcrumb\":{\"@id\":\"https:\\\/\\\/www.churchill1795.com\\\/de\\\/erklaerung-zum-datenschutz\\\/#breadcrumb\"},\"inLanguage\":\"de\",\"potentialAction\":[{\"@type\":\"ReadAction\",\"target\":[\"https:\\\/\\\/www.churchill1795.com\\\/de\\\/erklaerung-zum-datenschutz\\\/\"]}]},{\"@type\":\"BreadcrumbList\",\"@id\":\"https:\\\/\\\/www.churchill1795.com\\\/de\\\/erklaerung-zum-datenschutz\\\/#breadcrumb\",\"itemListElement\":[{\"@type\":\"ListItem\",\"position\":1,\"name\":\"Home\",\"item\":\"https:\\\/\\\/www.churchill1795.com\\\/de\\\/\"},{\"@type\":\"ListItem\",\"position\":2,\"name\":\"Erkl\u00e4rung zum Datenschutz\"}]},{\"@type\":\"WebSite\",\"@id\":\"https:\\\/\\\/www.churchill1795.com\\\/en\\\/#website\",\"url\":\"https:\\\/\\\/www.churchill1795.com\\\/en\\\/\",\"name\":\"Churchill\",\"description\":\"Innovation, Passion &amp; expertise\",\"publisher\":{\"@id\":\"https:\\\/\\\/www.churchill1795.com\\\/en\\\/#organization\"},\"potentialAction\":[{\"@type\":\"SearchAction\",\"target\":{\"@type\":\"EntryPoint\",\"urlTemplate\":\"https:\\\/\\\/www.churchill1795.com\\\/en\\\/?s={search_term_string}\"},\"query-input\":{\"@type\":\"PropertyValueSpecification\",\"valueRequired\":true,\"valueName\":\"search_term_string\"}}],\"inLanguage\":\"de\"},{\"@type\":\"Organization\",\"@id\":\"https:\\\/\\\/www.churchill1795.com\\\/en\\\/#organization\",\"name\":\"Churchill\",\"url\":\"https:\\\/\\\/www.churchill1795.com\\\/en\\\/\",\"logo\":{\"@type\":\"ImageObject\",\"inLanguage\":\"de\",\"@id\":\"https:\\\/\\\/www.churchill1795.com\\\/en\\\/#\\\/schema\\\/logo\\\/image\\\/\",\"url\":\"https:\\\/\\\/www.churchill1795.com\\\/wp-content\\\/uploads\\\/2024\\\/09\\\/logo-1.webp\",\"contentUrl\":\"https:\\\/\\\/www.churchill1795.com\\\/wp-content\\\/uploads\\\/2024\\\/09\\\/logo-1.webp\",\"width\":240,\"height\":88,\"caption\":\"Churchill\"},\"image\":{\"@id\":\"https:\\\/\\\/www.churchill1795.com\\\/en\\\/#\\\/schema\\\/logo\\\/image\\\/\"}}]}<\/script>\n<!-- \/ Yoast SEO plugin. -->","yoast_head_json":{"title":"Erkl\u00e4rung zum Datenschutz - Churchill","robots":{"index":"index","follow":"follow","max-snippet":"max-snippet:-1","max-image-preview":"max-image-preview:large","max-video-preview":"max-video-preview:-1"},"canonical":"https:\/\/www.churchill1795.com\/de\/erklaerung-zum-datenschutz\/","og_locale":"de_DE","og_type":"article","og_title":"Erkl\u00e4rung zum Datenschutz - Churchill","og_url":"https:\/\/www.churchill1795.com\/de\/erklaerung-zum-datenschutz\/","og_site_name":"Churchill","article_modified_time":"2025-01-29T14:51:50+00:00","twitter_card":"summary_large_image","schema":{"@context":"https:\/\/schema.org","@graph":[{"@type":"WebPage","@id":"https:\/\/www.churchill1795.com\/de\/erklaerung-zum-datenschutz\/","url":"https:\/\/www.churchill1795.com\/de\/erklaerung-zum-datenschutz\/","name":"Erkl\u00e4rung zum Datenschutz - Churchill","isPartOf":{"@id":"https:\/\/www.churchill1795.com\/en\/#website"},"datePublished":"2024-04-19T13:15:55+00:00","dateModified":"2025-01-29T14:51:50+00:00","breadcrumb":{"@id":"https:\/\/www.churchill1795.com\/de\/erklaerung-zum-datenschutz\/#breadcrumb"},"inLanguage":"de","potentialAction":[{"@type":"ReadAction","target":["https:\/\/www.churchill1795.com\/de\/erklaerung-zum-datenschutz\/"]}]},{"@type":"BreadcrumbList","@id":"https:\/\/www.churchill1795.com\/de\/erklaerung-zum-datenschutz\/#breadcrumb","itemListElement":[{"@type":"ListItem","position":1,"name":"Home","item":"https:\/\/www.churchill1795.com\/de\/"},{"@type":"ListItem","position":2,"name":"Erkl\u00e4rung zum Datenschutz"}]},{"@type":"WebSite","@id":"https:\/\/www.churchill1795.com\/en\/#website","url":"https:\/\/www.churchill1795.com\/en\/","name":"Churchill","description":"Innovation, Passion &amp; expertise","publisher":{"@id":"https:\/\/www.churchill1795.com\/en\/#organization"},"potentialAction":[{"@type":"SearchAction","target":{"@type":"EntryPoint","urlTemplate":"https:\/\/www.churchill1795.com\/en\/?s={search_term_string}"},"query-input":{"@type":"PropertyValueSpecification","valueRequired":true,"valueName":"search_term_string"}}],"inLanguage":"de"},{"@type":"Organization","@id":"https:\/\/www.churchill1795.com\/en\/#organization","name":"Churchill","url":"https:\/\/www.churchill1795.com\/en\/","logo":{"@type":"ImageObject","inLanguage":"de","@id":"https:\/\/www.churchill1795.com\/en\/#\/schema\/logo\/image\/","url":"https:\/\/www.churchill1795.com\/wp-content\/uploads\/2024\/09\/logo-1.webp","contentUrl":"https:\/\/www.churchill1795.com\/wp-content\/uploads\/2024\/09\/logo-1.webp","width":240,"height":88,"caption":"Churchill"},"image":{"@id":"https:\/\/www.churchill1795.com\/en\/#\/schema\/logo\/image\/"}}]}},"_links":{"self":[{"href":"https:\/\/www.churchill1795.com\/de\/wp-json\/wp\/v2\/pages\/50692","targetHints":{"allow":["GET"]}}],"collection":[{"href":"https:\/\/www.churchill1795.com\/de\/wp-json\/wp\/v2\/pages"}],"about":[{"href":"https:\/\/www.churchill1795.com\/de\/wp-json\/wp\/v2\/types\/page"}],"author":[{"embeddable":true,"href":"https:\/\/www.churchill1795.com\/de\/wp-json\/wp\/v2\/users\/2"}],"replies":[{"embeddable":true,"href":"https:\/\/www.churchill1795.com\/de\/wp-json\/wp\/v2\/comments?post=50692"}],"version-history":[{"count":5,"href":"https:\/\/www.churchill1795.com\/de\/wp-json\/wp\/v2\/pages\/50692\/revisions"}],"predecessor-version":[{"id":50769,"href":"https:\/\/www.churchill1795.com\/de\/wp-json\/wp\/v2\/pages\/50692\/revisions\/50769"}],"wp:attachment":[{"href":"https:\/\/www.churchill1795.com\/de\/wp-json\/wp\/v2\/media?parent=50692"}],"curies":[{"name":"wp","href":"https:\/\/api.w.org\/{rel}","templated":true}]}}