{"id":48758,"date":"2024-06-20T18:33:16","date_gmt":"2024-06-20T17:33:16","guid":{"rendered":"https:\/\/www.churchill1795.com\/dipbecher-und-seitenplatten\/"},"modified":"2025-01-23T11:34:14","modified_gmt":"2025-01-23T11:34:14","slug":"dipbecher-und-seitenplatten","status":"publish","type":"page","link":"https:\/\/www.churchill1795.com\/de\/dipbecher-und-seitenplatten\/","title":{"rendered":"Dipbecher und Seitenplatten"},"content":{"rendered":"\n<section id=\"block_cfcabdd988f96a4bfa015bb46b228e15\" class=\"hero-banner-001 \">\n        \n\n            <figure class=\"image-001 hero-banner-001__figure\">\n            <img decoding=\"async\" class=\"image-001__img  hero-banner-001__background\" width=\"full\" height=\"auto\" src=\"https:\/\/www.churchill1795.com\/wp-content\/uploads\/2024\/09\/Churchill-All-Dip-PotsSide-Didhes-Product-Page-Banner.jpg\" alt=\"\" >\n        <\/figure>\n            <div class=\"hero-banner-001__container container\">\n            \n    <h1 class=\"heading-001 heading-001--center hero-banner-001__heading\">\n        Dipbecher und Seitenplatten    <\/h1>\n            \n\n            \n                <\/div>\n<\/section>\n<section id=\"block_916a24427a82693c45ae971e183977a9\" class=\"breadcrumbs-001 White\">\r\n    <div class=\"breadcrumbs-001__container container-flex\">\r\n\r\n        <ul class=\"breadcrumbs-001__list\">\r\n\r\n            <li class=\"breadcrumbs-001__item\">\r\n                <a class=\"breadcrumbs-001__link breadcrumbs-001__link--first\" href=\"https:\/\/www.churchill1795.com\/de\/\" aria-label=\"Open home page\">\r\n                                        <svg width=\"16\" height=\"16\" viewBox=\"0 0 16 16\" fill=\"none\" xmlns=\"http:\/\/www.w3.org\/2000\/svg\"  role=\"presentation\" class=\"breadcrumbs-001__home-icon\">\n<path fill-rule=\"evenodd\" clip-rule=\"evenodd\" d=\"M8.37781 0.117571C8.15559 -0.0391903 7.84441 -0.0391903 7.62219 0.117571L0.237575 5.32687C0.0876756 5.43261 0 5.5952 0 5.76744V13.9535C0 14.4962 0.237728 15.0168 0.660887 15.4006C1.08405 15.7844 1.65797 16 2.25641 16H13.7436C14.342 16 14.916 15.7844 15.3391 15.4006C15.7623 15.0168 16 14.4962 16 13.9535V5.76744C16 5.5952 15.9123 5.43261 15.7624 5.32687L8.37781 0.117571ZM1.23077 13.9535V6.04042L8 1.26522L14.7692 6.04041V13.9535C14.7692 14.2002 14.6612 14.4368 14.4688 14.6113C14.2765 14.7857 14.0156 14.8837 13.7436 14.8837H11.077V7.99999C11.077 7.69174 10.8015 7.44185 10.4616 7.44185H5.53852C5.19865 7.44185 4.92313 7.69174 4.92313 7.99999V14.8837H2.25641C1.98439 14.8837 1.72352 14.7857 1.53117 14.6113C1.33883 14.4368 1.23077 14.2002 1.23077 13.9535ZM6.1539 14.8837H9.84621V8.55813H6.1539V14.8837Z\" fill=\"currentColor\"\/>\n<\/svg>\n                <\/a>\r\n                <span class='breadcrumbs-001__link-divider'> \/ <\/span>            <\/li>\r\n            \r\n            \r\n            \r\n            \r\n\r\n            \r\n            <li class=\"breadcrumbs-001__item\">\r\n\r\n                                        <span class=\"breadcrumbs-001__text\">\r\n                            Dipbecher und Seitenplatten\r\n                        <\/span>\r\n                \r\n            <\/li>\r\n\r\n            \r\n        <\/ul>\r\n\r\n    <\/div>\r\n<\/section>\r\n\n\n<section id=\"block_6fc34447a395a3e486a54e900a40ff4f\" class=\"full-text-block-001 White top_small bottom_small\">\n    \n        \n        \n\n        <div class=\"full-text-block-001__container container full-text-block-001__container--small\">\n            <div class=\"full-text-block-001__heading-decoration-wrap\">\n    <h2 class=\"heading-001 heading-001--center full-text-block-001__heading decorated\">\n        \u00dcber Dipbecher und Nebengerichte    <\/h2>\n<\/div>            \n\n            \n    <div class=\"content-001 full-text-block-001__content\">\n        <p style=\"text-align: center;\">Diese stilvoll und praktisch gestalteten St\u00fccke lassen sich vielseitig verwenden. Unsere funktionellen T\u00f6pfe und Beilagen k\u00f6nnen f\u00fcr So\u00dfen, Dressings und alles dazwischen verwendet werden. <\/p>\n    <\/div>\n        \n                            <div class=\"buttons__wrap full-text-block-001__buttons\">\n                    \n\n        \n        <a class=\"btn btn-001 btn-default btn-prim\u00e4r full-text-block-001__button\" href=\"\/dip-pots-side-dishes\/all-dip-pots-side-dishes\" aria-label=\"Open page - Alle Produkte durchsuchen\">\n                Alle Produkte durchsuchen        <\/a>\n\n        \n                <\/div>\n              <\/div>\n<\/section>\n\n\n\r\n<section id=\"block_91e41a9fabb001940069af255490e563\" class=\"five-items-grid-001 grau top_gro\u00df unten_gro\u00df\">\r\n        <div class=\"five-items-grid-001__container container five-items-grid-001__container--left\">\r\n            <div class=\"five-items-grid-001__heading-decoration-wrap\">\n    <h2 class=\"heading-001 heading-001--center five-items-grid-001__heading decorated\">\n        mehr erkunden    <\/h2>\n<\/div>            \n\n\r\n                            <div class=\"five-items-grid-001__row\">\r\n                                            \n<div class=\"linkboxe-009 five-items-grid-001__linkboxe five-items-grid-001__linkboxe--0\">\n\n    <div class=\"linkboxe-009__wrap\" tabindex=\"0\" aria-describedby=\"hidden-text--0\">\n        \n\n            <figure class=\"image-001 linkboxe-009__background-figure\">\n            <img decoding=\"async\" class=\"image-001__img  linkboxe-009__image-background\" width=\"380\" height=\"510\" src=\"https:\/\/www.churchill1795.com\/wp-content\/uploads\/2024\/06\/BIT-ON-THE-SIDE-STONECAST-MIX-SHOT-OF-3-DISHES-TOMATO-HUMMUS-NUTS.-DIP-POTS-AND-SOLA-CUTLERY.jpg\" alt=\"\" >\n        <\/figure>\n    \n        <div class=\"linkboxe-009__wrap-content\" id=\"hidden-text--0\">\n            \n\n            \n    <h2 class=\"heading-001 heading-001--center linkboxe-009__heading\">\n        Galerie    <\/h2>\n\n\n            \n\n            \n\n        \n        <a class=\"btn btn-001 btn-default btn-outlined btn-white linkboxe-009__button\" href=\"\/gallery\" aria-label=\"Open page - Produkte durchsuchen\">\n                Produkte durchsuchen        <\/a>\n\n        \n\n                            <a class=\"linkboxe-009__full-link\" href=\"\/gallery\" aria-label=\"Galerie\">\n                    Produkte durchsuchen                <\/a>\n                    <\/div>\n    <\/div>\n<\/div>                                            \n<div class=\"linkboxe-009 five-items-grid-001__linkboxe five-items-grid-001__linkboxe--1\">\n\n    <div class=\"linkboxe-009__wrap\" tabindex=\"0\" aria-describedby=\"hidden-text--1\">\n        \n\n            <figure class=\"image-001 linkboxe-009__background-figure\">\n            <img decoding=\"async\" class=\"image-001__img  linkboxe-009__image-background\" width=\"380\" height=\"510\" src=\"https:\/\/www.churchill1795.com\/wp-content\/uploads\/2024\/04\/Churchill-Website-Showroom-Images-Stoke-542-x-362px.jpg\" alt=\"\" >\n        <\/figure>\n    \n        <div class=\"linkboxe-009__wrap-content\" id=\"hidden-text--1\">\n            \n\n            \n    <h2 class=\"heading-001 heading-001--center linkboxe-009__heading\">\n        Ausstellungsr\u00e4ume    <\/h2>\n\n\n            \n\n            \n\n        \n        <a class=\"btn btn-001 btn-default btn-outlined btn-white linkboxe-009__button\" href=\"\/showrooms-events\" aria-label=\"Open page - Erkunden Sie\">\n                Erkunden Sie        <\/a>\n\n        \n\n                            <a class=\"linkboxe-009__full-link\" href=\"\/showrooms-events\" aria-label=\"Ausstellungsr\u00e4ume\">\n                    Erkunden Sie                <\/a>\n                    <\/div>\n    <\/div>\n<\/div>                                            \n<div class=\"linkboxe-009 five-items-grid-001__linkboxe five-items-grid-001__linkboxe--2\">\n\n    <div class=\"linkboxe-009__wrap\" tabindex=\"0\" aria-describedby=\"hidden-text--2\">\n        \n\n            <figure class=\"image-001 linkboxe-009__background-figure\">\n            <img decoding=\"async\" class=\"image-001__img  linkboxe-009__image-background\" width=\"380\" height=\"510\" src=\"https:\/\/www.churchill1795.com\/wp-content\/uploads\/2024\/06\/EMERGE-GREY-BLUE-WALLED-PLATE-BEVERAGE-BRUNCH-BREAKFAST-DPS.jpg\" alt=\"\" >\n        <\/figure>\n    \n        <div class=\"linkboxe-009__wrap-content\" id=\"hidden-text--2\">\n            \n\n            \n    <h2 class=\"heading-001 heading-001--center linkboxe-009__heading\">\n        Lassen Sie sich inspirieren    <\/h2>\n\n\n            \n\n            \n\n        \n        <a class=\"btn btn-001 btn-default btn-outlined btn-white linkboxe-009__button\" href=\"\/inspiration\" aria-label=\"Open page - Erkunden Sie\">\n                Erkunden Sie        <\/a>\n\n        \n\n                            <a class=\"linkboxe-009__full-link\" href=\"\/inspiration\" aria-label=\"Lassen Sie sich inspirieren\">\n                    Erkunden Sie                <\/a>\n                    <\/div>\n    <\/div>\n<\/div>                                            \n<div class=\"linkboxe-009 five-items-grid-001__linkboxe five-items-grid-001__linkboxe--3\">\n\n    <div class=\"linkboxe-009__wrap\" tabindex=\"0\" aria-describedby=\"hidden-text--3\">\n        \n\n            <figure class=\"image-001 linkboxe-009__background-figure\">\n            <img decoding=\"async\" class=\"image-001__img  linkboxe-009__image-background\" width=\"380\" height=\"510\" src=\"https:\/\/www.churchill1795.com\/wp-content\/uploads\/2024\/03\/STONECAST-NOURISH-KOCHI-BOWLS-FRUIT-YOGHURT-SOCIAL.jpg\" alt=\"\" >\n        <\/figure>\n    \n        <div class=\"linkboxe-009__wrap-content\" id=\"hidden-text--3\">\n            \n\n            \n    <h2 class=\"heading-001 heading-001--center linkboxe-009__heading\">\n        Bereiche durchsuchen    <\/h2>\n\n\n            \n\n            \n\n        \n        <a class=\"btn btn-001 btn-default btn-outlined btn-white linkboxe-009__button\" href=\"\/ranges\" aria-label=\"Open page - Erkunden Sie\">\n                Erkunden Sie        <\/a>\n\n        \n\n                            <a class=\"linkboxe-009__full-link\" href=\"\/ranges\" aria-label=\"Bereiche durchsuchen\">\n                    Erkunden Sie                <\/a>\n                    <\/div>\n    <\/div>\n<\/div>                                            \n<div class=\"linkboxe-009 five-items-grid-001__linkboxe five-items-grid-001__linkboxe--4\">\n\n    <div class=\"linkboxe-009__wrap\" tabindex=\"0\" aria-describedby=\"hidden-text--4\">\n        \n\n            <figure class=\"image-001 linkboxe-009__background-figure\">\n            <img decoding=\"async\" class=\"image-001__img  linkboxe-009__image-background\" width=\"380\" height=\"510\" src=\"https:\/\/www.churchill1795.com\/wp-content\/uploads\/2024\/06\/NOURISH-TAPAS-NIBBLES.jpg\" alt=\"\" >\n        <\/figure>\n    \n        <div class=\"linkboxe-009__wrap-content\" id=\"hidden-text--4\">\n            \n\n            \n    <h2 class=\"heading-001 heading-001--center linkboxe-009__heading\">\n        \u00dcber uns    <\/h2>\n\n\n            \n\n            \n\n        \n        <a class=\"btn btn-001 btn-default btn-outlined btn-white linkboxe-009__button\" href=\"\/about-us\" aria-label=\"Open page - Erkunden Sie\">\n                Erkunden Sie        <\/a>\n\n        \n\n                            <a class=\"linkboxe-009__full-link\" href=\"\/about-us\" aria-label=\"\u00dcber uns\">\n                    Erkunden Sie                <\/a>\n                    <\/div>\n    <\/div>\n<\/div>                                    <\/div>\r\n            \r\n                <\/div>\r\n<\/section>\r\n\r\n<section id=\"block_405569dd51765934a6ec125d9d662adb\" class=\"one-col-cta-003 White top_none bottom_small\">\r\n\r\n    <div class=\"one-col-cta-003__container container terti\u00e4r\">\r\n        <div class=\"one-col-cta-003__inner terti\u00e4r\">\r\n            \n    <h2 class=\"heading-001 heading-001--center one-col-cta-003__heading\">\n        Wussten Sie das?    <\/h2>\n\r\n            \n\n    <div class=\"subheading-001 one-col-cta-003__subheading\">\n        <p>Unsere in Gro\u00dfbritannien hergestellten Keramikk\u00f6rper halten dem Gewicht eines Elefanten stand (19500psi).<\/p>\n    <\/div>\n\r\n            \r\n          \n\n            <figure class=\"image-001 one-col-cta-003__image-figure\">\n            <img decoding=\"async\" class=\"image-001__img  one-col-cta-003__image\" width=\"100\" height=\"100\" src=\"https:\/\/www.churchill1795.com\/wp-content\/uploads\/2024\/04\/placeholder-icon.svg\" alt=\"A white version of Churchill's iconic logo lion head\" >\n        <\/figure>\n            <\/div>\r\n    <\/div>\r\n<\/section>\r\n\r\n    <section id=\"block_3a5a0eebaa9f01bd36042e5ec63d8468\" class=\"three-col-icons-001 white top_none bottom_small\">\r\n            <div class=\"three-col-icons-001__container container\">\r\n                \n                \n\n                <div class=\"three-col-icons-001__wrap\">\r\n                    <div class=\"three-col-icons-001__row three-col-icons-001__row--3\">\r\n                                                                                    <div class=\"three-col-icons-001__column\">\r\n                                    <div class=\"three-col-icons-001__column-wrap\">\r\n                                        <div class=\"three-col-icons-001__image\">\r\n                                            \n\n        <picture class=\"image-001 three-col-icons-001__figure\">\n        \n        <img decoding=\"async\" class=\"image-001__img  three-col-icons-001__column-image\" width=\"28\" height=\"28\" src=\"https:\/\/www.churchill1795.com\/wp-content\/uploads\/2024\/01\/Pin.svg\" alt=\"\" >\n    <\/picture>\n                                            <\/div>\r\n                                        <div class=\"three-col-icons-001__text\">\r\n                                            \n    <h2 class=\"heading-001 heading-001--left three-col-icons-001__column-heading\">\n        wie man kauft    <\/h2>\n                                            \n\r\n                                            \n\n        \n        <a class=\"btn btn-001 btn-default btn-transparent btn-transparent three-col-icons-001__link\" href=\"\/de\/wie-sie-kaufen\" aria-label=\"Open page - Weitere Informationen\">\n                Weitere Informationen        <\/a>\n\n        \n                                        <\/div>\r\n                                    <\/div>\r\n                                <\/div>\r\n                                                            <div class=\"three-col-icons-001__column\">\r\n                                    <div class=\"three-col-icons-001__column-wrap\">\r\n                                        <div class=\"three-col-icons-001__image\">\r\n                                            \n\n        <picture class=\"image-001 three-col-icons-001__figure\">\n        \n        <img decoding=\"async\" class=\"image-001__img  three-col-icons-001__column-image\" width=\"28\" height=\"28\" src=\"https:\/\/www.churchill1795.com\/wp-content\/uploads\/2024\/01\/Help.svg\" alt=\"\" >\n    <\/picture>\n                                            <\/div>\r\n                                        <div class=\"three-col-icons-001__text\">\r\n                                            \n    <h2 class=\"heading-001 heading-001--left three-col-icons-001__column-heading\">\n        Sie brauchen Hilfe?    <\/h2>\n                                            \n\r\n                                            \n\n        \n        <a class=\"btn btn-001 btn-default btn-transparent btn-transparent three-col-icons-001__link\" href=\"\/de\/faqs\/\" aria-label=\"Open page - Lesen Sie unsere FAQs\">\n                Lesen Sie unsere FAQs        <\/a>\n\n        \n                                        <\/div>\r\n                                    <\/div>\r\n                                <\/div>\r\n                                                            <div class=\"three-col-icons-001__column\">\r\n                                    <div class=\"three-col-icons-001__column-wrap\">\r\n                                        <div class=\"three-col-icons-001__image\">\r\n                                            \n\n        <picture class=\"image-001 three-col-icons-001__figure\">\n        \n        <img decoding=\"async\" class=\"image-001__img  three-col-icons-001__column-image\" width=\"28\" height=\"28\" src=\"https:\/\/www.churchill1795.com\/wp-content\/uploads\/2024\/01\/Heart.svg\" alt=\"\" >\n    <\/picture>\n                                            <\/div>\r\n                                        <div class=\"three-col-icons-001__text\">\r\n                                            \n    <h2 class=\"heading-001 heading-001--left three-col-icons-001__column-heading\">\n        Mehr als nur ein Teller    <\/h2>\n                                            \n\r\n                                            \n\n        \n        <a class=\"btn btn-001 btn-default btn-transparent btn-transparent three-col-icons-001__link\" href=\"\/de\/ueber-uns\" aria-label=\"Open page - warum Churchill\">\n                warum Churchill        <\/a>\n\n        \n                                        <\/div>\r\n                                    <\/div>\r\n                                <\/div>\r\n                                                    \r\n                    <\/div>\r\n                <\/div>\r\n                        <\/div>\r\n    <\/section>\r\n","protected":false},"excerpt":{"rendered":"","protected":false},"author":681,"featured_media":0,"parent":0,"menu_order":0,"comment_status":"closed","ping_status":"closed","template":"","meta":{"_acf_changed":false,"content-type":"","footnotes":""},"class_list":["post-48758","page","type-page","status-publish","hentry"],"acf":[],"yoast_head":"<!-- This site is optimized with the Yoast SEO plugin v27.3 - https:\/\/yoast.com\/product\/yoast-seo-wordpress\/ -->\n<title>Dipbecher und Seitenplatten - Churchill<\/title>\n<meta name=\"description\" content=\"Unsere funktionellen Dipbecher und Nebengerichte k\u00f6nnen f\u00fcr So\u00dfen, Dressings und alles dazwischen verwendet werden. Entdecken Sie die Kollektion.\" \/>\n<meta name=\"robots\" content=\"index, follow, max-snippet:-1, max-image-preview:large, max-video-preview:-1\" \/>\n<link rel=\"canonical\" href=\"https:\/\/www.churchill1795.com\/de\/?page_id=48758\" \/>\n<meta property=\"og:locale\" content=\"de_DE\" \/>\n<meta property=\"og:type\" content=\"article\" \/>\n<meta property=\"og:title\" content=\"Dipbecher und Seitenplatten - Churchill\" \/>\n<meta property=\"og:description\" content=\"Unsere funktionellen Dipbecher und Nebengerichte k\u00f6nnen f\u00fcr So\u00dfen, Dressings und alles dazwischen verwendet werden. Entdecken Sie die Kollektion.\" \/>\n<meta property=\"og:url\" content=\"https:\/\/www.churchill1795.com\/de\/?page_id=48758\" \/>\n<meta property=\"og:site_name\" content=\"Churchill\" \/>\n<meta property=\"article:modified_time\" content=\"2025-01-23T11:34:14+00:00\" \/>\n<meta name=\"twitter:card\" content=\"summary_large_image\" \/>\n<script type=\"application\/ld+json\" class=\"yoast-schema-graph\">{\"@context\":\"https:\\\/\\\/schema.org\",\"@graph\":[{\"@type\":\"WebPage\",\"@id\":\"https:\\\/\\\/www.churchill1795.com\\\/de\\\/?page_id=48758\",\"url\":\"https:\\\/\\\/www.churchill1795.com\\\/de\\\/?page_id=48758\",\"name\":\"Dipbecher und Seitenplatten - Churchill\",\"isPartOf\":{\"@id\":\"https:\\\/\\\/www.churchill1795.com\\\/en\\\/#website\"},\"datePublished\":\"2024-06-20T17:33:16+00:00\",\"dateModified\":\"2025-01-23T11:34:14+00:00\",\"description\":\"Unsere funktionellen Dipbecher und Nebengerichte k\u00f6nnen f\u00fcr So\u00dfen, Dressings und alles dazwischen verwendet werden. Entdecken Sie die Kollektion.\",\"breadcrumb\":{\"@id\":\"https:\\\/\\\/www.churchill1795.com\\\/de\\\/?page_id=48758#breadcrumb\"},\"inLanguage\":\"de\",\"potentialAction\":[{\"@type\":\"ReadAction\",\"target\":[\"https:\\\/\\\/www.churchill1795.com\\\/de\\\/?page_id=48758\"]}]},{\"@type\":\"BreadcrumbList\",\"@id\":\"https:\\\/\\\/www.churchill1795.com\\\/de\\\/?page_id=48758#breadcrumb\",\"itemListElement\":[{\"@type\":\"ListItem\",\"position\":1,\"name\":\"Home\",\"item\":\"https:\\\/\\\/www.churchill1795.com\\\/de\\\/\"},{\"@type\":\"ListItem\",\"position\":2,\"name\":\"Dipbecher und Seitenplatten\"}]},{\"@type\":\"WebSite\",\"@id\":\"https:\\\/\\\/www.churchill1795.com\\\/en\\\/#website\",\"url\":\"https:\\\/\\\/www.churchill1795.com\\\/en\\\/\",\"name\":\"Churchill\",\"description\":\"Innovation, Passion &amp; expertise\",\"publisher\":{\"@id\":\"https:\\\/\\\/www.churchill1795.com\\\/en\\\/#organization\"},\"potentialAction\":[{\"@type\":\"SearchAction\",\"target\":{\"@type\":\"EntryPoint\",\"urlTemplate\":\"https:\\\/\\\/www.churchill1795.com\\\/en\\\/?s={search_term_string}\"},\"query-input\":{\"@type\":\"PropertyValueSpecification\",\"valueRequired\":true,\"valueName\":\"search_term_string\"}}],\"inLanguage\":\"de\"},{\"@type\":\"Organization\",\"@id\":\"https:\\\/\\\/www.churchill1795.com\\\/en\\\/#organization\",\"name\":\"Churchill\",\"url\":\"https:\\\/\\\/www.churchill1795.com\\\/en\\\/\",\"logo\":{\"@type\":\"ImageObject\",\"inLanguage\":\"de\",\"@id\":\"https:\\\/\\\/www.churchill1795.com\\\/en\\\/#\\\/schema\\\/logo\\\/image\\\/\",\"url\":\"https:\\\/\\\/www.churchill1795.com\\\/wp-content\\\/uploads\\\/2024\\\/09\\\/logo-1.webp\",\"contentUrl\":\"https:\\\/\\\/www.churchill1795.com\\\/wp-content\\\/uploads\\\/2024\\\/09\\\/logo-1.webp\",\"width\":240,\"height\":88,\"caption\":\"Churchill\"},\"image\":{\"@id\":\"https:\\\/\\\/www.churchill1795.com\\\/en\\\/#\\\/schema\\\/logo\\\/image\\\/\"}}]}<\/script>\n<!-- \/ Yoast SEO plugin. -->","yoast_head_json":{"title":"Dipbecher und Seitenplatten - Churchill","description":"Unsere funktionellen Dipbecher und Nebengerichte k\u00f6nnen f\u00fcr So\u00dfen, Dressings und alles dazwischen verwendet werden. Entdecken Sie die Kollektion.","robots":{"index":"index","follow":"follow","max-snippet":"max-snippet:-1","max-image-preview":"max-image-preview:large","max-video-preview":"max-video-preview:-1"},"canonical":"https:\/\/www.churchill1795.com\/de\/?page_id=48758","og_locale":"de_DE","og_type":"article","og_title":"Dipbecher und Seitenplatten - Churchill","og_description":"Unsere funktionellen Dipbecher und Nebengerichte k\u00f6nnen f\u00fcr So\u00dfen, Dressings und alles dazwischen verwendet werden. Entdecken Sie die Kollektion.","og_url":"https:\/\/www.churchill1795.com\/de\/?page_id=48758","og_site_name":"Churchill","article_modified_time":"2025-01-23T11:34:14+00:00","twitter_card":"summary_large_image","schema":{"@context":"https:\/\/schema.org","@graph":[{"@type":"WebPage","@id":"https:\/\/www.churchill1795.com\/de\/?page_id=48758","url":"https:\/\/www.churchill1795.com\/de\/?page_id=48758","name":"Dipbecher und Seitenplatten - Churchill","isPartOf":{"@id":"https:\/\/www.churchill1795.com\/en\/#website"},"datePublished":"2024-06-20T17:33:16+00:00","dateModified":"2025-01-23T11:34:14+00:00","description":"Unsere funktionellen Dipbecher und Nebengerichte k\u00f6nnen f\u00fcr So\u00dfen, Dressings und alles dazwischen verwendet werden. Entdecken Sie die Kollektion.","breadcrumb":{"@id":"https:\/\/www.churchill1795.com\/de\/?page_id=48758#breadcrumb"},"inLanguage":"de","potentialAction":[{"@type":"ReadAction","target":["https:\/\/www.churchill1795.com\/de\/?page_id=48758"]}]},{"@type":"BreadcrumbList","@id":"https:\/\/www.churchill1795.com\/de\/?page_id=48758#breadcrumb","itemListElement":[{"@type":"ListItem","position":1,"name":"Home","item":"https:\/\/www.churchill1795.com\/de\/"},{"@type":"ListItem","position":2,"name":"Dipbecher und Seitenplatten"}]},{"@type":"WebSite","@id":"https:\/\/www.churchill1795.com\/en\/#website","url":"https:\/\/www.churchill1795.com\/en\/","name":"Churchill","description":"Innovation, Passion &amp; expertise","publisher":{"@id":"https:\/\/www.churchill1795.com\/en\/#organization"},"potentialAction":[{"@type":"SearchAction","target":{"@type":"EntryPoint","urlTemplate":"https:\/\/www.churchill1795.com\/en\/?s={search_term_string}"},"query-input":{"@type":"PropertyValueSpecification","valueRequired":true,"valueName":"search_term_string"}}],"inLanguage":"de"},{"@type":"Organization","@id":"https:\/\/www.churchill1795.com\/en\/#organization","name":"Churchill","url":"https:\/\/www.churchill1795.com\/en\/","logo":{"@type":"ImageObject","inLanguage":"de","@id":"https:\/\/www.churchill1795.com\/en\/#\/schema\/logo\/image\/","url":"https:\/\/www.churchill1795.com\/wp-content\/uploads\/2024\/09\/logo-1.webp","contentUrl":"https:\/\/www.churchill1795.com\/wp-content\/uploads\/2024\/09\/logo-1.webp","width":240,"height":88,"caption":"Churchill"},"image":{"@id":"https:\/\/www.churchill1795.com\/en\/#\/schema\/logo\/image\/"}}]}},"_links":{"self":[{"href":"https:\/\/www.churchill1795.com\/de\/wp-json\/wp\/v2\/pages\/48758","targetHints":{"allow":["GET"]}}],"collection":[{"href":"https:\/\/www.churchill1795.com\/de\/wp-json\/wp\/v2\/pages"}],"about":[{"href":"https:\/\/www.churchill1795.com\/de\/wp-json\/wp\/v2\/types\/page"}],"author":[{"embeddable":true,"href":"https:\/\/www.churchill1795.com\/de\/wp-json\/wp\/v2\/users\/681"}],"replies":[{"embeddable":true,"href":"https:\/\/www.churchill1795.com\/de\/wp-json\/wp\/v2\/comments?post=48758"}],"version-history":[{"count":2,"href":"https:\/\/www.churchill1795.com\/de\/wp-json\/wp\/v2\/pages\/48758\/revisions"}],"predecessor-version":[{"id":48761,"href":"https:\/\/www.churchill1795.com\/de\/wp-json\/wp\/v2\/pages\/48758\/revisions\/48761"}],"wp:attachment":[{"href":"https:\/\/www.churchill1795.com\/de\/wp-json\/wp\/v2\/media?parent=48758"}],"curies":[{"name":"wp","href":"https:\/\/api.w.org\/{rel}","templated":true}]}}