{"id":48634,"date":"2024-04-18T16:39:43","date_gmt":"2024-04-18T15:39:43","guid":{"rendered":"https:\/\/www.churchill1795.com\/individuelles-design\/"},"modified":"2025-01-23T10:06:08","modified_gmt":"2025-01-23T10:06:08","slug":"individuelles-design","status":"publish","type":"page","link":"https:\/\/www.churchill1795.com\/de\/individuelles-design\/","title":{"rendered":"Individuelles Design"},"content":{"rendered":"\n<section id=\"block_404905c1567497a67a531d2afb0812a5\" class=\"hero-banner-002 \"  style=\"background-image: url(''); background-size: cover; background-repeat: no-repeat; background-position: center;\" data-videod=\"\">\n             \n\n        <div class=\"hero-banner-002__container container\">\n\n            \n\n            \n    <h1 class=\"heading-001 heading-001--center hero-banner-002__heading\">\n        Individuelles Design    <\/h1>\n            \n\n            \n                <\/div>\n<\/section>\n<section id=\"block_bdffafbb76e8f3aaf22abf1afd56e78b\" class=\"breadcrumbs-001\">\r\n    <div class=\"breadcrumbs-001__container container-flex\">\r\n\r\n        <ul class=\"breadcrumbs-001__list\">\r\n\r\n            <li class=\"breadcrumbs-001__item\">\r\n                <a class=\"breadcrumbs-001__link breadcrumbs-001__link--first\" href=\"https:\/\/www.churchill1795.com\/de\/\" aria-label=\"Open home page\">\r\n                                        <svg width=\"16\" height=\"16\" viewBox=\"0 0 16 16\" fill=\"none\" xmlns=\"http:\/\/www.w3.org\/2000\/svg\"  role=\"presentation\" class=\"breadcrumbs-001__home-icon\">\n<path fill-rule=\"evenodd\" clip-rule=\"evenodd\" d=\"M8.37781 0.117571C8.15559 -0.0391903 7.84441 -0.0391903 7.62219 0.117571L0.237575 5.32687C0.0876756 5.43261 0 5.5952 0 5.76744V13.9535C0 14.4962 0.237728 15.0168 0.660887 15.4006C1.08405 15.7844 1.65797 16 2.25641 16H13.7436C14.342 16 14.916 15.7844 15.3391 15.4006C15.7623 15.0168 16 14.4962 16 13.9535V5.76744C16 5.5952 15.9123 5.43261 15.7624 5.32687L8.37781 0.117571ZM1.23077 13.9535V6.04042L8 1.26522L14.7692 6.04041V13.9535C14.7692 14.2002 14.6612 14.4368 14.4688 14.6113C14.2765 14.7857 14.0156 14.8837 13.7436 14.8837H11.077V7.99999C11.077 7.69174 10.8015 7.44185 10.4616 7.44185H5.53852C5.19865 7.44185 4.92313 7.69174 4.92313 7.99999V14.8837H2.25641C1.98439 14.8837 1.72352 14.7857 1.53117 14.6113C1.33883 14.4368 1.23077 14.2002 1.23077 13.9535ZM6.1539 14.8837H9.84621V8.55813H6.1539V14.8837Z\" fill=\"currentColor\"\/>\n<\/svg>\n                <\/a>\r\n                <span class='breadcrumbs-001__link-divider'> \/ <\/span>            <\/li>\r\n            \r\n            \r\n            \r\n            \r\n\r\n            \r\n            <li class=\"breadcrumbs-001__item\">\r\n\r\n                                        <span class=\"breadcrumbs-001__text\">\r\n                            Individuelles Design\r\n                        <\/span>\r\n                \r\n            <\/li>\r\n\r\n            \r\n        <\/ul>\r\n\r\n    <\/div>\r\n<\/section>\r\n\n\n<section id=\"block_439d2ae1af50d613b8e87f389eb2f913\" class=\"full-text-block-001 White top_gro\u00df unten_gro\u00df\">\n    \n        \n        \n\n        <div class=\"full-text-block-001__container container full-text-block-001__container--small\">\n            \n    <h2 class=\"heading-001 heading-001--center full-text-block-001__heading\">\n        Unsere Designl\u00f6sungen    <\/h2>\n            \n\n            \n    <div class=\"content-001 full-text-block-001__content\">\n        <p style=\"text-align: center;\">Der individuelle Design-Service von Churchill gibt Ihrem Unternehmen die M\u00f6glichkeit, unser Wissen und unsere Erfahrung in der Welt der Tischkultur zu nutzen. Wir k\u00f6nnen eine Vielzahl von Designl\u00f6sungen anbieten, von einem einfachen Logomotiv bis hin zu einem ma\u00dfgeschneiderten Musterdesign, das Ihnen hilft, Ihre eigene Markenidentit\u00e4t zu schaffen. Untersch\u00e4tzen Sie nicht den Eindruck, den ein individuelles Design auf Ihre Kunden haben wird.  <\/p>\n    <\/div>\n        \n                <\/div>\n<\/section>\n\n\n\r\n<section id=\"block_2cecbe8026975c7435b6840cfe64cfc5\"  class=\"two-col-image-005  White top_none unten_keine\">\r\n    <div class=\"two-col-image-005__container container\">\r\n        <div class=\"two-col-image-005__block  two-col-image-005__block--left\">\r\n            <div class=\"two-col-image-005__image-col\">\r\n                <div class=\"two-col-image-005__image-wrap two-col-image-005__image-wrap--hide-dimming\">\r\n                    \n\n            <figure class=\"image-001 two-col-image-005__image-object\">\n            <img decoding=\"async\" class=\"image-001__img  two-col-image-005__image\" width=\"100%\" height=\"auto\" src=\"https:\/\/www.churchill1795.com\/wp-content\/uploads\/2024\/08\/Churchill-Customised-Design-1.jpg\" alt=\"Churchill Customised Design Availability\" >\n        <\/figure>\n    \r\n                    \n                <\/div>\r\n            <\/div>\r\n            <div class=\"two-col-image-005__content-col\">\r\n                \n    <h3 class=\"heading-001 heading-001--left two-col-image-005__heading\">\n        Tischdekoration nach Ma\u00df    <\/h3>\n \r\n\r\n                \n    <div class=\"content-001 two-col-image-005__content\">\n        <p>Unser pers\u00f6nlicher Design-Service ist ganz auf Ihre Marke ausgerichtet. Da wir Sie in jeden Schritt des Prozesses einbeziehen, stellen wir sicher, dass Ihre individuellen St\u00fccke nach Ihrer Pers\u00f6nlichkeit gestaltet werden. F\u00fcgen Sie Ihr Logo oder Design zu unserem umfangreichen Produktportfolio hinzu. Die Mindestbestellmenge liegt bei 600 St\u00fcck und bei allen Nachbestellungen bei mindestens 300 St\u00fcck. Ihr individuelles Geschirr hat nat\u00fcrlich die gleiche Langlebigkeit und Qualit\u00e4t, die Sie von Churchill gewohnt sind, und bietet eine au\u00dfergew\u00f6hnliche Leistung im Gebrauch.   <strong> <\/strong><\/p>\n    <\/div>\n\r\n                            <\/div>\r\n        <\/div>\r\n    <\/div>\r\n<\/section>\r\n<section id=\"block_9d46e3df85d7dacafbddd7a94262a820\"  class=\"two-col-image-005  White top_none unten_gro\u00df\">\r\n    <div class=\"two-col-image-005__container container\">\r\n        <div class=\"two-col-image-005__block  two-col-image-005__block--right\">\r\n            <div class=\"two-col-image-005__image-col\">\r\n                <div class=\"two-col-image-005__image-wrap two-col-image-005__image-wrap--hide-dimming\">\r\n                    \n\n            <figure class=\"image-001 two-col-image-005__image-object\">\n            <img decoding=\"async\" class=\"image-001__img  two-col-image-005__image\" width=\"100%\" height=\"auto\" src=\"https:\/\/www.churchill1795.com\/wp-content\/uploads\/2024\/08\/Churchill-Customised-Design-2.jpg\" alt=\"Churchill Customised Design Options\" >\n        <\/figure>\n    \r\n                    \n                <\/div>\r\n            <\/div>\r\n            <div class=\"two-col-image-005__content-col\">\r\n                \n    <h3 class=\"heading-001 heading-001--left two-col-image-005__heading\">\n        Ma\u00dfgeschneidertes Design    <\/h3>\n \r\n\r\n                \n    <div class=\"content-001 two-col-image-005__content\">\n        <p>Mit diesem Service k\u00f6nnen Sie ein exklusives, pers\u00f6nliches Musterdesign f\u00fcr ein beliebiges Produkt aus unserem Sortiment entwickeln. Unser Team von erfahrenen Designern kombiniert Innovation, Ihre Individualit\u00e4t und Ihren Stil, um Produktl\u00f6sungen zu schaffen, die f\u00fcr Sie funktionieren. Wir k\u00f6nnen Care UK, Aston Villa Football Club und The Farmer&#8217;s Dog als einige unserer erfolgreichen Designs nennen.  <\/p>\n    <\/div>\n\r\n                                    <div class=\"buttons__wrap two-col-image-005__buttons  two-col-image-005__buttons--left\">\r\n                        \n                    <\/div>\r\n                            <\/div>\r\n        <\/div>\r\n    <\/div>\r\n<\/section>\n<section id=\"block_9cd938ef5e56a24c64d2ca62fd4081c9\" class=\"one-col-downloads-001 White top_small bottom_small\">\n    <div class=\"one-col-downloads-001__container container\">\n        \n    <h2 class=\"heading-001 heading-001--center one-col-downloads-001__heading\">\n        Laden Sie unsere Schritt-f\u00fcr-Schritt-Anleitung herunter    <\/h2>\n        \n        <div class=\"one-col-downloads-001__tabs\" data-tabs-select-wrap>\n            \n                        <div class=\"one-col-downloads-001__select-content-wrap\" data-tabs-select-content-wrap>\n                                    <div class=\"one-col-downloads-001__select-content active\" data-tabs-select-content=\"data-tab-0\">\n                        <div class=\"one-col-downloads-001__select-content-inner\">\n                                                            <ul class=\"one-col-downloads-001__list-files\">\n                                                                        <li>\n                                        <a href=\"https:\/\/www.churchill1795.com\/wp-content\/uploads\/2024\/08\/Churchill_Badging_Web_Document.pdf\" download class=\"one-col-downloads-001__list-file-link\">\n                                            <svg viewBox=\"0 0 15 15\" fill=\"none\" xmlns=\"http:\/\/www.w3.org\/2000\/svg\"  role=\"presentation\" class=\"one-col-downloads-001__list-file-link-icon\">\n<circle cx=\"7.5\" cy=\"7.5\" r=\"7.5\" fill=\"black\"\/>\n<path fill-rule=\"evenodd\" clip-rule=\"evenodd\" d=\"M3.40909 8C3.63503 8 3.81818 8.20664 3.81818 8.46154V10.5128C3.81818 10.6624 3.87086 10.8059 3.96463 10.9117C4.0584 11.0175 4.18557 11.0769 4.31818 11.0769H10.6818C10.8144 11.0769 10.9416 11.0175 11.0354 10.9117C11.1291 10.8059 11.1818 10.6624 11.1818 10.5128V8.46154C11.1818 8.20664 11.365 8 11.5909 8C11.8168 8 12 8.20664 12 8.46154V10.5128C12 10.9072 11.8611 11.2855 11.6139 11.5644C11.3667 11.8433 11.0314 12 10.6818 12H4.31818C3.96858 12 3.63329 11.8433 3.38609 11.5644C3.13888 11.2855 3 10.9072 3 10.5128V8.46154C3 8.20664 3.18316 8 3.40909 8Z\" fill=\"white\"\/>\n<path fill-rule=\"evenodd\" clip-rule=\"evenodd\" d=\"M7.90939 3.40909C7.90939 3.18316 7.72624 3 7.5003 3C7.27437 3 7.09121 3.18316 7.09121 3.40909V7.87617L5.51672 6.30168C5.35696 6.14192 5.09794 6.14192 4.93818 6.30168C4.77842 6.46144 4.77842 6.72046 4.93818 6.88022L7.21091 9.15295C7.30431 9.24635 7.43163 9.28514 7.55322 9.26934C7.5963 9.26377 7.63727 9.25151 7.67507 9.23362C7.69375 9.22479 7.7119 9.21447 7.72933 9.20265C7.7529 9.1867 7.77471 9.16836 7.79443 9.14797L10.0622 6.88022C10.2219 6.72046 10.2219 6.46144 10.0622 6.30168C9.90242 6.14192 9.64339 6.14192 9.48363 6.30168L7.90939 7.87592V3.40909Z\" fill=\"white\"\/>\n<\/svg>\n                                            <span class=\"one-col-downloads-001__list-file-name\">Individuelles Design<\/span>\n                                            <span class=\"one-col-downloads-001__list-file-size\">(0.30mb)<\/span>\n                                        <\/a>\n                                    <\/li>\n                                                                    <\/ul>\n                                                    <\/div>\n                    <\/div>\n                            <\/div>\n                    <\/div>\n\n    <\/div>\n<\/section>\n\r\n<section id=\"block_34173322d782d44e433baab9ea46f30f\" class=\"three-col-linkboxes-005 grau top_gro\u00df unten_gro\u00df\">\r\n    <div class=\"three-col-linkboxes-005__container container\">\r\n\r\n        \n    <h3 class=\"heading-001 heading-001--left three-col-linkboxes-005__heading\">\n        mehr erkunden    <\/h3>\n\r\n\r\n                  <div class=\"three-col-linkboxes-005__list three-col-linkboxes-005__list--simple three-col-linkboxes-005__list--3\" data-container=\".block_34173322d782d44e433baab9ea46f30f\" data-speed=\"800\" data-controls=\"false\" data-controlsposition=\"bottom\" data-timeout=\"5000\" data-autoplay=\"false\" data-nav=\"true\" data-arrows=\"true\" data-drag=\"true\" data-loop=\"true\" data-itemsxl=\"3\" data-itemslg=\"3\" data-itemsmd=\"2\" data-itemssm=\"1\">\r\n                              \r\n<div class=\"post-card-005 three-col-linkboxes-005__item\">\r\n    <div class=\"post-card-005__wrap\">\r\n        <div class=\"post-card-005__content-wrap\">\r\n            <div class=\"post-card-005__figure-wrap\">\r\n                \n\n            <figure class=\"image-001 post-card-005__figure\">\n            <img decoding=\"async\" class=\"image-001__img  post-card-005__image\" width=\"400\" height=\"400\" src=\"https:\/\/www.churchill1795.com\/wp-content\/uploads\/2024\/03\/TABLETOP-PALETTES-INDUSTRIAL-WARM-PATINAS-1440-x-672px.jpg\" alt=\"\" >\n        <\/figure>\n                                <\/div>\r\n            \n    <h4 class=\"heading-001 heading-001--center post-card-005__heading three-col-linkboxes-005__item-heading\">\n        \u00dcber uns    <\/h4>\n            \n        <\/div>\r\n\r\n\r\n                    <div class=\"buttons__wrap post-card-005__buttons\">\r\n                \n\n        \n        <a class=\"btn btn-001 btn-default btn-outlined btn-prim\u00e4r post-card-005__button\" href=\"\/about-us\" aria-label=\"Open page - Mehr erfahren\">\n                Mehr erfahren        <\/a>\n\n        \n            <\/div>\r\n        \r\n                    <a class=\"post-card-005__full-link\" href=\"\/about-us\" aria-label=\"\u00dcber uns\">\r\n                Mehr erfahren            <\/a>\r\n            <\/div>\r\n<\/div>                              \r\n<div class=\"post-card-005 three-col-linkboxes-005__item\">\r\n    <div class=\"post-card-005__wrap\">\r\n        <div class=\"post-card-005__content-wrap\">\r\n            <div class=\"post-card-005__figure-wrap\">\r\n                \n\n            <figure class=\"image-001 post-card-005__figure\">\n            <img decoding=\"async\" class=\"image-001__img  post-card-005__image\" width=\"400\" height=\"400\" src=\"https:\/\/www.churchill1795.com\/wp-content\/uploads\/2024\/03\/TABLETOP-PALETTES-RETRO-COLOUR-CLASHES-1440-x-672px.jpg\" alt=\"\" >\n        <\/figure>\n                                <\/div>\r\n            \n    <h4 class=\"heading-001 heading-001--center post-card-005__heading three-col-linkboxes-005__item-heading\">\n        Lassen Sie sich inspirieren    <\/h4>\n            \n        <\/div>\r\n\r\n\r\n                    <div class=\"buttons__wrap post-card-005__buttons\">\r\n                \n\n        \n        <a class=\"btn btn-001 btn-default btn-outlined btn-prim\u00e4r post-card-005__button\" href=\"\/inspiration\" aria-label=\"Open page - Mehr entdecken\">\n                Mehr entdecken        <\/a>\n\n        \n            <\/div>\r\n        \r\n                    <a class=\"post-card-005__full-link\" href=\"\/inspiration\" aria-label=\"Lassen Sie sich inspirieren\">\r\n                Mehr entdecken            <\/a>\r\n            <\/div>\r\n<\/div>                              \r\n<div class=\"post-card-005 three-col-linkboxes-005__item\">\r\n    <div class=\"post-card-005__wrap\">\r\n        <div class=\"post-card-005__content-wrap\">\r\n            <div class=\"post-card-005__figure-wrap\">\r\n                \n\n            <figure class=\"image-001 post-card-005__figure\">\n            <img decoding=\"async\" class=\"image-001__img  post-card-005__image\" width=\"400\" height=\"400\" src=\"https:\/\/www.churchill1795.com\/wp-content\/uploads\/2024\/03\/TABLETOP-PALETTES-RETRO-BOHO-WARMTH-1440-x-672px.jpg\" alt=\"\" >\n        <\/figure>\n                                <\/div>\r\n            \n    <h4 class=\"heading-001 heading-001--center post-card-005__heading three-col-linkboxes-005__item-heading\">\n        Kontaktieren Sie uns    <\/h4>\n            \n        <\/div>\r\n\r\n\r\n                    <div class=\"buttons__wrap post-card-005__buttons\">\r\n                \n\n        \n        <a class=\"btn btn-001 btn-default btn-outlined btn-prim\u00e4r post-card-005__button\" href=\"\/contact-us\" aria-label=\"Open page - Heute anfragen\">\n                Heute anfragen        <\/a>\n\n        \n            <\/div>\r\n        \r\n                    <a class=\"post-card-005__full-link\" href=\"\/contact-us\" aria-label=\"Kontaktieren Sie uns\">\r\n                Heute anfragen            <\/a>\r\n            <\/div>\r\n<\/div>                        <\/div>\r\n            <\/div>\r\n<\/section>","protected":false},"excerpt":{"rendered":"","protected":false},"author":681,"featured_media":51883,"parent":0,"menu_order":0,"comment_status":"closed","ping_status":"closed","template":"","meta":{"_acf_changed":false,"content-type":"","footnotes":""},"class_list":["post-48634","page","type-page","status-publish","has-post-thumbnail","hentry"],"acf":[],"yoast_head":"<!-- This site is optimized with the Yoast SEO plugin v27.3 - https:\/\/yoast.com\/product\/yoast-seo-wordpress\/ -->\n<title>Individuelles Design - Churchill<\/title>\n<meta name=\"robots\" content=\"index, follow, max-snippet:-1, max-image-preview:large, max-video-preview:-1\" \/>\n<link rel=\"canonical\" href=\"https:\/\/www.churchill1795.com\/de\/?page_id=48634\" \/>\n<meta property=\"og:locale\" content=\"de_DE\" \/>\n<meta property=\"og:type\" content=\"article\" \/>\n<meta property=\"og:title\" content=\"Individuelles Design - Churchill\" \/>\n<meta property=\"og:url\" content=\"https:\/\/www.churchill1795.com\/de\/?page_id=48634\" \/>\n<meta property=\"og:site_name\" content=\"Churchill\" \/>\n<meta property=\"article:modified_time\" content=\"2025-01-23T10:06:08+00:00\" \/>\n<meta name=\"twitter:card\" content=\"summary_large_image\" \/>\n<script type=\"application\/ld+json\" class=\"yoast-schema-graph\">{\"@context\":\"https:\\\/\\\/schema.org\",\"@graph\":[{\"@type\":\"WebPage\",\"@id\":\"https:\\\/\\\/www.churchill1795.com\\\/de\\\/?page_id=48634\",\"url\":\"https:\\\/\\\/www.churchill1795.com\\\/de\\\/?page_id=48634\",\"name\":\"Individuelles Design - Churchill\",\"isPartOf\":{\"@id\":\"https:\\\/\\\/www.churchill1795.com\\\/en\\\/#website\"},\"primaryImageOfPage\":{\"@id\":\"https:\\\/\\\/www.churchill1795.com\\\/de\\\/?page_id=48634#primaryimage\"},\"image\":{\"@id\":\"https:\\\/\\\/www.churchill1795.com\\\/de\\\/?page_id=48634#primaryimage\"},\"thumbnailUrl\":\"https:\\\/\\\/www.churchill1795.com\\\/wp-content\\\/uploads\\\/2025\\\/02\\\/Churchill-Whats-New-Spring-25-Banner.jpg\",\"datePublished\":\"2024-04-18T15:39:43+00:00\",\"dateModified\":\"2025-01-23T10:06:08+00:00\",\"breadcrumb\":{\"@id\":\"https:\\\/\\\/www.churchill1795.com\\\/de\\\/?page_id=48634#breadcrumb\"},\"inLanguage\":\"de\",\"potentialAction\":[{\"@type\":\"ReadAction\",\"target\":[\"https:\\\/\\\/www.churchill1795.com\\\/de\\\/?page_id=48634\"]}]},{\"@type\":\"ImageObject\",\"inLanguage\":\"de\",\"@id\":\"https:\\\/\\\/www.churchill1795.com\\\/de\\\/?page_id=48634#primaryimage\",\"url\":\"https:\\\/\\\/www.churchill1795.com\\\/wp-content\\\/uploads\\\/2025\\\/02\\\/Churchill-Whats-New-Spring-25-Banner.jpg\",\"contentUrl\":\"https:\\\/\\\/www.churchill1795.com\\\/wp-content\\\/uploads\\\/2025\\\/02\\\/Churchill-Whats-New-Spring-25-Banner.jpg\",\"width\":1800,\"height\":872},{\"@type\":\"BreadcrumbList\",\"@id\":\"https:\\\/\\\/www.churchill1795.com\\\/de\\\/?page_id=48634#breadcrumb\",\"itemListElement\":[{\"@type\":\"ListItem\",\"position\":1,\"name\":\"Home\",\"item\":\"https:\\\/\\\/www.churchill1795.com\\\/de\\\/\"},{\"@type\":\"ListItem\",\"position\":2,\"name\":\"Individuelles Design\"}]},{\"@type\":\"WebSite\",\"@id\":\"https:\\\/\\\/www.churchill1795.com\\\/en\\\/#website\",\"url\":\"https:\\\/\\\/www.churchill1795.com\\\/en\\\/\",\"name\":\"Churchill\",\"description\":\"Innovation, Passion &amp; expertise\",\"publisher\":{\"@id\":\"https:\\\/\\\/www.churchill1795.com\\\/en\\\/#organization\"},\"potentialAction\":[{\"@type\":\"SearchAction\",\"target\":{\"@type\":\"EntryPoint\",\"urlTemplate\":\"https:\\\/\\\/www.churchill1795.com\\\/en\\\/?s={search_term_string}\"},\"query-input\":{\"@type\":\"PropertyValueSpecification\",\"valueRequired\":true,\"valueName\":\"search_term_string\"}}],\"inLanguage\":\"de\"},{\"@type\":\"Organization\",\"@id\":\"https:\\\/\\\/www.churchill1795.com\\\/en\\\/#organization\",\"name\":\"Churchill\",\"url\":\"https:\\\/\\\/www.churchill1795.com\\\/en\\\/\",\"logo\":{\"@type\":\"ImageObject\",\"inLanguage\":\"de\",\"@id\":\"https:\\\/\\\/www.churchill1795.com\\\/en\\\/#\\\/schema\\\/logo\\\/image\\\/\",\"url\":\"https:\\\/\\\/www.churchill1795.com\\\/wp-content\\\/uploads\\\/2024\\\/09\\\/logo-1.webp\",\"contentUrl\":\"https:\\\/\\\/www.churchill1795.com\\\/wp-content\\\/uploads\\\/2024\\\/09\\\/logo-1.webp\",\"width\":240,\"height\":88,\"caption\":\"Churchill\"},\"image\":{\"@id\":\"https:\\\/\\\/www.churchill1795.com\\\/en\\\/#\\\/schema\\\/logo\\\/image\\\/\"}}]}<\/script>\n<!-- \/ Yoast SEO plugin. -->","yoast_head_json":{"title":"Individuelles Design - Churchill","robots":{"index":"index","follow":"follow","max-snippet":"max-snippet:-1","max-image-preview":"max-image-preview:large","max-video-preview":"max-video-preview:-1"},"canonical":"https:\/\/www.churchill1795.com\/de\/?page_id=48634","og_locale":"de_DE","og_type":"article","og_title":"Individuelles Design - Churchill","og_url":"https:\/\/www.churchill1795.com\/de\/?page_id=48634","og_site_name":"Churchill","article_modified_time":"2025-01-23T10:06:08+00:00","twitter_card":"summary_large_image","schema":{"@context":"https:\/\/schema.org","@graph":[{"@type":"WebPage","@id":"https:\/\/www.churchill1795.com\/de\/?page_id=48634","url":"https:\/\/www.churchill1795.com\/de\/?page_id=48634","name":"Individuelles Design - Churchill","isPartOf":{"@id":"https:\/\/www.churchill1795.com\/en\/#website"},"primaryImageOfPage":{"@id":"https:\/\/www.churchill1795.com\/de\/?page_id=48634#primaryimage"},"image":{"@id":"https:\/\/www.churchill1795.com\/de\/?page_id=48634#primaryimage"},"thumbnailUrl":"https:\/\/www.churchill1795.com\/wp-content\/uploads\/2025\/02\/Churchill-Whats-New-Spring-25-Banner.jpg","datePublished":"2024-04-18T15:39:43+00:00","dateModified":"2025-01-23T10:06:08+00:00","breadcrumb":{"@id":"https:\/\/www.churchill1795.com\/de\/?page_id=48634#breadcrumb"},"inLanguage":"de","potentialAction":[{"@type":"ReadAction","target":["https:\/\/www.churchill1795.com\/de\/?page_id=48634"]}]},{"@type":"ImageObject","inLanguage":"de","@id":"https:\/\/www.churchill1795.com\/de\/?page_id=48634#primaryimage","url":"https:\/\/www.churchill1795.com\/wp-content\/uploads\/2025\/02\/Churchill-Whats-New-Spring-25-Banner.jpg","contentUrl":"https:\/\/www.churchill1795.com\/wp-content\/uploads\/2025\/02\/Churchill-Whats-New-Spring-25-Banner.jpg","width":1800,"height":872},{"@type":"BreadcrumbList","@id":"https:\/\/www.churchill1795.com\/de\/?page_id=48634#breadcrumb","itemListElement":[{"@type":"ListItem","position":1,"name":"Home","item":"https:\/\/www.churchill1795.com\/de\/"},{"@type":"ListItem","position":2,"name":"Individuelles Design"}]},{"@type":"WebSite","@id":"https:\/\/www.churchill1795.com\/en\/#website","url":"https:\/\/www.churchill1795.com\/en\/","name":"Churchill","description":"Innovation, Passion &amp; expertise","publisher":{"@id":"https:\/\/www.churchill1795.com\/en\/#organization"},"potentialAction":[{"@type":"SearchAction","target":{"@type":"EntryPoint","urlTemplate":"https:\/\/www.churchill1795.com\/en\/?s={search_term_string}"},"query-input":{"@type":"PropertyValueSpecification","valueRequired":true,"valueName":"search_term_string"}}],"inLanguage":"de"},{"@type":"Organization","@id":"https:\/\/www.churchill1795.com\/en\/#organization","name":"Churchill","url":"https:\/\/www.churchill1795.com\/en\/","logo":{"@type":"ImageObject","inLanguage":"de","@id":"https:\/\/www.churchill1795.com\/en\/#\/schema\/logo\/image\/","url":"https:\/\/www.churchill1795.com\/wp-content\/uploads\/2024\/09\/logo-1.webp","contentUrl":"https:\/\/www.churchill1795.com\/wp-content\/uploads\/2024\/09\/logo-1.webp","width":240,"height":88,"caption":"Churchill"},"image":{"@id":"https:\/\/www.churchill1795.com\/en\/#\/schema\/logo\/image\/"}}]}},"_links":{"self":[{"href":"https:\/\/www.churchill1795.com\/de\/wp-json\/wp\/v2\/pages\/48634","targetHints":{"allow":["GET"]}}],"collection":[{"href":"https:\/\/www.churchill1795.com\/de\/wp-json\/wp\/v2\/pages"}],"about":[{"href":"https:\/\/www.churchill1795.com\/de\/wp-json\/wp\/v2\/types\/page"}],"author":[{"embeddable":true,"href":"https:\/\/www.churchill1795.com\/de\/wp-json\/wp\/v2\/users\/681"}],"replies":[{"embeddable":true,"href":"https:\/\/www.churchill1795.com\/de\/wp-json\/wp\/v2\/comments?post=48634"}],"version-history":[{"count":2,"href":"https:\/\/www.churchill1795.com\/de\/wp-json\/wp\/v2\/pages\/48634\/revisions"}],"predecessor-version":[{"id":48636,"href":"https:\/\/www.churchill1795.com\/de\/wp-json\/wp\/v2\/pages\/48634\/revisions\/48636"}],"wp:featuredmedia":[{"embeddable":true,"href":"https:\/\/www.churchill1795.com\/de\/wp-json\/wp\/v2\/media\/51883"}],"wp:attachment":[{"href":"https:\/\/www.churchill1795.com\/de\/wp-json\/wp\/v2\/media?parent=48634"}],"curies":[{"name":"wp","href":"https:\/\/api.w.org\/{rel}","templated":true}]}}